{"id":1026,"date":"2022-09-26T15:20:18","date_gmt":"2022-09-26T13:20:18","guid":{"rendered":"https:\/\/indbg.creativweb.be\/?page_id=1026"},"modified":"2026-01-09T16:01:29","modified_gmt":"2026-01-09T15:01:29","slug":"prevention-du-harcelement","status":"publish","type":"page","link":"https:\/\/indbg.be\/secondaire\/specificites\/prevention-du-harcelement\/","title":{"rendered":"Pr\u00e9vention du (cyber)harc\u00e8lement"},"content":{"rendered":"\t\t<div data-elementor-type=\"wp-page\" data-elementor-id=\"1026\" class=\"elementor elementor-1026\">\n\t\t\t\t\t\t<div class=\"elementor-inner\">\n\t\t\t\t<div class=\"elementor-section-wrap\">\n\t\t\t\t\t\t\t\t\t<section class=\"elementor-section elementor-top-section elementor-element elementor-element-48a8131 elementor-section-boxed elementor-section-height-default elementor-section-height-default\" data-id=\"48a8131\" data-element_type=\"section\">\n\t\t\t\t\t\t<div class=\"elementor-container elementor-column-gap-default\">\n\t\t\t\t\t\t\t<div class=\"elementor-row\">\n\t\t\t\t\t<div class=\"elementor-column elementor-col-100 elementor-top-column elementor-element elementor-element-52ca7b29\" data-id=\"52ca7b29\" data-element_type=\"column\">\n\t\t\t<div class=\"elementor-column-wrap elementor-element-populated\">\n\t\t\t\t\t\t\t<div class=\"elementor-widget-wrap\">\n\t\t\t\t\t\t<div class=\"elementor-element elementor-element-15ea7fcd elementor-widget elementor-widget-text-editor\" data-id=\"15ea7fcd\" data-element_type=\"widget\" data-widget_type=\"text-editor.default\">\n\t\t\t\t<div class=\"elementor-widget-container\">\n\t\t\t\t\t\t\t\t<div class=\"elementor-text-editor elementor-clearfix\">\n\t\t\t\t<p>Le bien-\u00eatre des jeunes \u00e0 l\u2019\u00e9cole est la priorit\u00e9 de tous les acteurs de l\u2019enseignement. Dans ce sens, nos \u00e9quipes p\u00e9dagogiques \u0153uvrent chaque jour afin de cr\u00e9er un climat positif et serein dans lequel chaque jeune peut s\u2019\u00e9panouir.\u00a0<\/p>\n<p><!-- \/wp:paragraph --><!-- wp:paragraph --><\/p>\n<p>Outre l\u2019\u00e9coute, la discussion et la bienveillance, nos \u00e9ducateurs et nos enseignants m\u00e8nent toute une s\u00e9rie d\u2019actions afin de pr\u00e9venir le (cyber)harc\u00e8lement scolaire.\u00a0<\/p>\n<p><!-- \/wp:paragraph --><!-- wp:paragraph --><\/p>\n<p>Avant de vous les pr\u00e9senter, nous souhaitons vous rappeler que l\u2019ensemble des membres de l\u2019\u00e9quipe \u00e9ducative est disponible pour discuter en cas de probl\u00e8me.\u00a0<\/p>\n<p><!-- \/wp:paragraph --><!-- wp:paragraph --><\/p>\n<p><strong>El\u00e8ves (victimes ou t\u00e9moins), parents, amis, il faut nous en parler !\u00a0<\/strong><\/p>\n<p><!-- \/wp:paragraph --><!-- wp:paragraph --><\/p>\n<ul>\n<li><strong>Animation de sensibilisation (1\u00e8re)<\/strong><\/li>\n<\/ul>\n<p><!-- \/wp:paragraph --><!-- wp:paragraph --><\/p>\n<p>Chaque ann\u00e9e, Monsieur Lallemand et Monsieur Bado organisent une s\u00e9ance d\u2019information et de sensibilisation sur le (cyber)harc\u00e8lement.\u00a0<\/p>\n<p><!-- \/wp:paragraph --><!-- wp:paragraph --><\/p>\n<h5><strong>Au programme ?\u00a0<\/strong><\/h5>\n<p><!-- \/wp:paragraph --><!-- wp:paragraph --><\/p>\n<p>La d\u00e9finition et l\u2019identification des acteurs ;\u00a0<\/p>\n<p><!-- \/wp:paragraph --><!-- wp:paragraph --><\/p>\n<p>La d\u00e9finition du harc\u00e8lement ;\u00a0<\/p>\n<p><!-- \/wp:paragraph --><!-- wp:paragraph --><\/p>\n<p>Les cons\u00e9quences ;\u00a0<\/p>\n<p><!-- \/wp:paragraph --><!-- wp:paragraph --><\/p>\n<p>Les r\u00e9actions \u00e0 adopter ;<\/p>\n<p><!-- \/wp:paragraph --><!-- wp:paragraph --><\/p>\n<p>Un partage d\u2019exp\u00e9rience.\u00a0<\/p>\n<p><!-- \/wp:paragraph --><!-- wp:paragraph --><\/p>\n<p>L\u2019objectif est de sensibiliser sur le r\u00f4le que chacun peut jouer pour faire cesser ces pratiques nocives en milieu scolaire.<\/p>\n<p><!-- \/wp:paragraph --><!-- wp:paragraph --><\/p>\n<ul>\n<li><strong>Lecture d\u2019un livre en 2\u00e8me<\/strong>\u00a0<\/li>\n<\/ul>\n<p><!-- \/wp:paragraph --><!-- wp:paragraph --><\/p>\n<p>Dans la continuit\u00e9 de l\u2019information qui se d\u00e9roule en premi\u00e8re ann\u00e9e, les \u00e9l\u00e8ves de 2\u00e8 lisent et exploitent un livre traitant de ce sujet au cours de fran\u00e7ais.\u00a0<\/p>\n<p><!-- \/wp:paragraph --><!-- wp:paragraph --><\/p>\n<p>Cette approche permet aux \u00e9l\u00e8ves de se glisser dans une situation r\u00e9elle de harc\u00e8lement.\u00a0<\/p>\n<p><!-- \/wp:paragraph --><!-- wp:paragraph --><\/p>\n<ul>\n<li><strong>Bo\u00eete \u201cnoire\u201d<\/strong><\/li>\n<\/ul>\n<p><!-- \/wp:paragraph --><!-- wp:paragraph --><\/p>\n<p>Une boite aux lettres noire est plac\u00e9e pr\u00e8s de la photocopieuse (pr\u00e8s du bureau des \u00e9ducateurs) afin de permettre aux \u00e9l\u00e8ves t\u00e9moins ou victimes de d\u00e9poser un petit mot pour rapporter les probl\u00e8mes rencontr\u00e9s de fa\u00e7on discr\u00e8te.\u00a0<\/p>\n<p><!-- \/wp:paragraph --><!-- wp:paragraph --><\/p>\n<p>D\u00e8s r\u00e9ception de ces mots, les \u00e9ducateurs g\u00e8rent les situations en tenant inform\u00e9s les parents dans la foul\u00e9e.\u00a0<\/p>\n<ul>\n<li><strong>Groupes de parole r\u00e9gul\u00e9e<\/strong><\/li>\n<\/ul>\n<p>Afin de pr\u00e9venir les situations compliqu\u00e9es, des groupes de parole r\u00e9gul\u00e9e sont organis\u00e9es dans les classes.\u00a0<\/p>\n<h5><strong>L\u2019objectif ?\u00a0<\/strong><\/h5>\n<p>Exprimer ses \u00e9motions en parlant aux autres \u00e9l\u00e8ves de ce qu\u2019on ressent par rapport \u00e0 diff\u00e9rentes situations.\u00a0<\/p>\n<p>Ainsi, l\u2019empathie des autres \u00e9l\u00e8ves est d\u00e9velopp\u00e9e et les solutions aux probl\u00e8mes sont propos\u00e9es par le groupe.\u00a0<\/p>\n<p><!-- \/wp:paragraph --><\/p>\t\t\t\t\t<\/div>\n\t\t\t\t\t\t<\/div>\n\t\t\t\t<\/div>\n\t\t\t\t<div class=\"elementor-element elementor-element-31e0493 elementor-widget elementor-widget-image\" data-id=\"31e0493\" data-element_type=\"widget\" data-widget_type=\"image.default\">\n\t\t\t\t<div class=\"elementor-widget-container\">\n\t\t\t\t\t\t\t\t<div class=\"elementor-image\">\n\t\t\t\t\t\t\t\t\t\t\t\t<img loading=\"lazy\" decoding=\"async\" width=\"300\" height=\"212\" src=\"https:\/\/indbg.be\/secondaire\/wp-content\/uploads\/2022\/11\/1-2021_12_22-16_55_26-UTC-300x212.png\" class=\"attachment-medium size-medium\" alt=\"\" srcset=\"https:\/\/indbg.be\/secondaire\/wp-content\/uploads\/2022\/11\/1-2021_12_22-16_55_26-UTC-300x212.png 300w, https:\/\/indbg.be\/secondaire\/wp-content\/uploads\/2022\/11\/1-2021_12_22-16_55_26-UTC-1024x724.png 1024w, https:\/\/indbg.be\/secondaire\/wp-content\/uploads\/2022\/11\/1-2021_12_22-16_55_26-UTC-100x71.png 100w, https:\/\/indbg.be\/secondaire\/wp-content\/uploads\/2022\/11\/1-2021_12_22-16_55_26-UTC-1536x1086.png 1536w, https:\/\/indbg.be\/secondaire\/wp-content\/uploads\/2022\/11\/1-2021_12_22-16_55_26-UTC.png 2000w, https:\/\/indbg.be\/secondaire\/wp-content\/uploads\/2022\/11\/1-2021_12_22-16_55_26-UTC-150x106.png 150w\" sizes=\"auto, (max-width: 300px) 100vw, 300px\" \/>\t\t\t\t\t\t\t\t\t\t\t\t\t\t<\/div>\n\t\t\t\t\t\t<\/div>\n\t\t\t\t<\/div>\n\t\t\t\t\t\t<\/div>\n\t\t\t\t\t<\/div>\n\t\t<\/div>\n\t\t\t\t\t\t\t\t<\/div>\n\t\t\t\t\t<\/div>\n\t\t<\/section>\n\t\t\t\t\t\t\t\t\t<\/div>\n\t\t\t<\/div>\n\t\t\t\t\t<\/div>\n\t\t","protected":false},"excerpt":{"rendered":"<p>Le bien-\u00eatre des jeunes \u00e0 l\u2019\u00e9cole est la priorit\u00e9 de tous les acteurs de l\u2019enseignement. Dans ce sens, nos \u00e9quipes p\u00e9dagogiques \u0153uvrent chaque jour afin&nbsp;<a href=\"https:\/\/indbg.be\/secondaire\/specificites\/prevention-du-harcelement\/\">&hellip;<\/a><\/p>\n","protected":false},"author":1,"featured_media":0,"parent":958,"menu_order":9,"comment_status":"closed","ping_status":"closed","template":"template-sidebar-right-childpages.php","meta":{"footnotes":""},"class_list":["post-1026","page","type-page","status-publish","hentry","odd"],"yoast_head":"<!-- This site is optimized with the Yoast SEO plugin v19.10 - https:\/\/yoast.com\/wordpress\/plugins\/seo\/ -->\n<title>Pr\u00e9vention du (cyber)harc\u00e8lement - Institut Notre-Dame Beauraing<\/title>\n<meta name=\"robots\" content=\"noindex, follow, max-snippet:-1, max-image-preview:large, max-video-preview:-1\" \/>\n<meta property=\"og:locale\" content=\"fr_FR\" \/>\n<meta property=\"og:type\" content=\"article\" \/>\n<meta property=\"og:title\" content=\"Pr\u00e9vention du (cyber)harc\u00e8lement - Institut Notre-Dame Beauraing\" \/>\n<meta property=\"og:description\" content=\"Le bien-\u00eatre des jeunes \u00e0 l\u2019\u00e9cole est la priorit\u00e9 de tous les acteurs de l\u2019enseignement. Dans ce sens, nos \u00e9quipes p\u00e9dagogiques \u0153uvrent chaque jour afin&nbsp;&hellip;\" \/>\n<meta property=\"og:url\" content=\"https:\/\/indbg.be\/secondaire\/specificites\/prevention-du-harcelement\/\" \/>\n<meta property=\"og:site_name\" content=\"Institut Notre-Dame Beauraing\" \/>\n<meta property=\"article:modified_time\" content=\"2026-01-09T15:01:29+00:00\" \/>\n<meta property=\"og:image\" content=\"https:\/\/indbg.be\/secondaire\/wp-content\/uploads\/2022\/11\/1-2021_12_22-16_55_26-UTC-300x212.png\" \/>\n<meta name=\"twitter:card\" content=\"summary_large_image\" \/>\n<meta name=\"twitter:label1\" content=\"Dur\u00e9e de lecture estim\u00e9e\" \/>\n\t<meta name=\"twitter:data1\" content=\"2 minutes\" \/>\n<script type=\"application\/ld+json\" class=\"yoast-schema-graph\">{\"@context\":\"https:\/\/schema.org\",\"@graph\":[{\"@type\":\"WebPage\",\"@id\":\"https:\/\/indbg.be\/secondaire\/specificites\/prevention-du-harcelement\/\",\"url\":\"https:\/\/indbg.be\/secondaire\/specificites\/prevention-du-harcelement\/\",\"name\":\"Pr\u00e9vention du (cyber)harc\u00e8lement - Institut Notre-Dame Beauraing\",\"isPartOf\":{\"@id\":\"https:\/\/indbg.be\/secondaire\/#website\"},\"datePublished\":\"2022-09-26T13:20:18+00:00\",\"dateModified\":\"2026-01-09T15:01:29+00:00\",\"breadcrumb\":{\"@id\":\"https:\/\/indbg.be\/secondaire\/specificites\/prevention-du-harcelement\/#breadcrumb\"},\"inLanguage\":\"fr-FR\",\"potentialAction\":[{\"@type\":\"ReadAction\",\"target\":[\"https:\/\/indbg.be\/secondaire\/specificites\/prevention-du-harcelement\/\"]}]},{\"@type\":\"BreadcrumbList\",\"@id\":\"https:\/\/indbg.be\/secondaire\/specificites\/prevention-du-harcelement\/#breadcrumb\",\"itemListElement\":[{\"@type\":\"ListItem\",\"position\":1,\"name\":\"Accueil\",\"item\":\"https:\/\/indbg.be\/secondaire\/\"},{\"@type\":\"ListItem\",\"position\":2,\"name\":\"Sp\u00e9cificit\u00e9s\",\"item\":\"https:\/\/indbg.be\/secondaire\/specificites\/\"},{\"@type\":\"ListItem\",\"position\":3,\"name\":\"Pr\u00e9vention du (cyber)harc\u00e8lement\"}]},{\"@type\":\"WebSite\",\"@id\":\"https:\/\/indbg.be\/secondaire\/#website\",\"url\":\"https:\/\/indbg.be\/secondaire\/\",\"name\":\"Institut Notre-Dame Beauraing\",\"description\":\"Une porte sur l&#039;avenir\",\"publisher\":{\"@id\":\"https:\/\/indbg.be\/secondaire\/#organization\"},\"potentialAction\":[{\"@type\":\"SearchAction\",\"target\":{\"@type\":\"EntryPoint\",\"urlTemplate\":\"https:\/\/indbg.be\/secondaire\/?s={search_term_string}\"},\"query-input\":\"required name=search_term_string\"}],\"inLanguage\":\"fr-FR\"},{\"@type\":\"Organization\",\"@id\":\"https:\/\/indbg.be\/secondaire\/#organization\",\"name\":\"Institut Notre-Dame Beauraing\",\"url\":\"https:\/\/indbg.be\/secondaire\/\",\"logo\":{\"@type\":\"ImageObject\",\"inLanguage\":\"fr-FR\",\"@id\":\"https:\/\/indbg.be\/secondaire\/#\/schema\/logo\/image\/\",\"url\":\"https:\/\/indbg.be\/secondaire\/wp-content\/uploads\/2022\/09\/LOGO_150px.png\",\"contentUrl\":\"https:\/\/indbg.be\/secondaire\/wp-content\/uploads\/2022\/09\/LOGO_150px.png\",\"width\":150,\"height\":91,\"caption\":\"Institut Notre-Dame Beauraing\"},\"image\":{\"@id\":\"https:\/\/indbg.be\/secondaire\/#\/schema\/logo\/image\/\"}}]}<\/script>\n<!-- \/ Yoast SEO plugin. -->","yoast_head_json":{"title":"Pr\u00e9vention du (cyber)harc\u00e8lement - Institut Notre-Dame Beauraing","robots":{"index":"noindex","follow":"follow","max-snippet":"max-snippet:-1","max-image-preview":"max-image-preview:large","max-video-preview":"max-video-preview:-1"},"og_locale":"fr_FR","og_type":"article","og_title":"Pr\u00e9vention du (cyber)harc\u00e8lement - Institut Notre-Dame Beauraing","og_description":"Le bien-\u00eatre des jeunes \u00e0 l\u2019\u00e9cole est la priorit\u00e9 de tous les acteurs de l\u2019enseignement. Dans ce sens, nos \u00e9quipes p\u00e9dagogiques \u0153uvrent chaque jour afin&nbsp;&hellip;","og_url":"https:\/\/indbg.be\/secondaire\/specificites\/prevention-du-harcelement\/","og_site_name":"Institut Notre-Dame Beauraing","article_modified_time":"2026-01-09T15:01:29+00:00","og_image":[{"url":"https:\/\/indbg.be\/secondaire\/wp-content\/uploads\/2022\/11\/1-2021_12_22-16_55_26-UTC-300x212.png"}],"twitter_card":"summary_large_image","twitter_misc":{"Dur\u00e9e de lecture estim\u00e9e":"2 minutes"},"schema":{"@context":"https:\/\/schema.org","@graph":[{"@type":"WebPage","@id":"https:\/\/indbg.be\/secondaire\/specificites\/prevention-du-harcelement\/","url":"https:\/\/indbg.be\/secondaire\/specificites\/prevention-du-harcelement\/","name":"Pr\u00e9vention du (cyber)harc\u00e8lement - Institut Notre-Dame Beauraing","isPartOf":{"@id":"https:\/\/indbg.be\/secondaire\/#website"},"datePublished":"2022-09-26T13:20:18+00:00","dateModified":"2026-01-09T15:01:29+00:00","breadcrumb":{"@id":"https:\/\/indbg.be\/secondaire\/specificites\/prevention-du-harcelement\/#breadcrumb"},"inLanguage":"fr-FR","potentialAction":[{"@type":"ReadAction","target":["https:\/\/indbg.be\/secondaire\/specificites\/prevention-du-harcelement\/"]}]},{"@type":"BreadcrumbList","@id":"https:\/\/indbg.be\/secondaire\/specificites\/prevention-du-harcelement\/#breadcrumb","itemListElement":[{"@type":"ListItem","position":1,"name":"Accueil","item":"https:\/\/indbg.be\/secondaire\/"},{"@type":"ListItem","position":2,"name":"Sp\u00e9cificit\u00e9s","item":"https:\/\/indbg.be\/secondaire\/specificites\/"},{"@type":"ListItem","position":3,"name":"Pr\u00e9vention du (cyber)harc\u00e8lement"}]},{"@type":"WebSite","@id":"https:\/\/indbg.be\/secondaire\/#website","url":"https:\/\/indbg.be\/secondaire\/","name":"Institut Notre-Dame Beauraing","description":"Une porte sur l&#039;avenir","publisher":{"@id":"https:\/\/indbg.be\/secondaire\/#organization"},"potentialAction":[{"@type":"SearchAction","target":{"@type":"EntryPoint","urlTemplate":"https:\/\/indbg.be\/secondaire\/?s={search_term_string}"},"query-input":"required name=search_term_string"}],"inLanguage":"fr-FR"},{"@type":"Organization","@id":"https:\/\/indbg.be\/secondaire\/#organization","name":"Institut Notre-Dame Beauraing","url":"https:\/\/indbg.be\/secondaire\/","logo":{"@type":"ImageObject","inLanguage":"fr-FR","@id":"https:\/\/indbg.be\/secondaire\/#\/schema\/logo\/image\/","url":"https:\/\/indbg.be\/secondaire\/wp-content\/uploads\/2022\/09\/LOGO_150px.png","contentUrl":"https:\/\/indbg.be\/secondaire\/wp-content\/uploads\/2022\/09\/LOGO_150px.png","width":150,"height":91,"caption":"Institut Notre-Dame Beauraing"},"image":{"@id":"https:\/\/indbg.be\/secondaire\/#\/schema\/logo\/image\/"}}]}},"_links":{"self":[{"href":"https:\/\/indbg.be\/secondaire\/wp-json\/wp\/v2\/pages\/1026","targetHints":{"allow":["GET"]}}],"collection":[{"href":"https:\/\/indbg.be\/secondaire\/wp-json\/wp\/v2\/pages"}],"about":[{"href":"https:\/\/indbg.be\/secondaire\/wp-json\/wp\/v2\/types\/page"}],"author":[{"embeddable":true,"href":"https:\/\/indbg.be\/secondaire\/wp-json\/wp\/v2\/users\/1"}],"replies":[{"embeddable":true,"href":"https:\/\/indbg.be\/secondaire\/wp-json\/wp\/v2\/comments?post=1026"}],"version-history":[{"count":21,"href":"https:\/\/indbg.be\/secondaire\/wp-json\/wp\/v2\/pages\/1026\/revisions"}],"predecessor-version":[{"id":3465,"href":"https:\/\/indbg.be\/secondaire\/wp-json\/wp\/v2\/pages\/1026\/revisions\/3465"}],"up":[{"embeddable":true,"href":"https:\/\/indbg.be\/secondaire\/wp-json\/wp\/v2\/pages\/958"}],"wp:attachment":[{"href":"https:\/\/indbg.be\/secondaire\/wp-json\/wp\/v2\/media?parent=1026"}],"curies":[{"name":"wp","href":"https:\/\/api.w.org\/{rel}","templated":true}]}}