{"id":1090,"date":"2022-09-27T15:53:26","date_gmt":"2022-09-27T13:53:26","guid":{"rendered":"https:\/\/indbg.creativweb.be\/?page_id=1090"},"modified":"2026-01-13T14:17:20","modified_gmt":"2026-01-13T13:17:20","slug":"inscription-en-1ere-annee","status":"publish","type":"page","link":"https:\/\/indbg.be\/secondaire\/comment-sinscrire\/inscription-en-1ere-annee\/","title":{"rendered":"Inscription en 1\u00e8re ann\u00e9e"},"content":{"rendered":"\t\t<div data-elementor-type=\"wp-page\" data-elementor-id=\"1090\" class=\"elementor elementor-1090\">\n\t\t\t\t\t\t<div class=\"elementor-inner\">\n\t\t\t\t<div class=\"elementor-section-wrap\">\n\t\t\t\t\t\t\t\t\t<section class=\"elementor-section elementor-top-section elementor-element elementor-element-1d710b03 elementor-section-boxed elementor-section-height-default elementor-section-height-default\" data-id=\"1d710b03\" data-element_type=\"section\">\n\t\t\t\t\t\t<div class=\"elementor-container elementor-column-gap-default\">\n\t\t\t\t\t\t\t<div class=\"elementor-row\">\n\t\t\t\t\t<div class=\"elementor-column elementor-col-100 elementor-top-column elementor-element elementor-element-5f675e92\" data-id=\"5f675e92\" data-element_type=\"column\">\n\t\t\t<div class=\"elementor-column-wrap elementor-element-populated\">\n\t\t\t\t\t\t\t<div class=\"elementor-widget-wrap\">\n\t\t\t\t\t\t<div class=\"elementor-element elementor-element-1b13c91c elementor-widget elementor-widget-text-editor\" data-id=\"1b13c91c\" data-element_type=\"widget\" data-widget_type=\"text-editor.default\">\n\t\t\t\t<div class=\"elementor-widget-container\">\n\t\t\t\t\t\t\t\t<div class=\"elementor-text-editor elementor-clearfix\">\n\t\t\t\t<p>Votre enfant va terminer sa 6\u00e8me primaire. Il va donc r\u00e9aliser le grand saut dans l&#8217;enseignement secondaire ! Pas de panique, nos \u00e9quipes sont l\u00e0 pour vous aider.<\/p>\n<p><!-- \/wp:paragraph --><\/p>\n<p><!-- wp:paragraph --><\/p>\n<p>Notre \u00e9cole est une \u00e9cole familiale, avec un enseignement de qualit\u00e9, des grilles de programmes attractives ainsi qu\u2019un accompagnement personnalis\u00e9. C\u2019est \u00e9galement une \u00e9cole de proximit\u00e9, situ\u00e9e au c\u0153ur de notre belle r\u00e9gion.<\/p>\n<p><!-- \/wp:paragraph --><\/p>\n<p><!-- wp:paragraph --><\/p>\n<p>Faites le bon choix si vous souhaitez un accompagnement personnalis\u00e9 pour votre enfant !<\/p>\n<p><!-- \/wp:paragraph --><\/p>\n<p><!-- wp:paragraph --><\/p>\n<p>Inscrivez INSTITUT NOTRE-DAME comme premier choix pour votre enfant.<\/p>\n<p><!-- \/wp:paragraph --><\/p>\n<p><!-- wp:paragraph --><\/p>\n<p><strong>Comment s\u2019inscrire en premi\u00e8re ann\u00e9e de l\u2019enseignement secondaire pour l\u2019ann\u00e9e scolaire 2026-2027 ?<\/strong><\/p>\n<p><!-- \/wp:paragraph --><\/p>\n<p><!-- wp:paragraph --><\/p>\n<p><strong>Janvier 2026<\/strong><\/p>\n<p><!-- \/wp:paragraph --><\/p>\n<p><!-- wp:paragraph --><\/p>\n<p>Votre \u00e9cole fondamentale va vous remettre<\/p>\n<p><!-- \/wp:paragraph --><\/p>\n<p><!-- wp:list --><\/p>\n<ul>\n<li style=\"list-style-type: none;\">\n<ul><!-- wp:list-item --><\/ul>\n<\/li>\n<\/ul>\n<ul>\n<li style=\"list-style-type: none;\">\n<ul>\n<li>un formulaire unique d\u2019inscription (FUI) ;<\/li>\n<\/ul>\n<\/li>\n<\/ul>\n<p><!-- \/wp:list-item --><\/p>\n<p><!-- wp:list-item --><\/p>\n<ul>\n<li style=\"list-style-type: none;\">\n<ul>\n<li>une attestation reprenant la date d\u2019inscription dans l\u2019\u00e9cole fondamentale.<\/li>\n<\/ul>\n<\/li>\n<\/ul>\n<p><!-- \/wp:list-item --><\/p>\n<p><!-- \/wp:list --><\/p>\n<p><!-- wp:paragraph --><\/p>\n<p><strong>Janvier &#8211; f\u00e9vrier 2026<\/strong><\/p>\n<p><!-- \/wp:paragraph --><\/p>\n<p><!-- wp:paragraph --><\/p>\n<p>Les parents doivent :<\/p>\n<p><!-- \/wp:paragraph --><\/p>\n<p><!-- wp:list --><\/p>\n<ul>\n<li style=\"list-style-type: none;\">\n<ul><!-- wp:list-item --><\/ul>\n<\/li>\n<\/ul>\n<ul>\n<li style=\"list-style-type: none;\">\n<ul>\n<li>v\u00e9rifier les donn\u00e9es reprises, les corriger le cas \u00e9ch\u00e9ant ;<\/li>\n<\/ul>\n<\/li>\n<\/ul>\n<p><!-- \/wp:list-item --><\/p>\n<p><!-- wp:list-item --><\/p>\n<ul>\n<li style=\"list-style-type: none;\">\n<ul>\n<li>compl\u00e9ter la partie reprenant les \u00e9coles secondaires choisies (maximum 10) ;<\/li>\n<\/ul>\n<\/li>\n<\/ul>\n<p><!-- \/wp:list-item --><\/p>\n<p><!-- wp:list-item --><\/p>\n<ul>\n<li style=\"list-style-type: none;\">\n<ul>\n<li>fermer le document en laissant visible uniquement l\u2019\u00e9cole de la premi\u00e8re pr\u00e9f\u00e9rence.<\/li>\n<\/ul>\n<\/li>\n<\/ul>\n<p><!-- \/wp:list-item --><\/p>\n<p><!-- \/wp:list --><\/p>\n<p><!-- wp:paragraph --><\/p>\n<p><strong>Quelles sont les p\u00e9riodes d\u2019inscription ?\u00a0<\/strong><\/p>\n<p><!-- \/wp:paragraph --><\/p>\n<p><!-- wp:paragraph --><\/p>\n<div style=\"font-family: arial, sans-serif;\"><span style=\"font-family: Montserrat;\">Premi\u00e8re p\u00e9riode d&#8217;inscription : du <strong>02 f\u00e9vrier 2026 au 06 mars 2026.\u00a0<\/strong><\/span><br \/><span style=\"font-family: Montserrat;\">Reprise des inscriptions le lundi<strong>\u00a020 avril 2026<\/strong>.<\/span><\/div>\n<p><!-- \/wp:paragraph --><\/p>\n<p><!-- wp:paragraph --><\/p>\n<p>Les parents d\u00e9posent le formulaire dans l\u2019\u00e9cole du premier choix.<\/p>\n<p>\u00a0<\/p>\n<p dir=\"auto\"><b>04 f\u00e9vrier \u00e0 16h et 18h00 : Soir\u00e9e d&#8217;information au restaurant de l&#8217;\u00e9cole, juste apr\u00e8s la chasse au tr\u00e9sor<\/b><\/p>\n<p dir=\"auto\">Outre une pr\u00e9sentation de l&#8217;\u00e9cole et de son fonctionnement, nous vous proposerons de rencontrer des professeurs du premier degr\u00e9 et de poser vos questions.<\/p>\n<div dir=\"auto\">\n<div dir=\"auto\">\n<p>Pour participer \u00e0 l\u2019une de ces soir\u00e9es, nous vous demandons de vous inscrire au 082\/71.02.20 ou \u00e0\u00a0<a href=\"mailto:secretariat@indbg.be\" target=\"_blank\" rel=\"noopener\">secretariat@indbg.be<\/a><\/p>\n<\/div>\n<\/div>\n<figure><\/figure>\n<p><!-- \/wp:embed --><\/p>\t\t\t\t\t<\/div>\n\t\t\t\t\t\t<\/div>\n\t\t\t\t<\/div>\n\t\t\t\t\t\t<\/div>\n\t\t\t\t\t<\/div>\n\t\t<\/div>\n\t\t\t\t\t\t\t\t<\/div>\n\t\t\t\t\t<\/div>\n\t\t<\/section>\n\t\t\t\t<section class=\"elementor-section elementor-top-section elementor-element elementor-element-602ee89 elementor-section-boxed elementor-section-height-default elementor-section-height-default\" data-id=\"602ee89\" data-element_type=\"section\">\n\t\t\t\t\t\t<div class=\"elementor-container elementor-column-gap-default\">\n\t\t\t\t\t\t\t<div class=\"elementor-row\">\n\t\t\t\t\t<div class=\"elementor-column elementor-col-100 elementor-top-column elementor-element elementor-element-bce8dc0\" data-id=\"bce8dc0\" data-element_type=\"column\">\n\t\t\t<div class=\"elementor-column-wrap elementor-element-populated\">\n\t\t\t\t\t\t\t<div class=\"elementor-widget-wrap\">\n\t\t\t\t\t\t<div class=\"elementor-element elementor-element-c7e0fce elementor-widget elementor-widget-heading\" data-id=\"c7e0fce\" data-element_type=\"widget\" data-widget_type=\"heading.default\">\n\t\t\t\t<div class=\"elementor-widget-container\">\n\t\t\t<h5 class=\"elementor-heading-title elementor-size-large\">Pour d\u00e9couvrir l'\u00e9cole, <br>viens participer \u00e0 notre chasse aux tr\u00e9sors ! <br><br>Sur inscription, le mercredi 04 f\u00e9vrier \u00e0 13h.<br>Informations pratiques \u00e0 suivre sur notre page Facebook \/ Instagram ...<\/h5>\t\t<\/div>\n\t\t\t\t<\/div>\n\t\t\t\t<div class=\"elementor-element elementor-element-73c3e1b elementor-arrows-position-inside elementor-pagination-position-outside elementor-widget elementor-widget-image-carousel\" data-id=\"73c3e1b\" data-element_type=\"widget\" data-settings=\"{&quot;slides_to_show&quot;:&quot;1&quot;,&quot;navigation&quot;:&quot;both&quot;,&quot;autoplay&quot;:&quot;yes&quot;,&quot;pause_on_hover&quot;:&quot;yes&quot;,&quot;pause_on_interaction&quot;:&quot;yes&quot;,&quot;autoplay_speed&quot;:5000,&quot;infinite&quot;:&quot;yes&quot;,&quot;effect&quot;:&quot;slide&quot;,&quot;speed&quot;:500}\" data-widget_type=\"image-carousel.default\">\n\t\t\t\t<div class=\"elementor-widget-container\">\n\t\t\t\t\t<div class=\"elementor-image-carousel-wrapper swiper-container\" dir=\"ltr\">\n\t\t\t<div class=\"elementor-image-carousel swiper-wrapper\">\n\t\t\t\t\t\t\t\t<div class=\"swiper-slide\"><figure class=\"swiper-slide-inner\"><img decoding=\"async\" class=\"swiper-slide-image\" src=\"https:\/\/indbg.be\/secondaire\/wp-content\/uploads\/2022\/11\/P1470866-scaled-420x420.jpg\" alt=\"Chasse aux tr\u00e9sors\" \/><figcaption class=\"elementor-image-carousel-caption\">Chasse aux tr\u00e9sors<\/figcaption><\/figure><\/div><div class=\"swiper-slide\"><figure class=\"swiper-slide-inner\"><img decoding=\"async\" class=\"swiper-slide-image\" src=\"https:\/\/indbg.be\/secondaire\/wp-content\/uploads\/2022\/11\/P1470863-scaled-420x420.jpg\" alt=\"Chasse aux tr\u00e9sors\" \/><figcaption class=\"elementor-image-carousel-caption\">Chasse aux tr\u00e9sors<\/figcaption><\/figure><\/div><div class=\"swiper-slide\"><figure class=\"swiper-slide-inner\"><img decoding=\"async\" class=\"swiper-slide-image\" src=\"https:\/\/indbg.be\/secondaire\/wp-content\/uploads\/2022\/11\/P1470812-scaled-420x420.jpg\" alt=\"Chasse aux tr\u00e9sors\" \/><figcaption class=\"elementor-image-carousel-caption\">Chasse aux tr\u00e9sors<\/figcaption><\/figure><\/div>\t\t\t<\/div>\n\t\t\t\t\t\t\t\t\t\t\t\t<div class=\"swiper-pagination\"><\/div>\n\t\t\t\t\t\t\t\t\t\t\t\t\t<div class=\"elementor-swiper-button elementor-swiper-button-prev\">\n\t\t\t\t\t\t<i aria-hidden=\"true\" class=\"eicon-chevron-left\"><\/i>\t\t\t\t\t\t<span class=\"elementor-screen-only\">Pr\u00e9c\u00e9dent<\/span>\n\t\t\t\t\t<\/div>\n\t\t\t\t\t<div class=\"elementor-swiper-button elementor-swiper-button-next\">\n\t\t\t\t\t\t<i aria-hidden=\"true\" class=\"eicon-chevron-right\"><\/i>\t\t\t\t\t\t<span class=\"elementor-screen-only\">Suivant<\/span>\n\t\t\t\t\t<\/div>\n\t\t\t\t\t\t\t\t\t<\/div>\n\t\t\t\t<\/div>\n\t\t\t\t<\/div>\n\t\t\t\t\t\t<\/div>\n\t\t\t\t\t<\/div>\n\t\t<\/div>\n\t\t\t\t\t\t\t\t<\/div>\n\t\t\t\t\t<\/div>\n\t\t<\/section>\n\t\t\t\t<section class=\"elementor-section elementor-top-section elementor-element elementor-element-d53a246 elementor-section-boxed elementor-section-height-default elementor-section-height-default\" data-id=\"d53a246\" data-element_type=\"section\">\n\t\t\t\t\t\t<div class=\"elementor-container elementor-column-gap-default\">\n\t\t\t\t\t\t\t<div class=\"elementor-row\">\n\t\t\t\t\t<div class=\"elementor-column elementor-col-100 elementor-top-column elementor-element elementor-element-f6fb0d1\" data-id=\"f6fb0d1\" data-element_type=\"column\">\n\t\t\t<div class=\"elementor-column-wrap elementor-element-populated\">\n\t\t\t\t\t\t\t<div class=\"elementor-widget-wrap\">\n\t\t\t\t\t\t<div class=\"elementor-element elementor-element-5df53c3 elementor-widget elementor-widget-image\" data-id=\"5df53c3\" data-element_type=\"widget\" data-widget_type=\"image.default\">\n\t\t\t\t<div class=\"elementor-widget-container\">\n\t\t\t\t\t\t\t\t<div class=\"elementor-image\">\n\t\t\t\t\t\t\t\t\t\t\t\t<img decoding=\"async\" src=\"https:\/\/indbg.be\/secondaire\/wp-content\/uploads\/2026\/01\/S1-INDBG.jpg\" title=\"\" alt=\"\" \/>\t\t\t\t\t\t\t\t\t\t\t\t\t\t<\/div>\n\t\t\t\t\t\t<\/div>\n\t\t\t\t<\/div>\n\t\t\t\t\t\t<\/div>\n\t\t\t\t\t<\/div>\n\t\t<\/div>\n\t\t\t\t\t\t\t\t<\/div>\n\t\t\t\t\t<\/div>\n\t\t<\/section>\n\t\t\t\t\t\t\t\t\t<\/div>\n\t\t\t<\/div>\n\t\t\t\t\t<\/div>\n\t\t","protected":false},"excerpt":{"rendered":"<p>Votre enfant va terminer sa 6\u00e8me primaire. Il va donc r\u00e9aliser le grand saut dans l&#8217;enseignement secondaire ! Pas de panique, nos \u00e9quipes sont l\u00e0&nbsp;<a href=\"https:\/\/indbg.be\/secondaire\/comment-sinscrire\/inscription-en-1ere-annee\/\">&hellip;<\/a><\/p>\n","protected":false},"author":1,"featured_media":0,"parent":283,"menu_order":0,"comment_status":"closed","ping_status":"closed","template":"template-sidebar-right-childpages.php","meta":{"footnotes":""},"class_list":["post-1090","page","type-page","status-publish","hentry","odd"],"yoast_head":"<!-- This site is optimized with the Yoast SEO plugin v19.10 - https:\/\/yoast.com\/wordpress\/plugins\/seo\/ -->\n<title>Inscription en 1\u00e8re ann\u00e9e - Institut Notre-Dame Beauraing<\/title>\n<meta name=\"robots\" content=\"noindex, follow, max-snippet:-1, max-image-preview:large, max-video-preview:-1\" \/>\n<meta property=\"og:locale\" content=\"fr_FR\" \/>\n<meta property=\"og:type\" content=\"article\" \/>\n<meta property=\"og:title\" content=\"Inscription en 1\u00e8re ann\u00e9e - Institut Notre-Dame Beauraing\" \/>\n<meta property=\"og:description\" content=\"Votre enfant va terminer sa 6\u00e8me primaire. Il va donc r\u00e9aliser le grand saut dans l&#8217;enseignement secondaire ! Pas de panique, nos \u00e9quipes sont l\u00e0&nbsp;&hellip;\" \/>\n<meta property=\"og:url\" content=\"https:\/\/indbg.be\/secondaire\/comment-sinscrire\/inscription-en-1ere-annee\/\" \/>\n<meta property=\"og:site_name\" content=\"Institut Notre-Dame Beauraing\" \/>\n<meta property=\"article:modified_time\" content=\"2026-01-13T13:17:20+00:00\" \/>\n<meta property=\"og:image\" content=\"https:\/\/indbg.be\/secondaire\/wp-content\/uploads\/2022\/11\/P1470866-scaled-420x420.jpg\" \/>\n<meta name=\"twitter:card\" content=\"summary_large_image\" \/>\n<meta name=\"twitter:label1\" content=\"Dur\u00e9e de lecture estim\u00e9e\" \/>\n\t<meta name=\"twitter:data1\" content=\"3 minutes\" \/>\n<script type=\"application\/ld+json\" class=\"yoast-schema-graph\">{\"@context\":\"https:\/\/schema.org\",\"@graph\":[{\"@type\":\"WebPage\",\"@id\":\"https:\/\/indbg.be\/secondaire\/comment-sinscrire\/inscription-en-1ere-annee\/\",\"url\":\"https:\/\/indbg.be\/secondaire\/comment-sinscrire\/inscription-en-1ere-annee\/\",\"name\":\"Inscription en 1\u00e8re ann\u00e9e - Institut Notre-Dame Beauraing\",\"isPartOf\":{\"@id\":\"https:\/\/indbg.be\/secondaire\/#website\"},\"datePublished\":\"2022-09-27T13:53:26+00:00\",\"dateModified\":\"2026-01-13T13:17:20+00:00\",\"breadcrumb\":{\"@id\":\"https:\/\/indbg.be\/secondaire\/comment-sinscrire\/inscription-en-1ere-annee\/#breadcrumb\"},\"inLanguage\":\"fr-FR\",\"potentialAction\":[{\"@type\":\"ReadAction\",\"target\":[\"https:\/\/indbg.be\/secondaire\/comment-sinscrire\/inscription-en-1ere-annee\/\"]}]},{\"@type\":\"BreadcrumbList\",\"@id\":\"https:\/\/indbg.be\/secondaire\/comment-sinscrire\/inscription-en-1ere-annee\/#breadcrumb\",\"itemListElement\":[{\"@type\":\"ListItem\",\"position\":1,\"name\":\"Accueil\",\"item\":\"https:\/\/indbg.be\/secondaire\/\"},{\"@type\":\"ListItem\",\"position\":2,\"name\":\"Inscription\",\"item\":\"https:\/\/indbg.be\/secondaire\/comment-sinscrire\/\"},{\"@type\":\"ListItem\",\"position\":3,\"name\":\"Inscription en 1\u00e8re ann\u00e9e\"}]},{\"@type\":\"WebSite\",\"@id\":\"https:\/\/indbg.be\/secondaire\/#website\",\"url\":\"https:\/\/indbg.be\/secondaire\/\",\"name\":\"Institut Notre-Dame Beauraing\",\"description\":\"Une porte sur l&#039;avenir\",\"publisher\":{\"@id\":\"https:\/\/indbg.be\/secondaire\/#organization\"},\"potentialAction\":[{\"@type\":\"SearchAction\",\"target\":{\"@type\":\"EntryPoint\",\"urlTemplate\":\"https:\/\/indbg.be\/secondaire\/?s={search_term_string}\"},\"query-input\":\"required name=search_term_string\"}],\"inLanguage\":\"fr-FR\"},{\"@type\":\"Organization\",\"@id\":\"https:\/\/indbg.be\/secondaire\/#organization\",\"name\":\"Institut Notre-Dame Beauraing\",\"url\":\"https:\/\/indbg.be\/secondaire\/\",\"logo\":{\"@type\":\"ImageObject\",\"inLanguage\":\"fr-FR\",\"@id\":\"https:\/\/indbg.be\/secondaire\/#\/schema\/logo\/image\/\",\"url\":\"https:\/\/indbg.be\/secondaire\/wp-content\/uploads\/2022\/09\/LOGO_150px.png\",\"contentUrl\":\"https:\/\/indbg.be\/secondaire\/wp-content\/uploads\/2022\/09\/LOGO_150px.png\",\"width\":150,\"height\":91,\"caption\":\"Institut Notre-Dame Beauraing\"},\"image\":{\"@id\":\"https:\/\/indbg.be\/secondaire\/#\/schema\/logo\/image\/\"}}]}<\/script>\n<!-- \/ Yoast SEO plugin. -->","yoast_head_json":{"title":"Inscription en 1\u00e8re ann\u00e9e - Institut Notre-Dame Beauraing","robots":{"index":"noindex","follow":"follow","max-snippet":"max-snippet:-1","max-image-preview":"max-image-preview:large","max-video-preview":"max-video-preview:-1"},"og_locale":"fr_FR","og_type":"article","og_title":"Inscription en 1\u00e8re ann\u00e9e - Institut Notre-Dame Beauraing","og_description":"Votre enfant va terminer sa 6\u00e8me primaire. Il va donc r\u00e9aliser le grand saut dans l&#8217;enseignement secondaire ! Pas de panique, nos \u00e9quipes sont l\u00e0&nbsp;&hellip;","og_url":"https:\/\/indbg.be\/secondaire\/comment-sinscrire\/inscription-en-1ere-annee\/","og_site_name":"Institut Notre-Dame Beauraing","article_modified_time":"2026-01-13T13:17:20+00:00","og_image":[{"url":"https:\/\/indbg.be\/secondaire\/wp-content\/uploads\/2022\/11\/P1470866-scaled-420x420.jpg"}],"twitter_card":"summary_large_image","twitter_misc":{"Dur\u00e9e de lecture estim\u00e9e":"3 minutes"},"schema":{"@context":"https:\/\/schema.org","@graph":[{"@type":"WebPage","@id":"https:\/\/indbg.be\/secondaire\/comment-sinscrire\/inscription-en-1ere-annee\/","url":"https:\/\/indbg.be\/secondaire\/comment-sinscrire\/inscription-en-1ere-annee\/","name":"Inscription en 1\u00e8re ann\u00e9e - Institut Notre-Dame Beauraing","isPartOf":{"@id":"https:\/\/indbg.be\/secondaire\/#website"},"datePublished":"2022-09-27T13:53:26+00:00","dateModified":"2026-01-13T13:17:20+00:00","breadcrumb":{"@id":"https:\/\/indbg.be\/secondaire\/comment-sinscrire\/inscription-en-1ere-annee\/#breadcrumb"},"inLanguage":"fr-FR","potentialAction":[{"@type":"ReadAction","target":["https:\/\/indbg.be\/secondaire\/comment-sinscrire\/inscription-en-1ere-annee\/"]}]},{"@type":"BreadcrumbList","@id":"https:\/\/indbg.be\/secondaire\/comment-sinscrire\/inscription-en-1ere-annee\/#breadcrumb","itemListElement":[{"@type":"ListItem","position":1,"name":"Accueil","item":"https:\/\/indbg.be\/secondaire\/"},{"@type":"ListItem","position":2,"name":"Inscription","item":"https:\/\/indbg.be\/secondaire\/comment-sinscrire\/"},{"@type":"ListItem","position":3,"name":"Inscription en 1\u00e8re ann\u00e9e"}]},{"@type":"WebSite","@id":"https:\/\/indbg.be\/secondaire\/#website","url":"https:\/\/indbg.be\/secondaire\/","name":"Institut Notre-Dame Beauraing","description":"Une porte sur l&#039;avenir","publisher":{"@id":"https:\/\/indbg.be\/secondaire\/#organization"},"potentialAction":[{"@type":"SearchAction","target":{"@type":"EntryPoint","urlTemplate":"https:\/\/indbg.be\/secondaire\/?s={search_term_string}"},"query-input":"required name=search_term_string"}],"inLanguage":"fr-FR"},{"@type":"Organization","@id":"https:\/\/indbg.be\/secondaire\/#organization","name":"Institut Notre-Dame Beauraing","url":"https:\/\/indbg.be\/secondaire\/","logo":{"@type":"ImageObject","inLanguage":"fr-FR","@id":"https:\/\/indbg.be\/secondaire\/#\/schema\/logo\/image\/","url":"https:\/\/indbg.be\/secondaire\/wp-content\/uploads\/2022\/09\/LOGO_150px.png","contentUrl":"https:\/\/indbg.be\/secondaire\/wp-content\/uploads\/2022\/09\/LOGO_150px.png","width":150,"height":91,"caption":"Institut Notre-Dame Beauraing"},"image":{"@id":"https:\/\/indbg.be\/secondaire\/#\/schema\/logo\/image\/"}}]}},"_links":{"self":[{"href":"https:\/\/indbg.be\/secondaire\/wp-json\/wp\/v2\/pages\/1090","targetHints":{"allow":["GET"]}}],"collection":[{"href":"https:\/\/indbg.be\/secondaire\/wp-json\/wp\/v2\/pages"}],"about":[{"href":"https:\/\/indbg.be\/secondaire\/wp-json\/wp\/v2\/types\/page"}],"author":[{"embeddable":true,"href":"https:\/\/indbg.be\/secondaire\/wp-json\/wp\/v2\/users\/1"}],"replies":[{"embeddable":true,"href":"https:\/\/indbg.be\/secondaire\/wp-json\/wp\/v2\/comments?post=1090"}],"version-history":[{"count":55,"href":"https:\/\/indbg.be\/secondaire\/wp-json\/wp\/v2\/pages\/1090\/revisions"}],"predecessor-version":[{"id":3483,"href":"https:\/\/indbg.be\/secondaire\/wp-json\/wp\/v2\/pages\/1090\/revisions\/3483"}],"up":[{"embeddable":true,"href":"https:\/\/indbg.be\/secondaire\/wp-json\/wp\/v2\/pages\/283"}],"wp:attachment":[{"href":"https:\/\/indbg.be\/secondaire\/wp-json\/wp\/v2\/media?parent=1090"}],"curies":[{"name":"wp","href":"https:\/\/api.w.org\/{rel}","templated":true}]}}