{"id":1093,"date":"2022-09-27T15:55:59","date_gmt":"2022-09-27T13:55:59","guid":{"rendered":"https:\/\/indbg.creativweb.be\/?page_id=1093"},"modified":"2026-01-13T14:21:47","modified_gmt":"2026-01-13T13:21:47","slug":"preinscription-de-la-2eme-a-la-7eme","status":"publish","type":"page","link":"https:\/\/indbg.be\/secondaire\/comment-sinscrire\/preinscription-de-la-2eme-a-la-7eme\/","title":{"rendered":"Pr\u00e9inscription de la 2\u00e8me \u00e0 la 7\u00e8me"},"content":{"rendered":"\t\t<div data-elementor-type=\"wp-page\" data-elementor-id=\"1093\" class=\"elementor elementor-1093\">\n\t\t\t\t\t\t<div class=\"elementor-inner\">\n\t\t\t\t<div class=\"elementor-section-wrap\">\n\t\t\t\t\t\t\t\t\t<section class=\"elementor-section elementor-top-section elementor-element elementor-element-7b7155cd elementor-section-boxed elementor-section-height-default elementor-section-height-default\" data-id=\"7b7155cd\" data-element_type=\"section\">\n\t\t\t\t\t\t<div class=\"elementor-container elementor-column-gap-default\">\n\t\t\t\t\t\t\t<div class=\"elementor-row\">\n\t\t\t\t\t<div class=\"elementor-column elementor-col-100 elementor-top-column elementor-element elementor-element-4e47c84f\" data-id=\"4e47c84f\" data-element_type=\"column\">\n\t\t\t<div class=\"elementor-column-wrap elementor-element-populated\">\n\t\t\t\t\t\t\t<div class=\"elementor-widget-wrap\">\n\t\t\t\t\t\t<div class=\"elementor-element elementor-element-2ec3c001 elementor-widget elementor-widget-text-editor\" data-id=\"2ec3c001\" data-element_type=\"widget\" data-widget_type=\"text-editor.default\">\n\t\t\t\t<div class=\"elementor-widget-container\">\n\t\t\t\t\t\t\t\t<div class=\"elementor-text-editor elementor-clearfix\">\n\t\t\t\t<p>Notre Institut veille \u00e0 offrir une place \u00e0 chaque \u00e9l\u00e8ve qui le souhaite, dans l\u2019option de son choix. Pour une bonne organisation, un syst\u00e8me de pr\u00e9inscription est mis en place.<\/p>\n<p><!-- \/wp:paragraph --><\/p>\n<p><!-- wp:list --><\/p>\n<ul>\n<li><strong>Si tu es d\u00e9j\u00e0 \u00e9l\u00e8ve au sein de l\u2019Institut \u2192 R\u00e9inscription<\/strong><\/li>\n<\/ul>\n<p><!-- \/wp:list --><\/p>\n<p><!-- wp:paragraph --><\/p>\n<p>En fin d\u2019ann\u00e9e, tu trouveras, dans ton bulletin, un formulaire de r\u00e9inscription.<\/p>\n<p><!-- \/wp:paragraph --><\/p>\n<p><!-- wp:paragraph --><\/p>\n<p>Nous t\u2019invitons \u00e0 le compl\u00e9ter au plus vite.<\/p>\n<p><!-- \/wp:paragraph --><\/p>\n<p><!-- wp:paragraph --><\/p>\n<p><strong><mark class=\"has-inline-color has-vivid-red-color\" style=\"background-color: rgba(0, 0, 0, 0);\">Nous insistons sur l\u2019importance de rendre ce document pour valider la r\u00e9inscription.\u00a0<\/mark><\/strong><\/p>\n<p><!-- \/wp:paragraph --><\/p>\n<p><!-- wp:list --><\/p>\n<ul>\n<li><strong>Si tu es int\u00e9ress\u00e9(e) par notre \u00e9tablissement\u00a0<\/strong><\/li>\n<\/ul>\n<p><!-- \/wp:list --><\/p>\n<p><!-- wp:paragraph --><\/p>\n<p>Nous t\u2019invitons \u00e0 nous rendre visite lors de nos portes ouvertes annuelles (pour les pr\u00e9inscriptions) ou pendant les permanences des grandes vacances.<\/p>\n<p><!-- \/wp:paragraph --><\/p>\n<p><!-- wp:paragraph --><\/p>\n<p>\u00a0<\/p>\n<p><!-- \/wp:paragraph --><\/p>\t\t\t\t\t<\/div>\n\t\t\t\t\t\t<\/div>\n\t\t\t\t<\/div>\n\t\t\t\t\t\t<\/div>\n\t\t\t\t\t<\/div>\n\t\t<\/div>\n\t\t\t\t\t\t\t\t<\/div>\n\t\t\t\t\t<\/div>\n\t\t<\/section>\n\t\t\t\t\t\t\t\t\t<\/div>\n\t\t\t<\/div>\n\t\t\t\t\t<\/div>\n\t\t","protected":false},"excerpt":{"rendered":"<p>Notre Institut veille \u00e0 offrir une place \u00e0 chaque \u00e9l\u00e8ve qui le souhaite, dans l\u2019option de son choix. Pour une bonne organisation, un syst\u00e8me de&nbsp;<a href=\"https:\/\/indbg.be\/secondaire\/comment-sinscrire\/preinscription-de-la-2eme-a-la-7eme\/\">&hellip;<\/a><\/p>\n","protected":false},"author":1,"featured_media":0,"parent":283,"menu_order":1,"comment_status":"closed","ping_status":"closed","template":"template-sidebar-right-childpages.php","meta":{"footnotes":""},"class_list":["post-1093","page","type-page","status-publish","hentry","odd"],"yoast_head":"<!-- This site is optimized with the Yoast SEO plugin v19.10 - https:\/\/yoast.com\/wordpress\/plugins\/seo\/ -->\n<title>Pr\u00e9inscription de la 2\u00e8me \u00e0 la 7\u00e8me - Institut Notre-Dame Beauraing<\/title>\n<meta name=\"robots\" content=\"noindex, follow, max-snippet:-1, max-image-preview:large, max-video-preview:-1\" \/>\n<meta property=\"og:locale\" content=\"fr_FR\" \/>\n<meta property=\"og:type\" content=\"article\" \/>\n<meta property=\"og:title\" content=\"Pr\u00e9inscription de la 2\u00e8me \u00e0 la 7\u00e8me - Institut Notre-Dame Beauraing\" \/>\n<meta property=\"og:description\" content=\"Notre Institut veille \u00e0 offrir une place \u00e0 chaque \u00e9l\u00e8ve qui le souhaite, dans l\u2019option de son choix. Pour une bonne organisation, un syst\u00e8me de&nbsp;&hellip;\" \/>\n<meta property=\"og:url\" content=\"https:\/\/indbg.be\/secondaire\/comment-sinscrire\/preinscription-de-la-2eme-a-la-7eme\/\" \/>\n<meta property=\"og:site_name\" content=\"Institut Notre-Dame Beauraing\" \/>\n<meta property=\"article:modified_time\" content=\"2026-01-13T13:21:47+00:00\" \/>\n<meta name=\"twitter:card\" content=\"summary_large_image\" \/>\n<meta name=\"twitter:label1\" content=\"Dur\u00e9e de lecture estim\u00e9e\" \/>\n\t<meta name=\"twitter:data1\" content=\"1 minute\" \/>\n<script type=\"application\/ld+json\" class=\"yoast-schema-graph\">{\"@context\":\"https:\/\/schema.org\",\"@graph\":[{\"@type\":\"WebPage\",\"@id\":\"https:\/\/indbg.be\/secondaire\/comment-sinscrire\/preinscription-de-la-2eme-a-la-7eme\/\",\"url\":\"https:\/\/indbg.be\/secondaire\/comment-sinscrire\/preinscription-de-la-2eme-a-la-7eme\/\",\"name\":\"Pr\u00e9inscription de la 2\u00e8me \u00e0 la 7\u00e8me - Institut Notre-Dame Beauraing\",\"isPartOf\":{\"@id\":\"https:\/\/indbg.be\/secondaire\/#website\"},\"datePublished\":\"2022-09-27T13:55:59+00:00\",\"dateModified\":\"2026-01-13T13:21:47+00:00\",\"breadcrumb\":{\"@id\":\"https:\/\/indbg.be\/secondaire\/comment-sinscrire\/preinscription-de-la-2eme-a-la-7eme\/#breadcrumb\"},\"inLanguage\":\"fr-FR\",\"potentialAction\":[{\"@type\":\"ReadAction\",\"target\":[\"https:\/\/indbg.be\/secondaire\/comment-sinscrire\/preinscription-de-la-2eme-a-la-7eme\/\"]}]},{\"@type\":\"BreadcrumbList\",\"@id\":\"https:\/\/indbg.be\/secondaire\/comment-sinscrire\/preinscription-de-la-2eme-a-la-7eme\/#breadcrumb\",\"itemListElement\":[{\"@type\":\"ListItem\",\"position\":1,\"name\":\"Accueil\",\"item\":\"https:\/\/indbg.be\/secondaire\/\"},{\"@type\":\"ListItem\",\"position\":2,\"name\":\"Inscription\",\"item\":\"https:\/\/indbg.be\/secondaire\/comment-sinscrire\/\"},{\"@type\":\"ListItem\",\"position\":3,\"name\":\"Pr\u00e9inscription de la 2\u00e8me \u00e0 la 7\u00e8me\"}]},{\"@type\":\"WebSite\",\"@id\":\"https:\/\/indbg.be\/secondaire\/#website\",\"url\":\"https:\/\/indbg.be\/secondaire\/\",\"name\":\"Institut Notre-Dame Beauraing\",\"description\":\"Une porte sur l&#039;avenir\",\"publisher\":{\"@id\":\"https:\/\/indbg.be\/secondaire\/#organization\"},\"potentialAction\":[{\"@type\":\"SearchAction\",\"target\":{\"@type\":\"EntryPoint\",\"urlTemplate\":\"https:\/\/indbg.be\/secondaire\/?s={search_term_string}\"},\"query-input\":\"required name=search_term_string\"}],\"inLanguage\":\"fr-FR\"},{\"@type\":\"Organization\",\"@id\":\"https:\/\/indbg.be\/secondaire\/#organization\",\"name\":\"Institut Notre-Dame Beauraing\",\"url\":\"https:\/\/indbg.be\/secondaire\/\",\"logo\":{\"@type\":\"ImageObject\",\"inLanguage\":\"fr-FR\",\"@id\":\"https:\/\/indbg.be\/secondaire\/#\/schema\/logo\/image\/\",\"url\":\"https:\/\/indbg.be\/secondaire\/wp-content\/uploads\/2022\/09\/LOGO_150px.png\",\"contentUrl\":\"https:\/\/indbg.be\/secondaire\/wp-content\/uploads\/2022\/09\/LOGO_150px.png\",\"width\":150,\"height\":91,\"caption\":\"Institut Notre-Dame Beauraing\"},\"image\":{\"@id\":\"https:\/\/indbg.be\/secondaire\/#\/schema\/logo\/image\/\"}}]}<\/script>\n<!-- \/ Yoast SEO plugin. -->","yoast_head_json":{"title":"Pr\u00e9inscription de la 2\u00e8me \u00e0 la 7\u00e8me - Institut Notre-Dame Beauraing","robots":{"index":"noindex","follow":"follow","max-snippet":"max-snippet:-1","max-image-preview":"max-image-preview:large","max-video-preview":"max-video-preview:-1"},"og_locale":"fr_FR","og_type":"article","og_title":"Pr\u00e9inscription de la 2\u00e8me \u00e0 la 7\u00e8me - Institut Notre-Dame Beauraing","og_description":"Notre Institut veille \u00e0 offrir une place \u00e0 chaque \u00e9l\u00e8ve qui le souhaite, dans l\u2019option de son choix. Pour une bonne organisation, un syst\u00e8me de&nbsp;&hellip;","og_url":"https:\/\/indbg.be\/secondaire\/comment-sinscrire\/preinscription-de-la-2eme-a-la-7eme\/","og_site_name":"Institut Notre-Dame Beauraing","article_modified_time":"2026-01-13T13:21:47+00:00","twitter_card":"summary_large_image","twitter_misc":{"Dur\u00e9e de lecture estim\u00e9e":"1 minute"},"schema":{"@context":"https:\/\/schema.org","@graph":[{"@type":"WebPage","@id":"https:\/\/indbg.be\/secondaire\/comment-sinscrire\/preinscription-de-la-2eme-a-la-7eme\/","url":"https:\/\/indbg.be\/secondaire\/comment-sinscrire\/preinscription-de-la-2eme-a-la-7eme\/","name":"Pr\u00e9inscription de la 2\u00e8me \u00e0 la 7\u00e8me - Institut Notre-Dame Beauraing","isPartOf":{"@id":"https:\/\/indbg.be\/secondaire\/#website"},"datePublished":"2022-09-27T13:55:59+00:00","dateModified":"2026-01-13T13:21:47+00:00","breadcrumb":{"@id":"https:\/\/indbg.be\/secondaire\/comment-sinscrire\/preinscription-de-la-2eme-a-la-7eme\/#breadcrumb"},"inLanguage":"fr-FR","potentialAction":[{"@type":"ReadAction","target":["https:\/\/indbg.be\/secondaire\/comment-sinscrire\/preinscription-de-la-2eme-a-la-7eme\/"]}]},{"@type":"BreadcrumbList","@id":"https:\/\/indbg.be\/secondaire\/comment-sinscrire\/preinscription-de-la-2eme-a-la-7eme\/#breadcrumb","itemListElement":[{"@type":"ListItem","position":1,"name":"Accueil","item":"https:\/\/indbg.be\/secondaire\/"},{"@type":"ListItem","position":2,"name":"Inscription","item":"https:\/\/indbg.be\/secondaire\/comment-sinscrire\/"},{"@type":"ListItem","position":3,"name":"Pr\u00e9inscription de la 2\u00e8me \u00e0 la 7\u00e8me"}]},{"@type":"WebSite","@id":"https:\/\/indbg.be\/secondaire\/#website","url":"https:\/\/indbg.be\/secondaire\/","name":"Institut Notre-Dame Beauraing","description":"Une porte sur l&#039;avenir","publisher":{"@id":"https:\/\/indbg.be\/secondaire\/#organization"},"potentialAction":[{"@type":"SearchAction","target":{"@type":"EntryPoint","urlTemplate":"https:\/\/indbg.be\/secondaire\/?s={search_term_string}"},"query-input":"required name=search_term_string"}],"inLanguage":"fr-FR"},{"@type":"Organization","@id":"https:\/\/indbg.be\/secondaire\/#organization","name":"Institut Notre-Dame Beauraing","url":"https:\/\/indbg.be\/secondaire\/","logo":{"@type":"ImageObject","inLanguage":"fr-FR","@id":"https:\/\/indbg.be\/secondaire\/#\/schema\/logo\/image\/","url":"https:\/\/indbg.be\/secondaire\/wp-content\/uploads\/2022\/09\/LOGO_150px.png","contentUrl":"https:\/\/indbg.be\/secondaire\/wp-content\/uploads\/2022\/09\/LOGO_150px.png","width":150,"height":91,"caption":"Institut Notre-Dame Beauraing"},"image":{"@id":"https:\/\/indbg.be\/secondaire\/#\/schema\/logo\/image\/"}}]}},"_links":{"self":[{"href":"https:\/\/indbg.be\/secondaire\/wp-json\/wp\/v2\/pages\/1093","targetHints":{"allow":["GET"]}}],"collection":[{"href":"https:\/\/indbg.be\/secondaire\/wp-json\/wp\/v2\/pages"}],"about":[{"href":"https:\/\/indbg.be\/secondaire\/wp-json\/wp\/v2\/types\/page"}],"author":[{"embeddable":true,"href":"https:\/\/indbg.be\/secondaire\/wp-json\/wp\/v2\/users\/1"}],"replies":[{"embeddable":true,"href":"https:\/\/indbg.be\/secondaire\/wp-json\/wp\/v2\/comments?post=1093"}],"version-history":[{"count":28,"href":"https:\/\/indbg.be\/secondaire\/wp-json\/wp\/v2\/pages\/1093\/revisions"}],"predecessor-version":[{"id":3487,"href":"https:\/\/indbg.be\/secondaire\/wp-json\/wp\/v2\/pages\/1093\/revisions\/3487"}],"up":[{"embeddable":true,"href":"https:\/\/indbg.be\/secondaire\/wp-json\/wp\/v2\/pages\/283"}],"wp:attachment":[{"href":"https:\/\/indbg.be\/secondaire\/wp-json\/wp\/v2\/media?parent=1093"}],"curies":[{"name":"wp","href":"https:\/\/api.w.org\/{rel}","templated":true}]}}