{"id":1223,"date":"2022-10-17T22:28:44","date_gmt":"2022-10-17T20:28:44","guid":{"rendered":"https:\/\/indbg.creativweb.be\/?page_id=1223"},"modified":"2022-11-23T14:12:24","modified_gmt":"2022-11-23T13:12:24","slug":"enseignement-general-ou-technique-de-transition","status":"publish","type":"page","link":"https:\/\/indbg.be\/secondaire\/enseignement-general-ou-technique-de-transition\/","title":{"rendered":"G\u00e9n\u00e9ral ou technique de transition"},"content":{"rendered":"<p>[vc_row][vc_column][vc_column_text]<span style=\"font-weight: 400;\">La <strong>fili\u00e8re de transition (g\u00e9n\u00e9ral ou technique)<\/strong> est une orientation qui assure une formation g\u00e9n\u00e9rale de qualit\u00e9 dans tous les cours. Au travers des diff\u00e9rents cours de la formation commune, elle permet aux \u00e9l\u00e8ves de se pr\u00e9parer \u00e0 poursuivre leur formation dans un \u00e9tablissement\u00a0 d\u2019enseignement sup\u00e9rieur avec des bases solides (Haute Ecole, Universit\u00e9).\u00a0<\/span><\/p>\n<p>Gr\u00e2ce au panel d&#8217;options de base simple propos\u00e9es dans la fili\u00e8re, les \u00e9l\u00e8ves ont la possibilit\u00e9 de tester leur sensibilit\u00e9 pour diff\u00e9rents domaines et, \u00e0 terme, se pr\u00e9parer aux \u00e9tudes sup\u00e9rieurs en fonction de leur projet d&#8217;avenir. Ces options permettent \u00e9galement de d\u00e9velopper d&#8217;autres comp\u00e9tences : la d\u00e9marche de recherche, la communication d&#8217;informations, le fonctionnement de la soci\u00e9t\u00e9, la cr\u00e9ativit\u00e9, &#8230;<\/p>\n<p><span style=\"font-weight: 400;\">Au terme de la formation, les \u00e9l\u00e8ves obtiennent leur <\/span><span style=\"font-weight: 400;\"><strong>Certificat d&#8217;enseignement secondaire sup\u00e9rieur (CESS)<\/strong>.<\/span>[\/vc_column_text][\/vc_column][\/vc_row]<\/p>\n","protected":false},"excerpt":{"rendered":"<p>[vc_row][vc_column][vc_column_text]La fili\u00e8re de transition (g\u00e9n\u00e9ral ou technique) est une orientation qui assure une formation g\u00e9n\u00e9rale de qualit\u00e9 dans tous les cours. Au travers des diff\u00e9rents&nbsp;<a href=\"https:\/\/indbg.be\/secondaire\/enseignement-general-ou-technique-de-transition\/\">&hellip;<\/a><\/p>\n","protected":false},"author":1,"featured_media":0,"parent":0,"menu_order":0,"comment_status":"closed","ping_status":"closed","template":"template-sidebar-right-childpages.php","meta":{"footnotes":""},"class_list":["post-1223","page","type-page","status-publish","hentry","odd"],"yoast_head":"<!-- This site is optimized with the Yoast SEO plugin v19.10 - https:\/\/yoast.com\/wordpress\/plugins\/seo\/ -->\n<title>G\u00e9n\u00e9ral ou technique de transition - Institut Notre-Dame Beauraing<\/title>\n<meta name=\"robots\" content=\"noindex, follow, max-snippet:-1, max-image-preview:large, max-video-preview:-1\" \/>\n<meta property=\"og:locale\" content=\"fr_FR\" \/>\n<meta property=\"og:type\" content=\"article\" \/>\n<meta property=\"og:title\" content=\"G\u00e9n\u00e9ral ou technique de transition - Institut Notre-Dame Beauraing\" \/>\n<meta property=\"og:description\" content=\"[vc_row][vc_column][vc_column_text]La fili\u00e8re de transition (g\u00e9n\u00e9ral ou technique) est une orientation qui assure une formation g\u00e9n\u00e9rale de qualit\u00e9 dans tous les cours. Au travers des diff\u00e9rents&nbsp;&hellip;\" \/>\n<meta property=\"og:url\" content=\"https:\/\/indbg.be\/secondaire\/enseignement-general-ou-technique-de-transition\/\" \/>\n<meta property=\"og:site_name\" content=\"Institut Notre-Dame Beauraing\" \/>\n<meta property=\"article:modified_time\" content=\"2022-11-23T13:12:24+00:00\" \/>\n<meta name=\"twitter:card\" content=\"summary_large_image\" \/>\n<meta name=\"twitter:label1\" content=\"Dur\u00e9e de lecture estim\u00e9e\" \/>\n\t<meta name=\"twitter:data1\" content=\"1 minute\" \/>\n<script type=\"application\/ld+json\" class=\"yoast-schema-graph\">{\"@context\":\"https:\/\/schema.org\",\"@graph\":[{\"@type\":\"WebPage\",\"@id\":\"https:\/\/indbg.be\/secondaire\/enseignement-general-ou-technique-de-transition\/\",\"url\":\"https:\/\/indbg.be\/secondaire\/enseignement-general-ou-technique-de-transition\/\",\"name\":\"G\u00e9n\u00e9ral ou technique de transition - Institut Notre-Dame Beauraing\",\"isPartOf\":{\"@id\":\"https:\/\/indbg.be\/secondaire\/#website\"},\"datePublished\":\"2022-10-17T20:28:44+00:00\",\"dateModified\":\"2022-11-23T13:12:24+00:00\",\"breadcrumb\":{\"@id\":\"https:\/\/indbg.be\/secondaire\/enseignement-general-ou-technique-de-transition\/#breadcrumb\"},\"inLanguage\":\"fr-FR\",\"potentialAction\":[{\"@type\":\"ReadAction\",\"target\":[\"https:\/\/indbg.be\/secondaire\/enseignement-general-ou-technique-de-transition\/\"]}]},{\"@type\":\"BreadcrumbList\",\"@id\":\"https:\/\/indbg.be\/secondaire\/enseignement-general-ou-technique-de-transition\/#breadcrumb\",\"itemListElement\":[{\"@type\":\"ListItem\",\"position\":1,\"name\":\"Accueil\",\"item\":\"https:\/\/indbg.be\/secondaire\/\"},{\"@type\":\"ListItem\",\"position\":2,\"name\":\"G\u00e9n\u00e9ral ou technique de transition\"}]},{\"@type\":\"WebSite\",\"@id\":\"https:\/\/indbg.be\/secondaire\/#website\",\"url\":\"https:\/\/indbg.be\/secondaire\/\",\"name\":\"Institut Notre-Dame Beauraing\",\"description\":\"Une porte sur l&#039;avenir\",\"publisher\":{\"@id\":\"https:\/\/indbg.be\/secondaire\/#organization\"},\"potentialAction\":[{\"@type\":\"SearchAction\",\"target\":{\"@type\":\"EntryPoint\",\"urlTemplate\":\"https:\/\/indbg.be\/secondaire\/?s={search_term_string}\"},\"query-input\":\"required name=search_term_string\"}],\"inLanguage\":\"fr-FR\"},{\"@type\":\"Organization\",\"@id\":\"https:\/\/indbg.be\/secondaire\/#organization\",\"name\":\"Institut Notre-Dame Beauraing\",\"url\":\"https:\/\/indbg.be\/secondaire\/\",\"logo\":{\"@type\":\"ImageObject\",\"inLanguage\":\"fr-FR\",\"@id\":\"https:\/\/indbg.be\/secondaire\/#\/schema\/logo\/image\/\",\"url\":\"https:\/\/indbg.be\/secondaire\/wp-content\/uploads\/2022\/09\/LOGO_150px.png\",\"contentUrl\":\"https:\/\/indbg.be\/secondaire\/wp-content\/uploads\/2022\/09\/LOGO_150px.png\",\"width\":150,\"height\":91,\"caption\":\"Institut Notre-Dame Beauraing\"},\"image\":{\"@id\":\"https:\/\/indbg.be\/secondaire\/#\/schema\/logo\/image\/\"}}]}<\/script>\n<!-- \/ Yoast SEO plugin. -->","yoast_head_json":{"title":"G\u00e9n\u00e9ral ou technique de transition - Institut Notre-Dame Beauraing","robots":{"index":"noindex","follow":"follow","max-snippet":"max-snippet:-1","max-image-preview":"max-image-preview:large","max-video-preview":"max-video-preview:-1"},"og_locale":"fr_FR","og_type":"article","og_title":"G\u00e9n\u00e9ral ou technique de transition - Institut Notre-Dame Beauraing","og_description":"[vc_row][vc_column][vc_column_text]La fili\u00e8re de transition (g\u00e9n\u00e9ral ou technique) est une orientation qui assure une formation g\u00e9n\u00e9rale de qualit\u00e9 dans tous les cours. Au travers des diff\u00e9rents&nbsp;&hellip;","og_url":"https:\/\/indbg.be\/secondaire\/enseignement-general-ou-technique-de-transition\/","og_site_name":"Institut Notre-Dame Beauraing","article_modified_time":"2022-11-23T13:12:24+00:00","twitter_card":"summary_large_image","twitter_misc":{"Dur\u00e9e de lecture estim\u00e9e":"1 minute"},"schema":{"@context":"https:\/\/schema.org","@graph":[{"@type":"WebPage","@id":"https:\/\/indbg.be\/secondaire\/enseignement-general-ou-technique-de-transition\/","url":"https:\/\/indbg.be\/secondaire\/enseignement-general-ou-technique-de-transition\/","name":"G\u00e9n\u00e9ral ou technique de transition - Institut Notre-Dame Beauraing","isPartOf":{"@id":"https:\/\/indbg.be\/secondaire\/#website"},"datePublished":"2022-10-17T20:28:44+00:00","dateModified":"2022-11-23T13:12:24+00:00","breadcrumb":{"@id":"https:\/\/indbg.be\/secondaire\/enseignement-general-ou-technique-de-transition\/#breadcrumb"},"inLanguage":"fr-FR","potentialAction":[{"@type":"ReadAction","target":["https:\/\/indbg.be\/secondaire\/enseignement-general-ou-technique-de-transition\/"]}]},{"@type":"BreadcrumbList","@id":"https:\/\/indbg.be\/secondaire\/enseignement-general-ou-technique-de-transition\/#breadcrumb","itemListElement":[{"@type":"ListItem","position":1,"name":"Accueil","item":"https:\/\/indbg.be\/secondaire\/"},{"@type":"ListItem","position":2,"name":"G\u00e9n\u00e9ral ou technique de transition"}]},{"@type":"WebSite","@id":"https:\/\/indbg.be\/secondaire\/#website","url":"https:\/\/indbg.be\/secondaire\/","name":"Institut Notre-Dame Beauraing","description":"Une porte sur l&#039;avenir","publisher":{"@id":"https:\/\/indbg.be\/secondaire\/#organization"},"potentialAction":[{"@type":"SearchAction","target":{"@type":"EntryPoint","urlTemplate":"https:\/\/indbg.be\/secondaire\/?s={search_term_string}"},"query-input":"required name=search_term_string"}],"inLanguage":"fr-FR"},{"@type":"Organization","@id":"https:\/\/indbg.be\/secondaire\/#organization","name":"Institut Notre-Dame Beauraing","url":"https:\/\/indbg.be\/secondaire\/","logo":{"@type":"ImageObject","inLanguage":"fr-FR","@id":"https:\/\/indbg.be\/secondaire\/#\/schema\/logo\/image\/","url":"https:\/\/indbg.be\/secondaire\/wp-content\/uploads\/2022\/09\/LOGO_150px.png","contentUrl":"https:\/\/indbg.be\/secondaire\/wp-content\/uploads\/2022\/09\/LOGO_150px.png","width":150,"height":91,"caption":"Institut Notre-Dame Beauraing"},"image":{"@id":"https:\/\/indbg.be\/secondaire\/#\/schema\/logo\/image\/"}}]}},"_links":{"self":[{"href":"https:\/\/indbg.be\/secondaire\/wp-json\/wp\/v2\/pages\/1223","targetHints":{"allow":["GET"]}}],"collection":[{"href":"https:\/\/indbg.be\/secondaire\/wp-json\/wp\/v2\/pages"}],"about":[{"href":"https:\/\/indbg.be\/secondaire\/wp-json\/wp\/v2\/types\/page"}],"author":[{"embeddable":true,"href":"https:\/\/indbg.be\/secondaire\/wp-json\/wp\/v2\/users\/1"}],"replies":[{"embeddable":true,"href":"https:\/\/indbg.be\/secondaire\/wp-json\/wp\/v2\/comments?post=1223"}],"version-history":[{"count":21,"href":"https:\/\/indbg.be\/secondaire\/wp-json\/wp\/v2\/pages\/1223\/revisions"}],"predecessor-version":[{"id":2265,"href":"https:\/\/indbg.be\/secondaire\/wp-json\/wp\/v2\/pages\/1223\/revisions\/2265"}],"wp:attachment":[{"href":"https:\/\/indbg.be\/secondaire\/wp-json\/wp\/v2\/media?parent=1223"}],"curies":[{"name":"wp","href":"https:\/\/api.w.org\/{rel}","templated":true}]}}