{"id":1254,"date":"2022-10-17T23:19:04","date_gmt":"2022-10-17T21:19:04","guid":{"rendered":"https:\/\/indbg.creativweb.be\/?page_id=1254"},"modified":"2025-07-08T10:47:34","modified_gmt":"2025-07-08T08:47:34","slug":"cefa-alternance","status":"publish","type":"page","link":"https:\/\/indbg.be\/secondaire\/cefa-alternance\/","title":{"rendered":"7e Alternance"},"content":{"rendered":"\n<p>Notre \u00e9tablissement organise des 7\u00e8me ann\u00e9es en lien direct avec les parcours professionnalisant.&nbsp;<\/p>\n\n\n\n<p>Cette formation compl\u00e9mentaire a un objectif double :<\/p>\n\n\n\n<ul class=\"wp-block-list\">\n<li>L\u2019obtention du CESS (certificat d\u2019enseignement sup\u00e9rieur)&nbsp;<\/li>\n\n\n\n<li>L\u2019obtention d\u2019une attestation de comp\u00e9tence compl\u00e9mentaire ou une qualification compl\u00e9mentaire (CQ7)<\/li>\n<\/ul>\n\n\n\n<p>Cette derni\u00e8re ann\u00e9e s\u2019organise en alternance (ALT) en collaboration avec le centre de formation en alternance (CEFA) du Condroz dont l\u2019\u00e9cole si\u00e8ge est le Coll\u00e8ge Notre-Dame de Dinant.\u00a0<\/p>\n\n\n\n<p><strong>Coordonnatrice CEFA<\/strong> : Julie JAMME &#8211; 082\/22.48.04<\/p>\n\n\n\n<p><strong>Accompagnatrice CEFA \u00e0 l&#8217;IND Beauraing<\/strong> : Xaviera FAUCHE &#8211; 082\/71.02.20<\/p>\n\n\n\n<figure class=\"wp-block-image size-large is-resized\"><img loading=\"lazy\" decoding=\"async\" width=\"987\" height=\"1024\" src=\"https:\/\/indbg.creativweb.be\/secondaire\/wp-content\/uploads\/2022\/11\/INDB-14-1-scaled-e1669209905666-987x1024.jpg\" alt=\"\" class=\"wp-image-1870\" style=\"width:138px;height:143px\" srcset=\"https:\/\/indbg.be\/secondaire\/wp-content\/uploads\/2022\/11\/INDB-14-1-scaled-e1669209905666-987x1024.jpg 987w, https:\/\/indbg.be\/secondaire\/wp-content\/uploads\/2022\/11\/INDB-14-1-scaled-e1669209905666-289x300.jpg 289w, https:\/\/indbg.be\/secondaire\/wp-content\/uploads\/2022\/11\/INDB-14-1-scaled-e1669209905666-768x797.jpg 768w, https:\/\/indbg.be\/secondaire\/wp-content\/uploads\/2022\/11\/INDB-14-1-scaled-e1669209905666-96x100.jpg 96w, https:\/\/indbg.be\/secondaire\/wp-content\/uploads\/2022\/11\/INDB-14-1-scaled-e1669209905666-1481x1536.jpg 1481w, https:\/\/indbg.be\/secondaire\/wp-content\/uploads\/2022\/11\/INDB-14-1-scaled-e1669209905666-145x150.jpg 145w, https:\/\/indbg.be\/secondaire\/wp-content\/uploads\/2022\/11\/INDB-14-1-scaled-e1669209905666.jpg 1708w\" sizes=\"auto, (max-width: 987px) 100vw, 987px\" \/><\/figure>\n\n\n\n<p>Les formations en alternance s\u2019articulent autour des cours suivis en \u00e9cole (2 jours) et les stages en entreprise (3 jours).&nbsp;<\/p>\n\n\n\n<p class=\"has-medium-font-size\"><strong>D\u00e9bouch\u00e9s&nbsp;<\/strong><\/p>\n\n\n\n<ul class=\"wp-block-list\">\n<li>Poursuivre des \u00e9tudes sup\u00e9rieures : baccalaur\u00e9at en lien avec les diff\u00e9rents sp\u00e9cialistes.<\/li>\n\n\n\n<li>S\u2019engager dans le monde du travail dans le domaine concern\u00e9 : \u00e9talagiste, cuisiniste, restaurateur de b\u00e2timent, \u2026&nbsp;<\/li>\n<\/ul>\n","protected":false},"excerpt":{"rendered":"<p>Notre \u00e9tablissement organise des 7\u00e8me ann\u00e9es en lien direct avec les parcours professionnalisant.&nbsp; Cette formation compl\u00e9mentaire a un objectif double : Cette derni\u00e8re ann\u00e9e s\u2019organise&nbsp;<a href=\"https:\/\/indbg.be\/secondaire\/cefa-alternance\/\">&hellip;<\/a><\/p>\n","protected":false},"author":1,"featured_media":0,"parent":0,"menu_order":0,"comment_status":"closed","ping_status":"closed","template":"template-sidebar-right-childpages.php","meta":{"footnotes":""},"class_list":["post-1254","page","type-page","status-publish","hentry","odd"],"yoast_head":"<!-- This site is optimized with the Yoast SEO plugin v19.10 - https:\/\/yoast.com\/wordpress\/plugins\/seo\/ -->\n<title>7e Alternance - Institut Notre-Dame Beauraing<\/title>\n<meta name=\"robots\" content=\"noindex, follow, max-snippet:-1, max-image-preview:large, max-video-preview:-1\" \/>\n<meta property=\"og:locale\" content=\"fr_FR\" \/>\n<meta property=\"og:type\" content=\"article\" \/>\n<meta property=\"og:title\" content=\"7e Alternance - Institut Notre-Dame Beauraing\" \/>\n<meta property=\"og:description\" content=\"Notre \u00e9tablissement organise des 7\u00e8me ann\u00e9es en lien direct avec les parcours professionnalisant.&nbsp; Cette formation compl\u00e9mentaire a un objectif double : Cette derni\u00e8re ann\u00e9e s\u2019organise&nbsp;&hellip;\" \/>\n<meta property=\"og:url\" content=\"https:\/\/indbg.be\/secondaire\/cefa-alternance\/\" \/>\n<meta property=\"og:site_name\" content=\"Institut Notre-Dame Beauraing\" \/>\n<meta property=\"article:modified_time\" content=\"2025-07-08T08:47:34+00:00\" \/>\n<meta property=\"og:image\" content=\"https:\/\/indbg.creativweb.be\/secondaire\/wp-content\/uploads\/2022\/11\/INDB-14-1-scaled-e1669209905666-987x1024.jpg\" \/>\n<meta name=\"twitter:card\" content=\"summary_large_image\" \/>\n<meta name=\"twitter:label1\" content=\"Dur\u00e9e de lecture estim\u00e9e\" \/>\n\t<meta name=\"twitter:data1\" content=\"1 minute\" \/>\n<script type=\"application\/ld+json\" class=\"yoast-schema-graph\">{\"@context\":\"https:\/\/schema.org\",\"@graph\":[{\"@type\":\"WebPage\",\"@id\":\"https:\/\/indbg.be\/secondaire\/cefa-alternance\/\",\"url\":\"https:\/\/indbg.be\/secondaire\/cefa-alternance\/\",\"name\":\"7e Alternance - Institut Notre-Dame Beauraing\",\"isPartOf\":{\"@id\":\"https:\/\/indbg.be\/secondaire\/#website\"},\"datePublished\":\"2022-10-17T21:19:04+00:00\",\"dateModified\":\"2025-07-08T08:47:34+00:00\",\"breadcrumb\":{\"@id\":\"https:\/\/indbg.be\/secondaire\/cefa-alternance\/#breadcrumb\"},\"inLanguage\":\"fr-FR\",\"potentialAction\":[{\"@type\":\"ReadAction\",\"target\":[\"https:\/\/indbg.be\/secondaire\/cefa-alternance\/\"]}]},{\"@type\":\"BreadcrumbList\",\"@id\":\"https:\/\/indbg.be\/secondaire\/cefa-alternance\/#breadcrumb\",\"itemListElement\":[{\"@type\":\"ListItem\",\"position\":1,\"name\":\"Accueil\",\"item\":\"https:\/\/indbg.be\/secondaire\/\"},{\"@type\":\"ListItem\",\"position\":2,\"name\":\"7e Alternance\"}]},{\"@type\":\"WebSite\",\"@id\":\"https:\/\/indbg.be\/secondaire\/#website\",\"url\":\"https:\/\/indbg.be\/secondaire\/\",\"name\":\"Institut Notre-Dame Beauraing\",\"description\":\"Une porte sur l&#039;avenir\",\"publisher\":{\"@id\":\"https:\/\/indbg.be\/secondaire\/#organization\"},\"potentialAction\":[{\"@type\":\"SearchAction\",\"target\":{\"@type\":\"EntryPoint\",\"urlTemplate\":\"https:\/\/indbg.be\/secondaire\/?s={search_term_string}\"},\"query-input\":\"required name=search_term_string\"}],\"inLanguage\":\"fr-FR\"},{\"@type\":\"Organization\",\"@id\":\"https:\/\/indbg.be\/secondaire\/#organization\",\"name\":\"Institut Notre-Dame Beauraing\",\"url\":\"https:\/\/indbg.be\/secondaire\/\",\"logo\":{\"@type\":\"ImageObject\",\"inLanguage\":\"fr-FR\",\"@id\":\"https:\/\/indbg.be\/secondaire\/#\/schema\/logo\/image\/\",\"url\":\"https:\/\/indbg.be\/secondaire\/wp-content\/uploads\/2022\/09\/LOGO_150px.png\",\"contentUrl\":\"https:\/\/indbg.be\/secondaire\/wp-content\/uploads\/2022\/09\/LOGO_150px.png\",\"width\":150,\"height\":91,\"caption\":\"Institut Notre-Dame Beauraing\"},\"image\":{\"@id\":\"https:\/\/indbg.be\/secondaire\/#\/schema\/logo\/image\/\"}}]}<\/script>\n<!-- \/ Yoast SEO plugin. -->","yoast_head_json":{"title":"7e Alternance - Institut Notre-Dame Beauraing","robots":{"index":"noindex","follow":"follow","max-snippet":"max-snippet:-1","max-image-preview":"max-image-preview:large","max-video-preview":"max-video-preview:-1"},"og_locale":"fr_FR","og_type":"article","og_title":"7e Alternance - Institut Notre-Dame Beauraing","og_description":"Notre \u00e9tablissement organise des 7\u00e8me ann\u00e9es en lien direct avec les parcours professionnalisant.&nbsp; Cette formation compl\u00e9mentaire a un objectif double : Cette derni\u00e8re ann\u00e9e s\u2019organise&nbsp;&hellip;","og_url":"https:\/\/indbg.be\/secondaire\/cefa-alternance\/","og_site_name":"Institut Notre-Dame Beauraing","article_modified_time":"2025-07-08T08:47:34+00:00","og_image":[{"url":"https:\/\/indbg.creativweb.be\/secondaire\/wp-content\/uploads\/2022\/11\/INDB-14-1-scaled-e1669209905666-987x1024.jpg"}],"twitter_card":"summary_large_image","twitter_misc":{"Dur\u00e9e de lecture estim\u00e9e":"1 minute"},"schema":{"@context":"https:\/\/schema.org","@graph":[{"@type":"WebPage","@id":"https:\/\/indbg.be\/secondaire\/cefa-alternance\/","url":"https:\/\/indbg.be\/secondaire\/cefa-alternance\/","name":"7e Alternance - Institut Notre-Dame Beauraing","isPartOf":{"@id":"https:\/\/indbg.be\/secondaire\/#website"},"datePublished":"2022-10-17T21:19:04+00:00","dateModified":"2025-07-08T08:47:34+00:00","breadcrumb":{"@id":"https:\/\/indbg.be\/secondaire\/cefa-alternance\/#breadcrumb"},"inLanguage":"fr-FR","potentialAction":[{"@type":"ReadAction","target":["https:\/\/indbg.be\/secondaire\/cefa-alternance\/"]}]},{"@type":"BreadcrumbList","@id":"https:\/\/indbg.be\/secondaire\/cefa-alternance\/#breadcrumb","itemListElement":[{"@type":"ListItem","position":1,"name":"Accueil","item":"https:\/\/indbg.be\/secondaire\/"},{"@type":"ListItem","position":2,"name":"7e Alternance"}]},{"@type":"WebSite","@id":"https:\/\/indbg.be\/secondaire\/#website","url":"https:\/\/indbg.be\/secondaire\/","name":"Institut Notre-Dame Beauraing","description":"Une porte sur l&#039;avenir","publisher":{"@id":"https:\/\/indbg.be\/secondaire\/#organization"},"potentialAction":[{"@type":"SearchAction","target":{"@type":"EntryPoint","urlTemplate":"https:\/\/indbg.be\/secondaire\/?s={search_term_string}"},"query-input":"required name=search_term_string"}],"inLanguage":"fr-FR"},{"@type":"Organization","@id":"https:\/\/indbg.be\/secondaire\/#organization","name":"Institut Notre-Dame Beauraing","url":"https:\/\/indbg.be\/secondaire\/","logo":{"@type":"ImageObject","inLanguage":"fr-FR","@id":"https:\/\/indbg.be\/secondaire\/#\/schema\/logo\/image\/","url":"https:\/\/indbg.be\/secondaire\/wp-content\/uploads\/2022\/09\/LOGO_150px.png","contentUrl":"https:\/\/indbg.be\/secondaire\/wp-content\/uploads\/2022\/09\/LOGO_150px.png","width":150,"height":91,"caption":"Institut Notre-Dame Beauraing"},"image":{"@id":"https:\/\/indbg.be\/secondaire\/#\/schema\/logo\/image\/"}}]}},"_links":{"self":[{"href":"https:\/\/indbg.be\/secondaire\/wp-json\/wp\/v2\/pages\/1254","targetHints":{"allow":["GET"]}}],"collection":[{"href":"https:\/\/indbg.be\/secondaire\/wp-json\/wp\/v2\/pages"}],"about":[{"href":"https:\/\/indbg.be\/secondaire\/wp-json\/wp\/v2\/types\/page"}],"author":[{"embeddable":true,"href":"https:\/\/indbg.be\/secondaire\/wp-json\/wp\/v2\/users\/1"}],"replies":[{"embeddable":true,"href":"https:\/\/indbg.be\/secondaire\/wp-json\/wp\/v2\/comments?post=1254"}],"version-history":[{"count":8,"href":"https:\/\/indbg.be\/secondaire\/wp-json\/wp\/v2\/pages\/1254\/revisions"}],"predecessor-version":[{"id":3333,"href":"https:\/\/indbg.be\/secondaire\/wp-json\/wp\/v2\/pages\/1254\/revisions\/3333"}],"wp:attachment":[{"href":"https:\/\/indbg.be\/secondaire\/wp-json\/wp\/v2\/media?parent=1254"}],"curies":[{"name":"wp","href":"https:\/\/api.w.org\/{rel}","templated":true}]}}