{"id":1677,"date":"2022-11-16T18:18:30","date_gmt":"2022-11-16T17:18:30","guid":{"rendered":"https:\/\/indbg.creativweb.be\/?page_id=1677"},"modified":"2025-07-08T11:18:07","modified_gmt":"2025-07-08T09:18:07","slug":"1677-2","status":"publish","type":"page","link":"https:\/\/indbg.be\/secondaire\/cefa-alternance\/1677-2\/","title":{"rendered":"Compl\u00e9ment en maintenance d\u2019\u00e9quipements techniques"},"content":{"rendered":"\r\n<p>L\u2019ouvrier en maintenance d\u2019\u00e9quipements techniques doit \u00eatre en mesure, suivant les consignes et dans les respect des r\u00e8gles de s\u00e9curit\u00e9, d\u2019hygi\u00e8ne et d\u2019environnement, d\u2019intervenir au niveau : installation, maintenance, remise en service d\u2019installations industrielles \u00e0 caract\u00e8re pluritechnologique.<\/p>\r\n\r\n\r\n\n<div class=\"wpdt-c row wpDataTableContainerSimpleTable wpDataTables wpDataTablesWrapper\n\"\n    >\n        <table id=\"wpdtSimpleTable-20\"\n           style=\"border-collapse:collapse;\n                   border-spacing:0px;\"\n           class=\"wpdtSimpleTable wpDataTable\"\n           data-column=\"2\"\n           data-rows=\"11\"\n           data-wpID=\"20\"\n           data-responsive=\"0\"\n           data-has-header=\"0\">\n\n                    <tbody>        <tr class=\"wpdt-cell-row \" >\n                                <td class=\"wpdt-cell wpdt-bold wpdt-merged-cell \"\n                     colspan=\"2\"  rowspan=\"1\"                     data-cell-id=\"A1\"\n                    data-col-index=\"0\"\n                    data-row-index=\"0\"\n                    style=\" width:146.84684684685%;                    padding:10px;\n                    \"\n                    >\n                                        Formation commune                    <\/td>\n                                                    <\/tr>\n                            <tr class=\"wpdt-cell-row \" >\n                                <td class=\"wpdt-cell wpdt-align-left\"\n                                            data-cell-id=\"A2\"\n                    data-col-index=\"0\"\n                    data-row-index=\"1\"\n                    style=\"                    padding:10px;\n                    \"\n                    >\n                                        Fran\u00e7ais                    <\/td>\n                                                <td class=\"wpdt-cell wpdt-align-left\"\n                                            data-cell-id=\"B2\"\n                    data-col-index=\"1\"\n                    data-row-index=\"1\"\n                    style=\"                    padding:10px;\n                    \"\n                    >\n                                        4                    <\/td>\n                                        <\/tr>\n                            <tr class=\"wpdt-cell-row \" >\n                                <td class=\"wpdt-cell wpdt-align-left\"\n                                            data-cell-id=\"A3\"\n                    data-col-index=\"0\"\n                    data-row-index=\"2\"\n                    style=\"                    padding:10px;\n                    \"\n                    >\n                                        Math\u00e9matique                    <\/td>\n                                                <td class=\"wpdt-cell wpdt-align-left\"\n                                            data-cell-id=\"B3\"\n                    data-col-index=\"1\"\n                    data-row-index=\"2\"\n                    style=\"                    padding:10px;\n                    \"\n                    >\n                                        2                    <\/td>\n                                        <\/tr>\n                            <tr class=\"wpdt-cell-row \" >\n                                <td class=\"wpdt-cell wpdt-align-left\"\n                                            data-cell-id=\"A4\"\n                    data-col-index=\"0\"\n                    data-row-index=\"3\"\n                    style=\"                    padding:10px;\n                    \"\n                    >\n                                        Formation scientifique                    <\/td>\n                                                <td class=\"wpdt-cell wpdt-align-left\"\n                                            data-cell-id=\"B4\"\n                    data-col-index=\"1\"\n                    data-row-index=\"3\"\n                    style=\"                    padding:10px;\n                    \"\n                    >\n                                        2                    <\/td>\n                                        <\/tr>\n                            <tr class=\"wpdt-cell-row \" >\n                                <td class=\"wpdt-cell wpdt-align-left\"\n                                            data-cell-id=\"A5\"\n                    data-col-index=\"0\"\n                    data-row-index=\"4\"\n                    style=\"                    padding:10px;\n                    \"\n                    >\n                                        Education physique                    <\/td>\n                                                <td class=\"wpdt-cell wpdt-align-left\"\n                                            data-cell-id=\"B5\"\n                    data-col-index=\"1\"\n                    data-row-index=\"4\"\n                    style=\"                    padding:10px;\n                    \"\n                    >\n                                        2                    <\/td>\n                                        <\/tr>\n                            <tr class=\"wpdt-cell-row \" >\n                                <td class=\"wpdt-cell wpdt-align-left\"\n                                            data-cell-id=\"A6\"\n                    data-col-index=\"0\"\n                    data-row-index=\"5\"\n                    style=\"                    padding:10px;\n                    \"\n                    >\n                                        Formation sociale et \u00e9conomique                    <\/td>\n                                                <td class=\"wpdt-cell wpdt-align-left\"\n                                            data-cell-id=\"B6\"\n                    data-col-index=\"1\"\n                    data-row-index=\"5\"\n                    style=\"                    padding:10px;\n                    \"\n                    >\n                                        2                    <\/td>\n                                        <\/tr>\n                            <tr class=\"wpdt-cell-row \" >\n                                <td class=\"wpdt-cell wpdt-align-left wpdt-bold wpdt-merged-cell \"\n                     colspan=\"2\"  rowspan=\"1\"                     data-cell-id=\"A7\"\n                    data-col-index=\"0\"\n                    data-row-index=\"6\"\n                    style=\"                    padding:10px;\n                    \"\n                    >\n                                        Compl\u00e9ment\n  en maintenance d\u2019\u00e9quipements techniques (PE\/ALT)                    <\/td>\n                                                    <\/tr>\n                            <tr class=\"wpdt-cell-row \" >\n                                <td class=\"wpdt-cell wpdt-align-left\"\n                                            data-cell-id=\"A8\"\n                    data-col-index=\"0\"\n                    data-row-index=\"7\"\n                    style=\"                    padding:10px;\n                    \"\n                    >\n                                        Electricit\u00e9 appliqu\u00e9e                    <\/td>\n                                                <td class=\"wpdt-cell wpdt-align-left\"\n                                            data-cell-id=\"B8\"\n                    data-col-index=\"1\"\n                    data-row-index=\"7\"\n                    style=\"                    padding:10px;\n                    \"\n                    >\n                                        3                    <\/td>\n                                        <\/tr>\n                            <tr class=\"wpdt-cell-row \" >\n                                <td class=\"wpdt-cell wpdt-align-left\"\n                                            data-cell-id=\"A9\"\n                    data-col-index=\"0\"\n                    data-row-index=\"8\"\n                    style=\"                    padding:10px;\n                    \"\n                    >\n                                        M\u00e9canique appliqu\u00e9e                    <\/td>\n                                                <td class=\"wpdt-cell wpdt-align-left\"\n                                            data-cell-id=\"B9\"\n                    data-col-index=\"1\"\n                    data-row-index=\"8\"\n                    style=\"                    padding:10px;\n                    \"\n                    >\n                                        3                    <\/td>\n                                        <\/tr>\n                            <tr class=\"wpdt-cell-row \" >\n                                <td class=\"wpdt-cell wpdt-align-left\"\n                                            data-cell-id=\"A10\"\n                    data-col-index=\"0\"\n                    data-row-index=\"9\"\n                    style=\"                    padding:10px;\n                    \"\n                    >\n                                        TP M\u00e9canique                    <\/td>\n                                                <td class=\"wpdt-cell wpdt-align-left\"\n                                            data-cell-id=\"B10\"\n                    data-col-index=\"1\"\n                    data-row-index=\"9\"\n                    style=\"                    padding:10px;\n                    \"\n                    >\n                                        4                    <\/td>\n                                        <\/tr>\n                            <tr class=\"wpdt-cell-row \" >\n                                <td class=\"wpdt-cell wpdt-align-left\"\n                                            data-cell-id=\"A11\"\n                    data-col-index=\"0\"\n                    data-row-index=\"10\"\n                    style=\"                    padding:10px;\n                    \"\n                    >\n                                        TP Electricit\u00e9                    <\/td>\n                                                <td class=\"wpdt-cell wpdt-align-left\"\n                                            data-cell-id=\"B11\"\n                    data-col-index=\"1\"\n                    data-row-index=\"10\"\n                    style=\"                    padding:10px;\n                    \"\n                    >\n                                        4                    <\/td>\n                                        <\/tr>\n                    <\/table>\n<\/div><style id='wpdt-custom-style-20'>\n<\/style>\n<style>\n                    \n        \/* td inner border color *\/\n    .wpdt-c.wpDataTablesWrapper table.wpDataTable.wpdtSimpleTable td,\n    .wpdt-c .wpDataTablesWrapper table.wpDataTable td {\n        border-color: #C0BFBF !important;\n    }\n                    \/* table outer border color *\/\n    .wpdt-c.wpDataTablesWrapper table.wpdtSimpleTable tr:last-child td,\n    .wpdt-c.wpDataTablesWrapper table.wpdtSimpleTable tr:last-child td.wpdt-merged-cell:last-child,\n    .wpdt-c.wpDataTablesWrapper table.wpdtSimpleTable tr:last-child td.wpdt-merged-cell,\n    .wpdt-c .wpDataTablesWrapper table.wpDataTable tr:last-child td {\n        border-bottom-color: #C0BFBF !important;\n    }\n    .wpdt-c.wpDataTablesWrapper table.wpdtSimpleTable tr td:first-child,\n    .wpdt-c .wpDataTablesWrapper table.wpDataTable tr td:first-child {\n        border-left-color: #C0BFBF !important;\n    }\n    .wpdt-c.wpDataTablesWrapper table.wpdtSimpleTable tr td:last-child,\n    .wpdt-c.wpDataTablesWrapper table.wpdtSimpleTable tr td.wpdt-merged-cell:last-child,\n    .wpdt-c .wpDataTablesWrapper table.wpDataTable tr td:last-child {\n        border-right-color: #C0BFBF !important;\n    }\n                                    .wpdt-c.wpDataTablesWrapper table.wpdtSimpleTable tr:first-child td {\n                    border-top-color: #C0BFBF !important;\n                }\n                                                                \n                <\/style>\n\n","protected":false},"excerpt":{"rendered":"<p>L\u2019ouvrier en maintenance d\u2019\u00e9quipements techniques doit \u00eatre en mesure, suivant les consignes et dans les respect des r\u00e8gles de s\u00e9curit\u00e9, d\u2019hygi\u00e8ne et d\u2019environnement, d\u2019intervenir au&nbsp;<a href=\"https:\/\/indbg.be\/secondaire\/cefa-alternance\/1677-2\/\">&hellip;<\/a><\/p>\n","protected":false},"author":2,"featured_media":0,"parent":1254,"menu_order":1,"comment_status":"closed","ping_status":"closed","template":"template-sidebar-right-childpages.php","meta":{"footnotes":""},"class_list":["post-1677","page","type-page","status-publish","hentry","odd"],"yoast_head":"<!-- This site is optimized with the Yoast SEO plugin v19.10 - https:\/\/yoast.com\/wordpress\/plugins\/seo\/ -->\n<title>Compl\u00e9ment en maintenance d\u2019\u00e9quipements techniques - Institut Notre-Dame Beauraing<\/title>\n<meta name=\"robots\" content=\"noindex, follow, max-snippet:-1, max-image-preview:large, max-video-preview:-1\" \/>\n<meta property=\"og:locale\" content=\"fr_FR\" \/>\n<meta property=\"og:type\" content=\"article\" \/>\n<meta property=\"og:title\" content=\"Compl\u00e9ment en maintenance d\u2019\u00e9quipements techniques - Institut Notre-Dame Beauraing\" \/>\n<meta property=\"og:description\" content=\"L\u2019ouvrier en maintenance d\u2019\u00e9quipements techniques doit \u00eatre en mesure, suivant les consignes et dans les respect des r\u00e8gles de s\u00e9curit\u00e9, d\u2019hygi\u00e8ne et d\u2019environnement, d\u2019intervenir au&nbsp;&hellip;\" \/>\n<meta property=\"og:url\" content=\"https:\/\/indbg.be\/secondaire\/cefa-alternance\/1677-2\/\" \/>\n<meta property=\"og:site_name\" content=\"Institut Notre-Dame Beauraing\" \/>\n<meta property=\"article:modified_time\" content=\"2025-07-08T09:18:07+00:00\" \/>\n<meta name=\"twitter:card\" content=\"summary_large_image\" \/>\n<meta name=\"twitter:label1\" content=\"Dur\u00e9e de lecture estim\u00e9e\" \/>\n\t<meta name=\"twitter:data1\" content=\"1 minute\" \/>\n<script type=\"application\/ld+json\" class=\"yoast-schema-graph\">{\"@context\":\"https:\/\/schema.org\",\"@graph\":[{\"@type\":\"WebPage\",\"@id\":\"https:\/\/indbg.be\/secondaire\/cefa-alternance\/1677-2\/\",\"url\":\"https:\/\/indbg.be\/secondaire\/cefa-alternance\/1677-2\/\",\"name\":\"Compl\u00e9ment en maintenance d\u2019\u00e9quipements techniques - Institut Notre-Dame Beauraing\",\"isPartOf\":{\"@id\":\"https:\/\/indbg.be\/secondaire\/#website\"},\"datePublished\":\"2022-11-16T17:18:30+00:00\",\"dateModified\":\"2025-07-08T09:18:07+00:00\",\"breadcrumb\":{\"@id\":\"https:\/\/indbg.be\/secondaire\/cefa-alternance\/1677-2\/#breadcrumb\"},\"inLanguage\":\"fr-FR\",\"potentialAction\":[{\"@type\":\"ReadAction\",\"target\":[\"https:\/\/indbg.be\/secondaire\/cefa-alternance\/1677-2\/\"]}]},{\"@type\":\"BreadcrumbList\",\"@id\":\"https:\/\/indbg.be\/secondaire\/cefa-alternance\/1677-2\/#breadcrumb\",\"itemListElement\":[{\"@type\":\"ListItem\",\"position\":1,\"name\":\"Accueil\",\"item\":\"https:\/\/indbg.be\/secondaire\/\"},{\"@type\":\"ListItem\",\"position\":2,\"name\":\"7e Alternance\",\"item\":\"https:\/\/indbg.be\/secondaire\/cefa-alternance\/\"},{\"@type\":\"ListItem\",\"position\":3,\"name\":\"Compl\u00e9ment en maintenance d\u2019\u00e9quipements techniques\"}]},{\"@type\":\"WebSite\",\"@id\":\"https:\/\/indbg.be\/secondaire\/#website\",\"url\":\"https:\/\/indbg.be\/secondaire\/\",\"name\":\"Institut Notre-Dame Beauraing\",\"description\":\"Une porte sur l&#039;avenir\",\"publisher\":{\"@id\":\"https:\/\/indbg.be\/secondaire\/#organization\"},\"potentialAction\":[{\"@type\":\"SearchAction\",\"target\":{\"@type\":\"EntryPoint\",\"urlTemplate\":\"https:\/\/indbg.be\/secondaire\/?s={search_term_string}\"},\"query-input\":\"required name=search_term_string\"}],\"inLanguage\":\"fr-FR\"},{\"@type\":\"Organization\",\"@id\":\"https:\/\/indbg.be\/secondaire\/#organization\",\"name\":\"Institut Notre-Dame Beauraing\",\"url\":\"https:\/\/indbg.be\/secondaire\/\",\"logo\":{\"@type\":\"ImageObject\",\"inLanguage\":\"fr-FR\",\"@id\":\"https:\/\/indbg.be\/secondaire\/#\/schema\/logo\/image\/\",\"url\":\"https:\/\/indbg.be\/secondaire\/wp-content\/uploads\/2022\/09\/LOGO_150px.png\",\"contentUrl\":\"https:\/\/indbg.be\/secondaire\/wp-content\/uploads\/2022\/09\/LOGO_150px.png\",\"width\":150,\"height\":91,\"caption\":\"Institut Notre-Dame Beauraing\"},\"image\":{\"@id\":\"https:\/\/indbg.be\/secondaire\/#\/schema\/logo\/image\/\"}}]}<\/script>\n<!-- \/ Yoast SEO plugin. -->","yoast_head_json":{"title":"Compl\u00e9ment en maintenance d\u2019\u00e9quipements techniques - Institut Notre-Dame Beauraing","robots":{"index":"noindex","follow":"follow","max-snippet":"max-snippet:-1","max-image-preview":"max-image-preview:large","max-video-preview":"max-video-preview:-1"},"og_locale":"fr_FR","og_type":"article","og_title":"Compl\u00e9ment en maintenance d\u2019\u00e9quipements techniques - Institut Notre-Dame Beauraing","og_description":"L\u2019ouvrier en maintenance d\u2019\u00e9quipements techniques doit \u00eatre en mesure, suivant les consignes et dans les respect des r\u00e8gles de s\u00e9curit\u00e9, d\u2019hygi\u00e8ne et d\u2019environnement, d\u2019intervenir au&nbsp;&hellip;","og_url":"https:\/\/indbg.be\/secondaire\/cefa-alternance\/1677-2\/","og_site_name":"Institut Notre-Dame Beauraing","article_modified_time":"2025-07-08T09:18:07+00:00","twitter_card":"summary_large_image","twitter_misc":{"Dur\u00e9e de lecture estim\u00e9e":"1 minute"},"schema":{"@context":"https:\/\/schema.org","@graph":[{"@type":"WebPage","@id":"https:\/\/indbg.be\/secondaire\/cefa-alternance\/1677-2\/","url":"https:\/\/indbg.be\/secondaire\/cefa-alternance\/1677-2\/","name":"Compl\u00e9ment en maintenance d\u2019\u00e9quipements techniques - Institut Notre-Dame Beauraing","isPartOf":{"@id":"https:\/\/indbg.be\/secondaire\/#website"},"datePublished":"2022-11-16T17:18:30+00:00","dateModified":"2025-07-08T09:18:07+00:00","breadcrumb":{"@id":"https:\/\/indbg.be\/secondaire\/cefa-alternance\/1677-2\/#breadcrumb"},"inLanguage":"fr-FR","potentialAction":[{"@type":"ReadAction","target":["https:\/\/indbg.be\/secondaire\/cefa-alternance\/1677-2\/"]}]},{"@type":"BreadcrumbList","@id":"https:\/\/indbg.be\/secondaire\/cefa-alternance\/1677-2\/#breadcrumb","itemListElement":[{"@type":"ListItem","position":1,"name":"Accueil","item":"https:\/\/indbg.be\/secondaire\/"},{"@type":"ListItem","position":2,"name":"7e Alternance","item":"https:\/\/indbg.be\/secondaire\/cefa-alternance\/"},{"@type":"ListItem","position":3,"name":"Compl\u00e9ment en maintenance d\u2019\u00e9quipements techniques"}]},{"@type":"WebSite","@id":"https:\/\/indbg.be\/secondaire\/#website","url":"https:\/\/indbg.be\/secondaire\/","name":"Institut Notre-Dame Beauraing","description":"Une porte sur l&#039;avenir","publisher":{"@id":"https:\/\/indbg.be\/secondaire\/#organization"},"potentialAction":[{"@type":"SearchAction","target":{"@type":"EntryPoint","urlTemplate":"https:\/\/indbg.be\/secondaire\/?s={search_term_string}"},"query-input":"required name=search_term_string"}],"inLanguage":"fr-FR"},{"@type":"Organization","@id":"https:\/\/indbg.be\/secondaire\/#organization","name":"Institut Notre-Dame Beauraing","url":"https:\/\/indbg.be\/secondaire\/","logo":{"@type":"ImageObject","inLanguage":"fr-FR","@id":"https:\/\/indbg.be\/secondaire\/#\/schema\/logo\/image\/","url":"https:\/\/indbg.be\/secondaire\/wp-content\/uploads\/2022\/09\/LOGO_150px.png","contentUrl":"https:\/\/indbg.be\/secondaire\/wp-content\/uploads\/2022\/09\/LOGO_150px.png","width":150,"height":91,"caption":"Institut Notre-Dame Beauraing"},"image":{"@id":"https:\/\/indbg.be\/secondaire\/#\/schema\/logo\/image\/"}}]}},"_links":{"self":[{"href":"https:\/\/indbg.be\/secondaire\/wp-json\/wp\/v2\/pages\/1677","targetHints":{"allow":["GET"]}}],"collection":[{"href":"https:\/\/indbg.be\/secondaire\/wp-json\/wp\/v2\/pages"}],"about":[{"href":"https:\/\/indbg.be\/secondaire\/wp-json\/wp\/v2\/types\/page"}],"author":[{"embeddable":true,"href":"https:\/\/indbg.be\/secondaire\/wp-json\/wp\/v2\/users\/2"}],"replies":[{"embeddable":true,"href":"https:\/\/indbg.be\/secondaire\/wp-json\/wp\/v2\/comments?post=1677"}],"version-history":[{"count":5,"href":"https:\/\/indbg.be\/secondaire\/wp-json\/wp\/v2\/pages\/1677\/revisions"}],"predecessor-version":[{"id":3337,"href":"https:\/\/indbg.be\/secondaire\/wp-json\/wp\/v2\/pages\/1677\/revisions\/3337"}],"up":[{"embeddable":true,"href":"https:\/\/indbg.be\/secondaire\/wp-json\/wp\/v2\/pages\/1254"}],"wp:attachment":[{"href":"https:\/\/indbg.be\/secondaire\/wp-json\/wp\/v2\/media?parent=1677"}],"curies":[{"name":"wp","href":"https:\/\/api.w.org\/{rel}","templated":true}]}}