{"id":1688,"date":"2022-11-16T18:30:47","date_gmt":"2022-11-16T17:30:47","guid":{"rendered":"https:\/\/indbg.creativweb.be\/?page_id=1688"},"modified":"2025-07-08T11:17:47","modified_gmt":"2025-07-08T09:17:47","slug":"complement-en-renovation-restauration-et-conservation-du-batiment-alt","status":"publish","type":"page","link":"https:\/\/indbg.be\/secondaire\/cefa-alternance\/complement-en-renovation-restauration-et-conservation-du-batiment-alt\/","title":{"rendered":"Ouvrier en r\u00e9novation, restauration et conservation du b\u00e2timent"},"content":{"rendered":"\t\t<div data-elementor-type=\"wp-page\" data-elementor-id=\"1688\" class=\"elementor elementor-1688\">\n\t\t\t\t\t\t<div class=\"elementor-inner\">\n\t\t\t\t<div class=\"elementor-section-wrap\">\n\t\t\t\t\t\t\t\t\t<section class=\"elementor-section elementor-top-section elementor-element elementor-element-71c7cdcd elementor-section-boxed elementor-section-height-default elementor-section-height-default\" data-id=\"71c7cdcd\" data-element_type=\"section\">\n\t\t\t\t\t\t<div class=\"elementor-container elementor-column-gap-default\">\n\t\t\t\t\t\t\t<div class=\"elementor-row\">\n\t\t\t\t\t<div class=\"elementor-column elementor-col-100 elementor-top-column elementor-element elementor-element-6e6ea32c\" data-id=\"6e6ea32c\" data-element_type=\"column\">\n\t\t\t<div class=\"elementor-column-wrap elementor-element-populated\">\n\t\t\t\t\t\t\t<div class=\"elementor-widget-wrap\">\n\t\t\t\t\t\t<div class=\"elementor-element elementor-element-415c0332 elementor-widget elementor-widget-text-editor\" data-id=\"415c0332\" data-element_type=\"widget\" data-widget_type=\"text-editor.default\">\n\t\t\t\t<div class=\"elementor-widget-container\">\n\t\t\t\t\t\t\t\t<div class=\"elementor-text-editor elementor-clearfix\">\n\t\t\t\t<p><!-- wp:paragraph --><\/p>\n<p>L\u2019ouvrier en r\u00e9novation, restauration et conservation du b\u00e2timent r\u00e9nove, restaure et conserve des structures en ma\u00e7onneries, en veillant \u00e0 la stabilit\u00e9 des ouvrages. Il est aussi amen\u00e9 \u00e0 r\u00e9nover et \u00e0 conserver des \u00e9l\u00e9ments en pierre naturelle taill\u00e9e. Il proc\u00e8de au ravalement de fa\u00e7ades et de murs int\u00e9rieurs et traite les ouvrages contre l\u2019humidit\u00e9 et les sels. L\u2019ouvrier en r\u00e9novation, restauration et conservation du b\u00e2timent r\u00e9alise \u00e9galement des transformations dans les b\u00e2timents existants.<\/p>\n<p><!-- \/wp:paragraph --><\/p>\n<p><!-- wp:shortcode --><br \/>\n<div class=\"wpdt-c row wpDataTableContainerSimpleTable wpDataTables wpDataTablesWrapper\n\"\n    >\n        <table id=\"wpdtSimpleTable-23\"\n           style=\"border-collapse:collapse;\n                   border-spacing:0px;\"\n           class=\"wpdtSimpleTable wpDataTable\"\n           data-column=\"2\"\n           data-rows=\"8\"\n           data-wpID=\"23\"\n           data-responsive=\"0\"\n           data-has-header=\"0\">\n\n                    <tbody>        <tr class=\"wpdt-cell-row \" >\n                                <td class=\"wpdt-cell wpdt-align-center wpdt-bold wpdt-merged-cell \"\n                     colspan=\"2\"  rowspan=\"1\"                     data-cell-id=\"A1\"\n                    data-col-index=\"0\"\n                    data-row-index=\"0\"\n                    style=\" width:154.28571428571%;                    padding:10px;\n                    \"\n                    >\n                                        Formation commune                    <\/td>\n                                                    <\/tr>\n                            <tr class=\"wpdt-cell-row \" >\n                                <td class=\"wpdt-cell wpdt-align-left\"\n                                            data-cell-id=\"A2\"\n                    data-col-index=\"0\"\n                    data-row-index=\"1\"\n                    style=\"                    padding:10px;\n                    \"\n                    >\n                                        Fran\u00e7ais                    <\/td>\n                                                <td class=\"wpdt-cell \"\n                                            data-cell-id=\"B2\"\n                    data-col-index=\"1\"\n                    data-row-index=\"1\"\n                    style=\"                    padding:10px;\n                    \"\n                    >\n                                        4                    <\/td>\n                                        <\/tr>\n                            <tr class=\"wpdt-cell-row \" >\n                                <td class=\"wpdt-cell wpdt-align-left\"\n                                            data-cell-id=\"A3\"\n                    data-col-index=\"0\"\n                    data-row-index=\"2\"\n                    style=\"                    padding:10px;\n                    \"\n                    >\n                                        Math\u00e9matique                    <\/td>\n                                                <td class=\"wpdt-cell \"\n                                            data-cell-id=\"B3\"\n                    data-col-index=\"1\"\n                    data-row-index=\"2\"\n                    style=\"                    padding:10px;\n                    \"\n                    >\n                                        2                    <\/td>\n                                        <\/tr>\n                            <tr class=\"wpdt-cell-row \" >\n                                <td class=\"wpdt-cell wpdt-align-left\"\n                                            data-cell-id=\"A4\"\n                    data-col-index=\"0\"\n                    data-row-index=\"3\"\n                    style=\"                    padding:10px;\n                    \"\n                    >\n                                        Formation scientifique                    <\/td>\n                                                <td class=\"wpdt-cell \"\n                                            data-cell-id=\"B4\"\n                    data-col-index=\"1\"\n                    data-row-index=\"3\"\n                    style=\"                    padding:10px;\n                    \"\n                    >\n                                        2                    <\/td>\n                                        <\/tr>\n                            <tr class=\"wpdt-cell-row \" >\n                                <td class=\"wpdt-cell wpdt-align-left\"\n                                            data-cell-id=\"A5\"\n                    data-col-index=\"0\"\n                    data-row-index=\"4\"\n                    style=\"                    padding:10px;\n                    \"\n                    >\n                                        Education physique                    <\/td>\n                                                <td class=\"wpdt-cell \"\n                                            data-cell-id=\"B5\"\n                    data-col-index=\"1\"\n                    data-row-index=\"4\"\n                    style=\"                    padding:10px;\n                    \"\n                    >\n                                        2                    <\/td>\n                                        <\/tr>\n                            <tr class=\"wpdt-cell-row \" >\n                                <td class=\"wpdt-cell wpdt-align-left\"\n                                            data-cell-id=\"A6\"\n                    data-col-index=\"0\"\n                    data-row-index=\"5\"\n                    style=\"                    padding:10px;\n                    \"\n                    >\n                                        Formation sociale et \u00e9conomique                    <\/td>\n                                                <td class=\"wpdt-cell \"\n                                            data-cell-id=\"B6\"\n                    data-col-index=\"1\"\n                    data-row-index=\"5\"\n                    style=\"                    padding:10px;\n                    \"\n                    >\n                                        2                    <\/td>\n                                        <\/tr>\n                            <tr class=\"wpdt-cell-row \" >\n                                <td class=\"wpdt-cell wpdt-bold wpdt-align-center wpdt-merged-cell \"\n                     colspan=\"2\"  rowspan=\"1\"                     data-cell-id=\"A7\"\n                    data-col-index=\"0\"\n                    data-row-index=\"6\"\n                    style=\"                    padding:10px;\n                    \"\n                    >\n                                        Ouvrier \n  en r\u00e9novation, restauration et conservation du b\u00e2timent (ALT)                    <\/td>\n                                                    <\/tr>\n                            <tr class=\"wpdt-cell-row \" >\n                                <td class=\"wpdt-cell wpdt-align-left\"\n                                            data-cell-id=\"A8\"\n                    data-col-index=\"0\"\n                    data-row-index=\"7\"\n                    style=\"                    padding:10px;\n                    \"\n                    >\n                                        Cours techniques                    <\/td>\n                                                <td class=\"wpdt-cell wpdt-align-left\"\n                                            data-cell-id=\"B8\"\n                    data-col-index=\"1\"\n                    data-row-index=\"7\"\n                    style=\"                    padding:10px;\n                    \"\n                    >\n                                        6                    <\/td>\n                                        <\/tr>\n                    <\/table>\n<\/div><style id='wpdt-custom-style-23'>\n<\/style>\n<style>\n                    \n        \/* td inner border color *\/\n    .wpdt-c.wpDataTablesWrapper table.wpDataTable.wpdtSimpleTable td,\n    .wpdt-c .wpDataTablesWrapper table.wpDataTable td {\n        border-color: #C0BFBF !important;\n    }\n                    \/* table outer border color *\/\n    .wpdt-c.wpDataTablesWrapper table.wpdtSimpleTable tr:last-child td,\n    .wpdt-c.wpDataTablesWrapper table.wpdtSimpleTable tr:last-child td.wpdt-merged-cell:last-child,\n    .wpdt-c.wpDataTablesWrapper table.wpdtSimpleTable tr:last-child td.wpdt-merged-cell,\n    .wpdt-c .wpDataTablesWrapper table.wpDataTable tr:last-child td {\n        border-bottom-color: #C0BFBF !important;\n    }\n    .wpdt-c.wpDataTablesWrapper table.wpdtSimpleTable tr td:first-child,\n    .wpdt-c .wpDataTablesWrapper table.wpDataTable tr td:first-child {\n        border-left-color: #C0BFBF !important;\n    }\n    .wpdt-c.wpDataTablesWrapper table.wpdtSimpleTable tr td:last-child,\n    .wpdt-c.wpDataTablesWrapper table.wpdtSimpleTable tr td.wpdt-merged-cell:last-child,\n    .wpdt-c .wpDataTablesWrapper table.wpDataTable tr td:last-child {\n        border-right-color: #C0BFBF !important;\n    }\n                                    .wpdt-c.wpDataTablesWrapper table.wpdtSimpleTable tr:first-child td {\n                    border-top-color: #C0BFBF !important;\n                }\n                                                                \n                <\/style>\n<\/p>\t\t\t\t\t<\/div>\n\t\t\t\t\t\t<\/div>\n\t\t\t\t<\/div>\n\t\t\t\t\t\t<\/div>\n\t\t\t\t\t<\/div>\n\t\t<\/div>\n\t\t\t\t\t\t\t\t<\/div>\n\t\t\t\t\t<\/div>\n\t\t<\/section>\n\t\t\t\t<section class=\"elementor-section elementor-top-section elementor-element elementor-element-f80e27d elementor-section-boxed elementor-section-height-default elementor-section-height-default\" data-id=\"f80e27d\" data-element_type=\"section\">\n\t\t\t\t\t\t<div class=\"elementor-container elementor-column-gap-default\">\n\t\t\t\t\t\t\t<div class=\"elementor-row\">\n\t\t\t\t\t<div class=\"elementor-column elementor-col-100 elementor-top-column elementor-element elementor-element-3353f7b\" data-id=\"3353f7b\" data-element_type=\"column\">\n\t\t\t<div class=\"elementor-column-wrap elementor-element-populated\">\n\t\t\t\t\t\t\t<div class=\"elementor-widget-wrap\">\n\t\t\t\t\t\t<div class=\"elementor-element elementor-element-0f06593 elementor-widget elementor-widget-text-editor\" data-id=\"0f06593\" data-element_type=\"widget\" data-widget_type=\"text-editor.default\">\n\t\t\t\t<div class=\"elementor-widget-container\">\n\t\t\t\t\t\t\t\t<div class=\"elementor-text-editor elementor-clearfix\">\n\t\t\t\t<p>Depuis 2023, la 7P de qualification professionnelle ouvrier en r\u00e9novation, restauration et conservation du b\u00e2timent int\u00e8gre le nouveau parcours d\u2019enseignement qualifiant. Cette r\u00e9forme impose l\u2019\u00e9valuation modulaire par validation d\u2019unit\u00e9s de qualification. En fin de parcours, si l\u2019\u00e9l\u00e8ve n\u2019a pas r\u00e9ussi, il est d\u2019office admis dans un dispositif de fin de parcours.&nbsp;<\/p>\t\t\t\t\t<\/div>\n\t\t\t\t\t\t<\/div>\n\t\t\t\t<\/div>\n\t\t\t\t\t\t<\/div>\n\t\t\t\t\t<\/div>\n\t\t<\/div>\n\t\t\t\t\t\t\t\t<\/div>\n\t\t\t\t\t<\/div>\n\t\t<\/section>\n\t\t\t\t\t\t\t\t\t<\/div>\n\t\t\t<\/div>\n\t\t\t\t\t<\/div>\n\t\t","protected":false},"excerpt":{"rendered":"<p>L\u2019ouvrier en r\u00e9novation, restauration et conservation du b\u00e2timent r\u00e9nove, restaure et conserve des structures en ma\u00e7onneries, en veillant \u00e0 la stabilit\u00e9 des ouvrages. Il est&nbsp;<a href=\"https:\/\/indbg.be\/secondaire\/cefa-alternance\/complement-en-renovation-restauration-et-conservation-du-batiment-alt\/\">&hellip;<\/a><\/p>\n","protected":false},"author":2,"featured_media":0,"parent":1254,"menu_order":0,"comment_status":"closed","ping_status":"closed","template":"template-sidebar-right-childpages.php","meta":{"footnotes":""},"class_list":["post-1688","page","type-page","status-publish","hentry","odd"],"yoast_head":"<!-- This site is optimized with the Yoast SEO plugin v19.10 - https:\/\/yoast.com\/wordpress\/plugins\/seo\/ -->\n<title>Ouvrier en r\u00e9novation, restauration et conservation du b\u00e2timent - Institut Notre-Dame Beauraing<\/title>\n<meta name=\"robots\" content=\"noindex, follow, max-snippet:-1, max-image-preview:large, max-video-preview:-1\" \/>\n<meta property=\"og:locale\" content=\"fr_FR\" \/>\n<meta property=\"og:type\" content=\"article\" \/>\n<meta property=\"og:title\" content=\"Ouvrier en r\u00e9novation, restauration et conservation du b\u00e2timent - Institut Notre-Dame Beauraing\" \/>\n<meta property=\"og:description\" content=\"L\u2019ouvrier en r\u00e9novation, restauration et conservation du b\u00e2timent r\u00e9nove, restaure et conserve des structures en ma\u00e7onneries, en veillant \u00e0 la stabilit\u00e9 des ouvrages. Il est&nbsp;&hellip;\" \/>\n<meta property=\"og:url\" content=\"https:\/\/indbg.be\/secondaire\/cefa-alternance\/complement-en-renovation-restauration-et-conservation-du-batiment-alt\/\" \/>\n<meta property=\"og:site_name\" content=\"Institut Notre-Dame Beauraing\" \/>\n<meta property=\"article:modified_time\" content=\"2025-07-08T09:17:47+00:00\" \/>\n<meta name=\"twitter:card\" content=\"summary_large_image\" \/>\n<meta name=\"twitter:label1\" content=\"Dur\u00e9e de lecture estim\u00e9e\" \/>\n\t<meta name=\"twitter:data1\" content=\"1 minute\" \/>\n<script type=\"application\/ld+json\" class=\"yoast-schema-graph\">{\"@context\":\"https:\/\/schema.org\",\"@graph\":[{\"@type\":\"WebPage\",\"@id\":\"https:\/\/indbg.be\/secondaire\/cefa-alternance\/complement-en-renovation-restauration-et-conservation-du-batiment-alt\/\",\"url\":\"https:\/\/indbg.be\/secondaire\/cefa-alternance\/complement-en-renovation-restauration-et-conservation-du-batiment-alt\/\",\"name\":\"Ouvrier en r\u00e9novation, restauration et conservation du b\u00e2timent - Institut Notre-Dame Beauraing\",\"isPartOf\":{\"@id\":\"https:\/\/indbg.be\/secondaire\/#website\"},\"datePublished\":\"2022-11-16T17:30:47+00:00\",\"dateModified\":\"2025-07-08T09:17:47+00:00\",\"breadcrumb\":{\"@id\":\"https:\/\/indbg.be\/secondaire\/cefa-alternance\/complement-en-renovation-restauration-et-conservation-du-batiment-alt\/#breadcrumb\"},\"inLanguage\":\"fr-FR\",\"potentialAction\":[{\"@type\":\"ReadAction\",\"target\":[\"https:\/\/indbg.be\/secondaire\/cefa-alternance\/complement-en-renovation-restauration-et-conservation-du-batiment-alt\/\"]}]},{\"@type\":\"BreadcrumbList\",\"@id\":\"https:\/\/indbg.be\/secondaire\/cefa-alternance\/complement-en-renovation-restauration-et-conservation-du-batiment-alt\/#breadcrumb\",\"itemListElement\":[{\"@type\":\"ListItem\",\"position\":1,\"name\":\"Accueil\",\"item\":\"https:\/\/indbg.be\/secondaire\/\"},{\"@type\":\"ListItem\",\"position\":2,\"name\":\"7e Alternance\",\"item\":\"https:\/\/indbg.be\/secondaire\/cefa-alternance\/\"},{\"@type\":\"ListItem\",\"position\":3,\"name\":\"Ouvrier en r\u00e9novation, restauration et conservation du b\u00e2timent\"}]},{\"@type\":\"WebSite\",\"@id\":\"https:\/\/indbg.be\/secondaire\/#website\",\"url\":\"https:\/\/indbg.be\/secondaire\/\",\"name\":\"Institut Notre-Dame Beauraing\",\"description\":\"Une porte sur l&#039;avenir\",\"publisher\":{\"@id\":\"https:\/\/indbg.be\/secondaire\/#organization\"},\"potentialAction\":[{\"@type\":\"SearchAction\",\"target\":{\"@type\":\"EntryPoint\",\"urlTemplate\":\"https:\/\/indbg.be\/secondaire\/?s={search_term_string}\"},\"query-input\":\"required name=search_term_string\"}],\"inLanguage\":\"fr-FR\"},{\"@type\":\"Organization\",\"@id\":\"https:\/\/indbg.be\/secondaire\/#organization\",\"name\":\"Institut Notre-Dame Beauraing\",\"url\":\"https:\/\/indbg.be\/secondaire\/\",\"logo\":{\"@type\":\"ImageObject\",\"inLanguage\":\"fr-FR\",\"@id\":\"https:\/\/indbg.be\/secondaire\/#\/schema\/logo\/image\/\",\"url\":\"https:\/\/indbg.be\/secondaire\/wp-content\/uploads\/2022\/09\/LOGO_150px.png\",\"contentUrl\":\"https:\/\/indbg.be\/secondaire\/wp-content\/uploads\/2022\/09\/LOGO_150px.png\",\"width\":150,\"height\":91,\"caption\":\"Institut Notre-Dame Beauraing\"},\"image\":{\"@id\":\"https:\/\/indbg.be\/secondaire\/#\/schema\/logo\/image\/\"}}]}<\/script>\n<!-- \/ Yoast SEO plugin. -->","yoast_head_json":{"title":"Ouvrier en r\u00e9novation, restauration et conservation du b\u00e2timent - Institut Notre-Dame Beauraing","robots":{"index":"noindex","follow":"follow","max-snippet":"max-snippet:-1","max-image-preview":"max-image-preview:large","max-video-preview":"max-video-preview:-1"},"og_locale":"fr_FR","og_type":"article","og_title":"Ouvrier en r\u00e9novation, restauration et conservation du b\u00e2timent - Institut Notre-Dame Beauraing","og_description":"L\u2019ouvrier en r\u00e9novation, restauration et conservation du b\u00e2timent r\u00e9nove, restaure et conserve des structures en ma\u00e7onneries, en veillant \u00e0 la stabilit\u00e9 des ouvrages. Il est&nbsp;&hellip;","og_url":"https:\/\/indbg.be\/secondaire\/cefa-alternance\/complement-en-renovation-restauration-et-conservation-du-batiment-alt\/","og_site_name":"Institut Notre-Dame Beauraing","article_modified_time":"2025-07-08T09:17:47+00:00","twitter_card":"summary_large_image","twitter_misc":{"Dur\u00e9e de lecture estim\u00e9e":"1 minute"},"schema":{"@context":"https:\/\/schema.org","@graph":[{"@type":"WebPage","@id":"https:\/\/indbg.be\/secondaire\/cefa-alternance\/complement-en-renovation-restauration-et-conservation-du-batiment-alt\/","url":"https:\/\/indbg.be\/secondaire\/cefa-alternance\/complement-en-renovation-restauration-et-conservation-du-batiment-alt\/","name":"Ouvrier en r\u00e9novation, restauration et conservation du b\u00e2timent - Institut Notre-Dame Beauraing","isPartOf":{"@id":"https:\/\/indbg.be\/secondaire\/#website"},"datePublished":"2022-11-16T17:30:47+00:00","dateModified":"2025-07-08T09:17:47+00:00","breadcrumb":{"@id":"https:\/\/indbg.be\/secondaire\/cefa-alternance\/complement-en-renovation-restauration-et-conservation-du-batiment-alt\/#breadcrumb"},"inLanguage":"fr-FR","potentialAction":[{"@type":"ReadAction","target":["https:\/\/indbg.be\/secondaire\/cefa-alternance\/complement-en-renovation-restauration-et-conservation-du-batiment-alt\/"]}]},{"@type":"BreadcrumbList","@id":"https:\/\/indbg.be\/secondaire\/cefa-alternance\/complement-en-renovation-restauration-et-conservation-du-batiment-alt\/#breadcrumb","itemListElement":[{"@type":"ListItem","position":1,"name":"Accueil","item":"https:\/\/indbg.be\/secondaire\/"},{"@type":"ListItem","position":2,"name":"7e Alternance","item":"https:\/\/indbg.be\/secondaire\/cefa-alternance\/"},{"@type":"ListItem","position":3,"name":"Ouvrier en r\u00e9novation, restauration et conservation du b\u00e2timent"}]},{"@type":"WebSite","@id":"https:\/\/indbg.be\/secondaire\/#website","url":"https:\/\/indbg.be\/secondaire\/","name":"Institut Notre-Dame Beauraing","description":"Une porte sur l&#039;avenir","publisher":{"@id":"https:\/\/indbg.be\/secondaire\/#organization"},"potentialAction":[{"@type":"SearchAction","target":{"@type":"EntryPoint","urlTemplate":"https:\/\/indbg.be\/secondaire\/?s={search_term_string}"},"query-input":"required name=search_term_string"}],"inLanguage":"fr-FR"},{"@type":"Organization","@id":"https:\/\/indbg.be\/secondaire\/#organization","name":"Institut Notre-Dame Beauraing","url":"https:\/\/indbg.be\/secondaire\/","logo":{"@type":"ImageObject","inLanguage":"fr-FR","@id":"https:\/\/indbg.be\/secondaire\/#\/schema\/logo\/image\/","url":"https:\/\/indbg.be\/secondaire\/wp-content\/uploads\/2022\/09\/LOGO_150px.png","contentUrl":"https:\/\/indbg.be\/secondaire\/wp-content\/uploads\/2022\/09\/LOGO_150px.png","width":150,"height":91,"caption":"Institut Notre-Dame Beauraing"},"image":{"@id":"https:\/\/indbg.be\/secondaire\/#\/schema\/logo\/image\/"}}]}},"_links":{"self":[{"href":"https:\/\/indbg.be\/secondaire\/wp-json\/wp\/v2\/pages\/1688","targetHints":{"allow":["GET"]}}],"collection":[{"href":"https:\/\/indbg.be\/secondaire\/wp-json\/wp\/v2\/pages"}],"about":[{"href":"https:\/\/indbg.be\/secondaire\/wp-json\/wp\/v2\/types\/page"}],"author":[{"embeddable":true,"href":"https:\/\/indbg.be\/secondaire\/wp-json\/wp\/v2\/users\/2"}],"replies":[{"embeddable":true,"href":"https:\/\/indbg.be\/secondaire\/wp-json\/wp\/v2\/comments?post=1688"}],"version-history":[{"count":7,"href":"https:\/\/indbg.be\/secondaire\/wp-json\/wp\/v2\/pages\/1688\/revisions"}],"predecessor-version":[{"id":3336,"href":"https:\/\/indbg.be\/secondaire\/wp-json\/wp\/v2\/pages\/1688\/revisions\/3336"}],"up":[{"embeddable":true,"href":"https:\/\/indbg.be\/secondaire\/wp-json\/wp\/v2\/pages\/1254"}],"wp:attachment":[{"href":"https:\/\/indbg.be\/secondaire\/wp-json\/wp\/v2\/media?parent=1688"}],"curies":[{"name":"wp","href":"https:\/\/api.w.org\/{rel}","templated":true}]}}