{"id":3155,"date":"2024-06-06T13:30:23","date_gmt":"2024-06-06T11:30:23","guid":{"rendered":"https:\/\/indbg.be\/secondaire\/?page_id=3155"},"modified":"2025-08-21T15:03:05","modified_gmt":"2025-08-21T13:03:05","slug":"virage-numerique","status":"publish","type":"page","link":"https:\/\/indbg.be\/secondaire\/vie-a-lecole\/virage-numerique\/","title":{"rendered":"Virage num\u00e9rique"},"content":{"rendered":"\t\t<div data-elementor-type=\"wp-page\" data-elementor-id=\"3155\" class=\"elementor elementor-3155\">\n\t\t\t\t\t\t<div class=\"elementor-inner\">\n\t\t\t\t<div class=\"elementor-section-wrap\">\n\t\t\t\t\t\t\t\t\t<section class=\"elementor-section elementor-top-section elementor-element elementor-element-6a100acf elementor-section-boxed elementor-section-height-default elementor-section-height-default\" data-id=\"6a100acf\" data-element_type=\"section\">\n\t\t\t\t\t\t<div class=\"elementor-container elementor-column-gap-default\">\n\t\t\t\t\t\t\t<div class=\"elementor-row\">\n\t\t\t\t\t<div class=\"elementor-column elementor-col-100 elementor-top-column elementor-element elementor-element-75fd7dcb\" data-id=\"75fd7dcb\" data-element_type=\"column\">\n\t\t\t<div class=\"elementor-column-wrap elementor-element-populated\">\n\t\t\t\t\t\t\t<div class=\"elementor-widget-wrap\">\n\t\t\t\t\t\t<div class=\"elementor-element elementor-element-65a7d788 elementor-widget elementor-widget-text-editor\" data-id=\"65a7d788\" data-element_type=\"widget\" data-widget_type=\"text-editor.default\">\n\t\t\t\t<div class=\"elementor-widget-container\">\n\t\t\t\t\t\t\t\t<div class=\"elementor-text-editor elementor-clearfix\">\n\t\t\t\t<div>\n<p><!-- wp:column --><\/p>\n<div>\n<p><!-- wp:gallery {\"linkTo\":\"none\"} --><\/p>\n<figure><!-- wp:image {\"id\":3156,\"sizeSlug\":\"large\",\"linkDestination\":\"none\"} --><p><\/p>\n<figure><img decoding=\"async\" src=\"https:\/\/indbg.be\/secondaire\/wp-content\/uploads\/2024\/06\/logo-virage-numerique.png\" alt=\"\"><\/figure>\n<p><!-- \/wp:image --><\/p>\n<\/figure>\n<p><!-- \/wp:gallery --><\/p>\n<\/div>\n<p><!-- \/wp:column --><!-- wp:column --><\/p>\n<div>\n<p><!-- wp:paragraph --><\/p>\n<p><!-- \/wp:paragraph --><!-- wp:paragraph {\"align\":\"left\"} --><\/p>\n<p>Depuis 2024-2025, l\u2019Institut Notre-Dame est entr\u00e9 dans le virage num\u00e9rique afin d\u2019\u00e9quiper progressivement ses \u00e9l\u00e8ves et ses enseignants d\u2019un chromebook. Pour la premi\u00e8re vague d\u2019\u00e9quipement, les \u00e9l\u00e8ves de 5G, 6G et de 5Q, 6Q sont concern\u00e9s.<\/p>\n<p><!-- \/wp:paragraph --><\/p>\n<\/div>\n<p><!-- \/wp:column --><\/p>\n<\/div>\n<p><!-- \/wp:columns --><!-- wp:paragraph --><\/p>\n<p><strong>Objectifs<\/strong><\/p>\n<p><!-- \/wp:paragraph --><!-- wp:paragraph --><\/p>\n<ul>\n<li>Permettre \u00e0 tous les \u00e9l\u00e8ves d\u2019appr\u00e9hender, d\u2019utiliser et de g\u00e9rer un environnement de travail<br>num\u00e9rique&nbsp;;<\/li>\n<li>Int\u00e9grer le num\u00e9rique dans les processus p\u00e9dagogiques en compl\u00e9ment des approches<br>traditionnelles afin de rendre l\u2019\u00e9l\u00e8ve acteur de son apprentissage, de d\u00e9velopper son<br>autonomie&nbsp;et son esprit critique ;<\/li>\n<li>Diff\u00e9rencier et diversifier les processus d\u2019apprentissage afin de coller davantage aux besoins<br>de chaque \u00e9l\u00e8ve&nbsp;;<\/li>\n<li>De d\u00e9velopper les comp\u00e9tences num\u00e9riques du XXIe si\u00e8cle dont la maitrise est attendue<br>dans l\u2019enseignement sup\u00e9rieur ainsi que dans le monde du travail&nbsp;;<\/li>\n<li>Renforcer et syst\u00e9matiser la mise en \u0153uvre des am\u00e9nagements raisonnables pour les \u00e9l\u00e8ves<br>\u00e0 besoins sp\u00e9cifiques.<\/li>\n<\/ul>\n<p><!-- \/wp:paragraph --><!-- wp:paragraph --><\/p>\n<p><strong>Informations pratiques<\/strong><\/p>\n<p><!-- \/wp:paragraph --><!-- wp:paragraph --><\/p>\n<p>L\u2019\u00e9quipement des \u00e9l\u00e8ves et des enseignants se fait en collaboration avec la soci\u00e9t\u00e9 <strong>Signpost<\/strong>. Via le&nbsp;<a href=\"https:\/\/commande.signpost.eu\/WL25990339\" target=\"_blank\" rel=\"noopener\">webshop<\/a>&nbsp;, les chromebooks sont propos\u00e9s <strong>\u00e0 l\u2019achat ou \u00e0 la location<\/strong> \u00e0 un prix tr\u00e8s attractif comprenant&nbsp;une prime de 150 euros de la F\u00e9d\u00e9ration Wallonie-Bruxelles.&nbsp;<\/p><p>En plus des deux mod\u00e8les neufs initialement pr\u00e9sent\u00e9s, un <b>mod\u00e8le suppl\u00e9mentaire reconditionn\u00e9<\/b> sera propos\u00e9 sur le webshop d\u00e9di\u00e9. Ce mod\u00e8le, garanti 2 ans, pr\u00e9sente un excellent rapport qualit\u00e9 prix, et constitue une alternative int\u00e9ressante pour les familles souhaitant une solution plus \u00e9conomique.&nbsp;<\/p>\n<p>Dans tous les cas, le mat\u00e9riel est fourni avec&nbsp;les services suivants&nbsp;:<\/p>\n<p><!-- \/wp:paragraph --><!-- wp:list --><\/p>\n<ul>\n<li style=\"list-style-type: none;\">\n<ul><!-- wp:list-item --><\/ul>\n<\/li>\n<\/ul>\n<ul>\n<li style=\"list-style-type: none;\">\n<ul>\n<li>Garantie 3 ans (casse\/vol) \/ 2 ans pour les machines reconditionn\u00e9es<\/li>\n<\/ul>\n<\/li>\n<\/ul>\n<p><!-- \/wp:list-item --><!-- wp:list-item --><\/p>\n<ul>\n<li style=\"list-style-type: none;\">\n<ul>\n<li>Forfait de 79 euros<\/li>\n<\/ul>\n<\/li>\n<\/ul>\n<p><!-- \/wp:list-item --><!-- wp:list-item --><\/p>\n<ul>\n<li style=\"list-style-type: none;\">\n<ul>\n<li>Housse de protection<\/li>\n<\/ul>\n<\/li>\n<\/ul>\n<p><!-- \/wp:list-item --><!-- wp:list-item --><\/p>\n<ul>\n<li style=\"list-style-type: none;\">\n<ul>\n<li>SAV via l\u2019\u00e9cole pendant les p\u00e9riodes scolaires et via Signpost (\u00e0 domicile) pendant les<br>vacances.<\/li>\n<\/ul>\n<\/li>\n<\/ul>\n<p><!-- \/wp:list-item --><\/p>\n<p><!-- \/wp:list --><!-- wp:paragraph --><\/p>\n<p><strong>Contacts utiles<\/strong><\/p>\n<p><!-- \/wp:paragraph --><!-- wp:paragraph --><\/p>\n<p>Pour les probl\u00e8mes li\u00e9s aux comptes et aux plateformes ainsi que pour le SAV pendant le temps scolaire : Madame C\u00e9line BELOT&nbsp;&#8211; referent.numerique@indbg.be<\/p>\n<p>Pour les questions li\u00e9es \u00e0 la location, l\u2019achat et le SAV pendant les vacances scolaires&nbsp;:<\/p>\n<p>Signpost &#8211; 081 84 05 28 &#8211; info@signpost.eu<\/p>\n<p><!-- \/wp:paragraph --><\/p>\t\t\t\t\t<\/div>\n\t\t\t\t\t\t<\/div>\n\t\t\t\t<\/div>\n\t\t\t\t\t\t<\/div>\n\t\t\t\t\t<\/div>\n\t\t<\/div>\n\t\t\t\t\t\t\t\t<\/div>\n\t\t\t\t\t<\/div>\n\t\t<\/section>\n\t\t\t\t<section class=\"elementor-section elementor-top-section elementor-element elementor-element-4b93bfa elementor-section-boxed elementor-section-height-default elementor-section-height-default\" data-id=\"4b93bfa\" data-element_type=\"section\">\n\t\t\t\t\t\t<div class=\"elementor-container elementor-column-gap-default\">\n\t\t\t\t\t\t\t<div class=\"elementor-row\">\n\t\t\t\t\t<div class=\"elementor-column elementor-col-100 elementor-top-column elementor-element elementor-element-6f5f1fc\" data-id=\"6f5f1fc\" data-element_type=\"column\">\n\t\t\t<div class=\"elementor-column-wrap elementor-element-populated\">\n\t\t\t\t\t\t\t<div class=\"elementor-widget-wrap\">\n\t\t\t\t\t\t<div class=\"elementor-element elementor-element-fb2b14c elementor-button-info elementor-align-justify elementor-widget elementor-widget-button\" data-id=\"fb2b14c\" data-element_type=\"widget\" data-widget_type=\"button.default\">\n\t\t\t\t<div class=\"elementor-widget-container\">\n\t\t\t\t\t<div class=\"elementor-button-wrapper\">\n\t\t\t<a href=\"https:\/\/indbg.be\/secondaire\/wp-content\/uploads\/2025\/07\/250701-SignPost-Communication-Parents-chomebook.docx.pdf\" class=\"elementor-button-link elementor-button elementor-size-md\" role=\"button\">\n\t\t\t\t\t\t<span class=\"elementor-button-content-wrapper\">\n\t\t\t\t\t\t<span class=\"elementor-button-text\">Prix\/proc\u00e9dure\/D\u00e9lai<\/span>\n\t\t<\/span>\n\t\t\t\t\t<\/a>\n\t\t<\/div>\n\t\t\t\t<\/div>\n\t\t\t\t<\/div>\n\t\t\t\t\t\t<\/div>\n\t\t\t\t\t<\/div>\n\t\t<\/div>\n\t\t\t\t\t\t\t\t<\/div>\n\t\t\t\t\t<\/div>\n\t\t<\/section>\n\t\t\t\t<section class=\"elementor-section elementor-top-section elementor-element elementor-element-7485506 elementor-section-boxed elementor-section-height-default elementor-section-height-default\" data-id=\"7485506\" data-element_type=\"section\">\n\t\t\t\t\t\t<div class=\"elementor-container elementor-column-gap-default\">\n\t\t\t\t\t\t\t<div class=\"elementor-row\">\n\t\t\t\t\t<div class=\"elementor-column elementor-col-100 elementor-top-column elementor-element elementor-element-dda9e3a\" data-id=\"dda9e3a\" data-element_type=\"column\">\n\t\t\t<div class=\"elementor-column-wrap elementor-element-populated\">\n\t\t\t\t\t\t\t<div class=\"elementor-widget-wrap\">\n\t\t\t\t\t\t<div class=\"elementor-element elementor-element-29c129a elementor-button-info elementor-align-justify elementor-widget elementor-widget-button\" data-id=\"29c129a\" data-element_type=\"widget\" data-widget_type=\"button.default\">\n\t\t\t\t<div class=\"elementor-widget-container\">\n\t\t\t\t\t<div class=\"elementor-button-wrapper\">\n\t\t\t<a href=\"https:\/\/indbg.be\/secondaire\/wp-content\/uploads\/2025\/08\/Charte-dutilisation-citoyenne-des-outils-numeriques-2025-2026.pdf\" class=\"elementor-button-link elementor-button elementor-size-md\" role=\"button\">\n\t\t\t\t\t\t<span class=\"elementor-button-content-wrapper\">\n\t\t\t\t\t\t<span class=\"elementor-button-text\">Charte d'utilisation <\/span>\n\t\t<\/span>\n\t\t\t\t\t<\/a>\n\t\t<\/div>\n\t\t\t\t<\/div>\n\t\t\t\t<\/div>\n\t\t\t\t\t\t<\/div>\n\t\t\t\t\t<\/div>\n\t\t<\/div>\n\t\t\t\t\t\t\t\t<\/div>\n\t\t\t\t\t<\/div>\n\t\t<\/section>\n\t\t\t\t\t\t\t\t\t<\/div>\n\t\t\t<\/div>\n\t\t\t\t\t<\/div>\n\t\t","protected":false},"excerpt":{"rendered":"<p>Depuis 2024-2025, l\u2019Institut Notre-Dame est entr\u00e9 dans le virage num\u00e9rique afin d\u2019\u00e9quiper progressivement ses \u00e9l\u00e8ves et ses enseignants d\u2019un chromebook. Pour la premi\u00e8re vague d\u2019\u00e9quipement,&nbsp;<a href=\"https:\/\/indbg.be\/secondaire\/vie-a-lecole\/virage-numerique\/\">&hellip;<\/a><\/p>\n","protected":false},"author":1,"featured_media":0,"parent":933,"menu_order":0,"comment_status":"closed","ping_status":"closed","template":"template-sidebar-right-childpages.php","meta":{"footnotes":""},"class_list":["post-3155","page","type-page","status-publish","hentry","odd"],"yoast_head":"<!-- This site is optimized with the Yoast SEO plugin v19.10 - https:\/\/yoast.com\/wordpress\/plugins\/seo\/ -->\n<title>Virage num\u00e9rique - Institut Notre-Dame Beauraing<\/title>\n<meta name=\"robots\" content=\"noindex, follow, max-snippet:-1, max-image-preview:large, max-video-preview:-1\" \/>\n<meta property=\"og:locale\" content=\"fr_FR\" \/>\n<meta property=\"og:type\" content=\"article\" \/>\n<meta property=\"og:title\" content=\"Virage num\u00e9rique - Institut Notre-Dame Beauraing\" \/>\n<meta property=\"og:description\" content=\"Depuis 2024-2025, l\u2019Institut Notre-Dame est entr\u00e9 dans le virage num\u00e9rique afin d\u2019\u00e9quiper progressivement ses \u00e9l\u00e8ves et ses enseignants d\u2019un chromebook. Pour la premi\u00e8re vague d\u2019\u00e9quipement,&nbsp;&hellip;\" \/>\n<meta property=\"og:url\" content=\"https:\/\/indbg.be\/secondaire\/vie-a-lecole\/virage-numerique\/\" \/>\n<meta property=\"og:site_name\" content=\"Institut Notre-Dame Beauraing\" \/>\n<meta property=\"article:modified_time\" content=\"2025-08-21T13:03:05+00:00\" \/>\n<meta property=\"og:image\" content=\"https:\/\/indbg.be\/secondaire\/wp-content\/uploads\/2024\/06\/logo-virage-numerique.png\" \/>\n<meta name=\"twitter:card\" content=\"summary_large_image\" \/>\n<meta name=\"twitter:label1\" content=\"Dur\u00e9e de lecture estim\u00e9e\" \/>\n\t<meta name=\"twitter:data1\" content=\"2 minutes\" \/>\n<script type=\"application\/ld+json\" class=\"yoast-schema-graph\">{\"@context\":\"https:\/\/schema.org\",\"@graph\":[{\"@type\":\"WebPage\",\"@id\":\"https:\/\/indbg.be\/secondaire\/vie-a-lecole\/virage-numerique\/\",\"url\":\"https:\/\/indbg.be\/secondaire\/vie-a-lecole\/virage-numerique\/\",\"name\":\"Virage num\u00e9rique - Institut Notre-Dame Beauraing\",\"isPartOf\":{\"@id\":\"https:\/\/indbg.be\/secondaire\/#website\"},\"datePublished\":\"2024-06-06T11:30:23+00:00\",\"dateModified\":\"2025-08-21T13:03:05+00:00\",\"breadcrumb\":{\"@id\":\"https:\/\/indbg.be\/secondaire\/vie-a-lecole\/virage-numerique\/#breadcrumb\"},\"inLanguage\":\"fr-FR\",\"potentialAction\":[{\"@type\":\"ReadAction\",\"target\":[\"https:\/\/indbg.be\/secondaire\/vie-a-lecole\/virage-numerique\/\"]}]},{\"@type\":\"BreadcrumbList\",\"@id\":\"https:\/\/indbg.be\/secondaire\/vie-a-lecole\/virage-numerique\/#breadcrumb\",\"itemListElement\":[{\"@type\":\"ListItem\",\"position\":1,\"name\":\"Accueil\",\"item\":\"https:\/\/indbg.be\/secondaire\/\"},{\"@type\":\"ListItem\",\"position\":2,\"name\":\"Vie \u00e0 l&#8217;\u00e9cole\",\"item\":\"https:\/\/indbg.be\/secondaire\/vie-a-lecole\/\"},{\"@type\":\"ListItem\",\"position\":3,\"name\":\"Virage num\u00e9rique\"}]},{\"@type\":\"WebSite\",\"@id\":\"https:\/\/indbg.be\/secondaire\/#website\",\"url\":\"https:\/\/indbg.be\/secondaire\/\",\"name\":\"Institut Notre-Dame Beauraing\",\"description\":\"Une porte sur l&#039;avenir\",\"publisher\":{\"@id\":\"https:\/\/indbg.be\/secondaire\/#organization\"},\"potentialAction\":[{\"@type\":\"SearchAction\",\"target\":{\"@type\":\"EntryPoint\",\"urlTemplate\":\"https:\/\/indbg.be\/secondaire\/?s={search_term_string}\"},\"query-input\":\"required name=search_term_string\"}],\"inLanguage\":\"fr-FR\"},{\"@type\":\"Organization\",\"@id\":\"https:\/\/indbg.be\/secondaire\/#organization\",\"name\":\"Institut Notre-Dame Beauraing\",\"url\":\"https:\/\/indbg.be\/secondaire\/\",\"logo\":{\"@type\":\"ImageObject\",\"inLanguage\":\"fr-FR\",\"@id\":\"https:\/\/indbg.be\/secondaire\/#\/schema\/logo\/image\/\",\"url\":\"https:\/\/indbg.be\/secondaire\/wp-content\/uploads\/2022\/09\/LOGO_150px.png\",\"contentUrl\":\"https:\/\/indbg.be\/secondaire\/wp-content\/uploads\/2022\/09\/LOGO_150px.png\",\"width\":150,\"height\":91,\"caption\":\"Institut Notre-Dame Beauraing\"},\"image\":{\"@id\":\"https:\/\/indbg.be\/secondaire\/#\/schema\/logo\/image\/\"}}]}<\/script>\n<!-- \/ Yoast SEO plugin. -->","yoast_head_json":{"title":"Virage num\u00e9rique - Institut Notre-Dame Beauraing","robots":{"index":"noindex","follow":"follow","max-snippet":"max-snippet:-1","max-image-preview":"max-image-preview:large","max-video-preview":"max-video-preview:-1"},"og_locale":"fr_FR","og_type":"article","og_title":"Virage num\u00e9rique - Institut Notre-Dame Beauraing","og_description":"Depuis 2024-2025, l\u2019Institut Notre-Dame est entr\u00e9 dans le virage num\u00e9rique afin d\u2019\u00e9quiper progressivement ses \u00e9l\u00e8ves et ses enseignants d\u2019un chromebook. Pour la premi\u00e8re vague d\u2019\u00e9quipement,&nbsp;&hellip;","og_url":"https:\/\/indbg.be\/secondaire\/vie-a-lecole\/virage-numerique\/","og_site_name":"Institut Notre-Dame Beauraing","article_modified_time":"2025-08-21T13:03:05+00:00","og_image":[{"url":"https:\/\/indbg.be\/secondaire\/wp-content\/uploads\/2024\/06\/logo-virage-numerique.png"}],"twitter_card":"summary_large_image","twitter_misc":{"Dur\u00e9e de lecture estim\u00e9e":"2 minutes"},"schema":{"@context":"https:\/\/schema.org","@graph":[{"@type":"WebPage","@id":"https:\/\/indbg.be\/secondaire\/vie-a-lecole\/virage-numerique\/","url":"https:\/\/indbg.be\/secondaire\/vie-a-lecole\/virage-numerique\/","name":"Virage num\u00e9rique - Institut Notre-Dame Beauraing","isPartOf":{"@id":"https:\/\/indbg.be\/secondaire\/#website"},"datePublished":"2024-06-06T11:30:23+00:00","dateModified":"2025-08-21T13:03:05+00:00","breadcrumb":{"@id":"https:\/\/indbg.be\/secondaire\/vie-a-lecole\/virage-numerique\/#breadcrumb"},"inLanguage":"fr-FR","potentialAction":[{"@type":"ReadAction","target":["https:\/\/indbg.be\/secondaire\/vie-a-lecole\/virage-numerique\/"]}]},{"@type":"BreadcrumbList","@id":"https:\/\/indbg.be\/secondaire\/vie-a-lecole\/virage-numerique\/#breadcrumb","itemListElement":[{"@type":"ListItem","position":1,"name":"Accueil","item":"https:\/\/indbg.be\/secondaire\/"},{"@type":"ListItem","position":2,"name":"Vie \u00e0 l&#8217;\u00e9cole","item":"https:\/\/indbg.be\/secondaire\/vie-a-lecole\/"},{"@type":"ListItem","position":3,"name":"Virage num\u00e9rique"}]},{"@type":"WebSite","@id":"https:\/\/indbg.be\/secondaire\/#website","url":"https:\/\/indbg.be\/secondaire\/","name":"Institut Notre-Dame Beauraing","description":"Une porte sur l&#039;avenir","publisher":{"@id":"https:\/\/indbg.be\/secondaire\/#organization"},"potentialAction":[{"@type":"SearchAction","target":{"@type":"EntryPoint","urlTemplate":"https:\/\/indbg.be\/secondaire\/?s={search_term_string}"},"query-input":"required name=search_term_string"}],"inLanguage":"fr-FR"},{"@type":"Organization","@id":"https:\/\/indbg.be\/secondaire\/#organization","name":"Institut Notre-Dame Beauraing","url":"https:\/\/indbg.be\/secondaire\/","logo":{"@type":"ImageObject","inLanguage":"fr-FR","@id":"https:\/\/indbg.be\/secondaire\/#\/schema\/logo\/image\/","url":"https:\/\/indbg.be\/secondaire\/wp-content\/uploads\/2022\/09\/LOGO_150px.png","contentUrl":"https:\/\/indbg.be\/secondaire\/wp-content\/uploads\/2022\/09\/LOGO_150px.png","width":150,"height":91,"caption":"Institut Notre-Dame Beauraing"},"image":{"@id":"https:\/\/indbg.be\/secondaire\/#\/schema\/logo\/image\/"}}]}},"_links":{"self":[{"href":"https:\/\/indbg.be\/secondaire\/wp-json\/wp\/v2\/pages\/3155","targetHints":{"allow":["GET"]}}],"collection":[{"href":"https:\/\/indbg.be\/secondaire\/wp-json\/wp\/v2\/pages"}],"about":[{"href":"https:\/\/indbg.be\/secondaire\/wp-json\/wp\/v2\/types\/page"}],"author":[{"embeddable":true,"href":"https:\/\/indbg.be\/secondaire\/wp-json\/wp\/v2\/users\/1"}],"replies":[{"embeddable":true,"href":"https:\/\/indbg.be\/secondaire\/wp-json\/wp\/v2\/comments?post=3155"}],"version-history":[{"count":36,"href":"https:\/\/indbg.be\/secondaire\/wp-json\/wp\/v2\/pages\/3155\/revisions"}],"predecessor-version":[{"id":3531,"href":"https:\/\/indbg.be\/secondaire\/wp-json\/wp\/v2\/pages\/3155\/revisions\/3531"}],"up":[{"embeddable":true,"href":"https:\/\/indbg.be\/secondaire\/wp-json\/wp\/v2\/pages\/933"}],"wp:attachment":[{"href":"https:\/\/indbg.be\/secondaire\/wp-json\/wp\/v2\/media?parent=3155"}],"curies":[{"name":"wp","href":"https:\/\/api.w.org\/{rel}","templated":true}]}}