{"id":946,"date":"2022-09-23T15:10:46","date_gmt":"2022-09-23T13:10:46","guid":{"rendered":"https:\/\/indbg.creativweb.be\/?page_id=946"},"modified":"2026-01-29T08:53:18","modified_gmt":"2026-01-29T07:53:18","slug":"restaurant","status":"publish","type":"page","link":"https:\/\/indbg.be\/secondaire\/vie-a-lecole\/restaurant\/","title":{"rendered":"Restaurant"},"content":{"rendered":"\t\t<div data-elementor-type=\"wp-page\" data-elementor-id=\"946\" class=\"elementor elementor-946\">\n\t\t\t\t\t\t<div class=\"elementor-inner\">\n\t\t\t\t<div class=\"elementor-section-wrap\">\n\t\t\t\t\t\t\t\t\t<section class=\"elementor-section elementor-top-section elementor-element elementor-element-ddd2135 elementor-section-boxed elementor-section-height-default elementor-section-height-default\" data-id=\"ddd2135\" data-element_type=\"section\">\n\t\t\t\t\t\t<div class=\"elementor-container elementor-column-gap-default\">\n\t\t\t\t\t\t\t<div class=\"elementor-row\">\n\t\t\t\t\t<div class=\"elementor-column elementor-col-100 elementor-top-column elementor-element elementor-element-e9186cc\" data-id=\"e9186cc\" data-element_type=\"column\">\n\t\t\t<div class=\"elementor-column-wrap elementor-element-populated\">\n\t\t\t\t\t\t\t<div class=\"elementor-widget-wrap\">\n\t\t\t\t\t\t<div class=\"elementor-element elementor-element-12a0d7c elementor-widget elementor-widget-text-editor\" data-id=\"12a0d7c\" data-element_type=\"widget\" data-widget_type=\"text-editor.default\">\n\t\t\t\t<div class=\"elementor-widget-container\">\n\t\t\t\t\t\t\t\t<div class=\"elementor-text-editor elementor-clearfix\">\n\t\t\t\t<p>Notre restaurant scolaire propose tous les jours des plats complets qui permettent \u00e0 nos \u00e9l\u00e8ves d\u2019avoir une alimentation saine et \u00e9quilibr\u00e9e.<\/p>\n<p>Des sandwichs, des cornets de p\u00e2tes ainsi que des paninis sont \u00e9galement propos\u00e9s. Chaque jour, le chef propose \u00e9galement un snack \u00e0 consommer, bien entendu, avec mod\u00e9ration !\u00a0<\/p>\n<p>Il est \u00e9galement possible pour les \u00e9l\u00e8ves de s\u2019y installer pour manger leur lunch accompagn\u00e9 ou non d\u2019un potage ou d\u2019une boisson.\u00a0<\/p>\n<p>Des fontaines \u00e0 eau sont \u00e9galement pr\u00e9sentes dans le restaurant. Elles permettent aux \u00e9l\u00e8ves de remplir gratuitement leur gourde ou leur bouteille.\u00a0<\/p>\t\t\t\t\t<\/div>\n\t\t\t\t\t\t<\/div>\n\t\t\t\t<\/div>\n\t\t\t\t\t\t<\/div>\n\t\t\t\t\t<\/div>\n\t\t<\/div>\n\t\t\t\t\t\t\t\t<\/div>\n\t\t\t\t\t<\/div>\n\t\t<\/section>\n\t\t\t\t<section class=\"elementor-section elementor-top-section elementor-element elementor-element-4923f06 elementor-section-boxed elementor-section-height-default elementor-section-height-default\" data-id=\"4923f06\" data-element_type=\"section\">\n\t\t\t\t\t\t<div class=\"elementor-container elementor-column-gap-default\">\n\t\t\t\t\t\t\t<div class=\"elementor-row\">\n\t\t\t\t\t<div class=\"elementor-column elementor-col-100 elementor-top-column elementor-element elementor-element-6854308\" data-id=\"6854308\" data-element_type=\"column\">\n\t\t\t<div class=\"elementor-column-wrap elementor-element-populated\">\n\t\t\t\t\t\t\t<div class=\"elementor-widget-wrap\">\n\t\t\t\t\t\t<div class=\"elementor-element elementor-element-9e0e554 elementor-widget elementor-widget-text-editor\" data-id=\"9e0e554\" data-element_type=\"widget\" data-widget_type=\"text-editor.default\">\n\t\t\t\t<div class=\"elementor-widget-container\">\n\t\t\t\t\t\t\t\t<div class=\"elementor-text-editor elementor-clearfix\">\n\t\t\t\t<p>Pour permettre \u00e0 la cuisine de pr\u00e9parer les plats tout en \u00e9vitant le gaspillage, un <strong>syst\u00e8me de r\u00e9servation<\/strong> est mis en place depuis plusieurs ann\u00e9es.\u00a0<\/p>\n<p><!-- \/wp:paragraph --><!-- wp:paragraph --><\/p>\n<p>Nous demandons donc aux parents et aux \u00e9l\u00e8ves de r\u00e9server <strong>le repas pour 10h le jour m\u00eame<\/strong> via le lien\u00a0 <strong><a style=\"font-size: 16px;\" href=\"https:\/\/indbg.it-school.be\">https:\/\/indbg.it-school.be<\/a><\/strong><\/p>\t\t\t\t\t<\/div>\n\t\t\t\t\t\t<\/div>\n\t\t\t\t<\/div>\n\t\t\t\t<div class=\"elementor-element elementor-element-3f7212f elementor-widget elementor-widget-image\" data-id=\"3f7212f\" data-element_type=\"widget\" data-widget_type=\"image.default\">\n\t\t\t\t<div class=\"elementor-widget-container\">\n\t\t\t\t\t\t\t\t<div class=\"elementor-image\">\n\t\t\t\t\t\t\t\t\t\t\t\t<img loading=\"lazy\" decoding=\"async\" width=\"1024\" height=\"480\" src=\"https:\/\/indbg.be\/secondaire\/wp-content\/uploads\/2022\/11\/IT-SCHOOL-1--1024x480.png\" class=\"attachment-large size-large\" alt=\"\" srcset=\"https:\/\/indbg.be\/secondaire\/wp-content\/uploads\/2022\/11\/IT-SCHOOL-1--1024x480.png 1024w, https:\/\/indbg.be\/secondaire\/wp-content\/uploads\/2022\/11\/IT-SCHOOL-1--300x141.png 300w, https:\/\/indbg.be\/secondaire\/wp-content\/uploads\/2022\/11\/IT-SCHOOL-1--100x47.png 100w, https:\/\/indbg.be\/secondaire\/wp-content\/uploads\/2022\/11\/IT-SCHOOL-1--1536x719.png 1536w, https:\/\/indbg.be\/secondaire\/wp-content\/uploads\/2022\/11\/IT-SCHOOL-1-.png 1883w, https:\/\/indbg.be\/secondaire\/wp-content\/uploads\/2022\/11\/IT-SCHOOL-1--150x70.png 150w\" sizes=\"auto, (max-width: 1024px) 100vw, 1024px\" \/>\t\t\t\t\t\t\t\t\t\t\t\t\t\t<\/div>\n\t\t\t\t\t\t<\/div>\n\t\t\t\t<\/div>\n\t\t\t\t\t\t<\/div>\n\t\t\t\t\t<\/div>\n\t\t<\/div>\n\t\t\t\t\t\t\t\t<\/div>\n\t\t\t\t\t<\/div>\n\t\t<\/section>\n\t\t\t\t<section class=\"elementor-section elementor-top-section elementor-element elementor-element-6d069bb elementor-section-boxed elementor-section-height-default elementor-section-height-default\" data-id=\"6d069bb\" data-element_type=\"section\">\n\t\t\t\t\t\t<div class=\"elementor-container elementor-column-gap-default\">\n\t\t\t\t\t\t\t<div class=\"elementor-row\">\n\t\t\t\t\t<div class=\"elementor-column elementor-col-100 elementor-top-column elementor-element elementor-element-ec1a543\" data-id=\"ec1a543\" data-element_type=\"column\">\n\t\t\t<div class=\"elementor-column-wrap elementor-element-populated\">\n\t\t\t\t\t\t\t<div class=\"elementor-widget-wrap\">\n\t\t\t\t\t\t<div class=\"elementor-element elementor-element-8c1c028 elementor-widget elementor-widget-text-editor\" data-id=\"8c1c028\" data-element_type=\"widget\" data-widget_type=\"text-editor.default\">\n\t\t\t\t<div class=\"elementor-widget-container\">\n\t\t\t\t\t\t\t\t<div class=\"elementor-text-editor elementor-clearfix\">\n\t\t\t\t<h3><strong>Comment payer au restaurant ?<\/strong>\u00a0<\/h3>\n<p>Le paiement des plats et lunchs r\u00e9serv\u00e9s s\u2019effectue gr\u00e2ce \u00e0 la carte It.School distribu\u00e9e dans les premiers jours de pr\u00e9sence de l\u2019\u00e9l\u00e8ve \u00e0 l\u2019\u00e9cole.\u00a0<\/p>\n<p>Cette carte est reli\u00e9e \u00e0 un portefeuille virtuel que vous devez recharger via la plateforme It.school.\u00a0<\/p>\n<p><strong>Attention : Rechargement imm\u00e9diat via QR code.<\/strong>\u00a0<\/p>\t\t\t\t\t<\/div>\n\t\t\t\t\t\t<\/div>\n\t\t\t\t<\/div>\n\t\t\t\t\t\t<\/div>\n\t\t\t\t\t<\/div>\n\t\t<\/div>\n\t\t\t\t\t\t\t\t<\/div>\n\t\t\t\t\t<\/div>\n\t\t<\/section>\n\t\t\t\t<section class=\"elementor-section elementor-top-section elementor-element elementor-element-ebbd341 elementor-section-boxed elementor-section-height-default elementor-section-height-default\" data-id=\"ebbd341\" data-element_type=\"section\">\n\t\t\t\t\t\t<div class=\"elementor-container elementor-column-gap-default\">\n\t\t\t\t\t\t\t<div class=\"elementor-row\">\n\t\t\t\t\t<div class=\"elementor-column elementor-col-100 elementor-top-column elementor-element elementor-element-a648878\" data-id=\"a648878\" data-element_type=\"column\">\n\t\t\t<div class=\"elementor-column-wrap elementor-element-populated\">\n\t\t\t\t\t\t\t<div class=\"elementor-widget-wrap\">\n\t\t\t\t\t\t<div class=\"elementor-element elementor-element-a54bc82 elementor-button-info elementor-widget elementor-widget-button\" data-id=\"a54bc82\" data-element_type=\"widget\" data-widget_type=\"button.default\">\n\t\t\t\t<div class=\"elementor-widget-container\">\n\t\t\t\t\t<div class=\"elementor-button-wrapper\">\n\t\t\t<a href=\"https:\/\/www.facebook.com\/photo\/?fbid=1368382211758059&#038;set=a.492474086015547\" target=\"_blank\" class=\"elementor-button-link elementor-button elementor-size-xs\" role=\"button\">\n\t\t\t\t\t\t<span class=\"elementor-button-content-wrapper\">\n\t\t\t\t\t\t\t<span class=\"elementor-button-icon elementor-align-icon-left\">\n\t\t\t\t<i aria-hidden=\"true\" class=\"fas fa-utensils\"><\/i>\t\t\t<\/span>\n\t\t\t\t\t\t<span class=\"elementor-button-text\">MENU<\/span>\n\t\t<\/span>\n\t\t\t\t\t<\/a>\n\t\t<\/div>\n\t\t\t\t<\/div>\n\t\t\t\t<\/div>\n\t\t\t\t\t\t<\/div>\n\t\t\t\t\t<\/div>\n\t\t<\/div>\n\t\t\t\t\t\t\t\t<\/div>\n\t\t\t\t\t<\/div>\n\t\t<\/section>\n\t\t\t\t<section class=\"elementor-section elementor-top-section elementor-element elementor-element-b8ec213 elementor-section-boxed elementor-section-height-default elementor-section-height-default\" data-id=\"b8ec213\" data-element_type=\"section\">\n\t\t\t\t\t\t<div class=\"elementor-container elementor-column-gap-default\">\n\t\t\t\t\t\t\t<div class=\"elementor-row\">\n\t\t\t\t\t<div class=\"elementor-column elementor-col-100 elementor-top-column elementor-element elementor-element-429f484\" data-id=\"429f484\" data-element_type=\"column\">\n\t\t\t<div class=\"elementor-column-wrap elementor-element-populated\">\n\t\t\t\t\t\t\t<div class=\"elementor-widget-wrap\">\n\t\t\t\t\t\t<div class=\"elementor-element elementor-element-007d54a elementor-arrows-position-inside elementor-pagination-position-outside elementor-widget elementor-widget-image-carousel\" data-id=\"007d54a\" data-element_type=\"widget\" data-settings=\"{&quot;slides_to_show&quot;:&quot;1&quot;,&quot;navigation&quot;:&quot;both&quot;,&quot;autoplay&quot;:&quot;yes&quot;,&quot;pause_on_hover&quot;:&quot;yes&quot;,&quot;pause_on_interaction&quot;:&quot;yes&quot;,&quot;autoplay_speed&quot;:5000,&quot;infinite&quot;:&quot;yes&quot;,&quot;effect&quot;:&quot;slide&quot;,&quot;speed&quot;:500}\" data-widget_type=\"image-carousel.default\">\n\t\t\t\t<div class=\"elementor-widget-container\">\n\t\t\t\t\t<div class=\"elementor-image-carousel-wrapper swiper-container\" dir=\"ltr\">\n\t\t\t<div class=\"elementor-image-carousel swiper-wrapper\">\n\t\t\t\t\t\t\t\t<div class=\"swiper-slide\"><figure class=\"swiper-slide-inner\"><img decoding=\"async\" class=\"swiper-slide-image\" src=\"https:\/\/indbg.be\/secondaire\/wp-content\/uploads\/2022\/11\/INDB-45-1-scaled-e1669203702641-420x420.jpg\" alt=\"INDB-45\" \/><\/figure><\/div><div class=\"swiper-slide\"><figure class=\"swiper-slide-inner\"><img decoding=\"async\" class=\"swiper-slide-image\" src=\"https:\/\/indbg.be\/secondaire\/wp-content\/uploads\/2022\/11\/INDB-43-1-scaled-420x420.jpg\" alt=\"INDB-43\" \/><\/figure><\/div><div class=\"swiper-slide\"><figure class=\"swiper-slide-inner\"><img decoding=\"async\" class=\"swiper-slide-image\" src=\"https:\/\/indbg.be\/secondaire\/wp-content\/uploads\/2022\/11\/INDB-48-1-scaled-420x420.jpg\" alt=\"INDB-48\" \/><\/figure><\/div>\t\t\t<\/div>\n\t\t\t\t\t\t\t\t\t\t\t\t<div class=\"swiper-pagination\"><\/div>\n\t\t\t\t\t\t\t\t\t\t\t\t\t<div class=\"elementor-swiper-button elementor-swiper-button-prev\">\n\t\t\t\t\t\t<i aria-hidden=\"true\" class=\"eicon-chevron-left\"><\/i>\t\t\t\t\t\t<span class=\"elementor-screen-only\">Pr\u00e9c\u00e9dent<\/span>\n\t\t\t\t\t<\/div>\n\t\t\t\t\t<div class=\"elementor-swiper-button elementor-swiper-button-next\">\n\t\t\t\t\t\t<i aria-hidden=\"true\" class=\"eicon-chevron-right\"><\/i>\t\t\t\t\t\t<span class=\"elementor-screen-only\">Suivant<\/span>\n\t\t\t\t\t<\/div>\n\t\t\t\t\t\t\t\t\t<\/div>\n\t\t\t\t<\/div>\n\t\t\t\t<\/div>\n\t\t\t\t\t\t<\/div>\n\t\t\t\t\t<\/div>\n\t\t<\/div>\n\t\t\t\t\t\t\t\t<\/div>\n\t\t\t\t\t<\/div>\n\t\t<\/section>\n\t\t\t\t\t\t\t\t\t<\/div>\n\t\t\t<\/div>\n\t\t\t\t\t<\/div>\n\t\t","protected":false},"excerpt":{"rendered":"<p>Notre restaurant scolaire propose tous les jours des plats complets qui permettent \u00e0 nos \u00e9l\u00e8ves d\u2019avoir une alimentation saine et \u00e9quilibr\u00e9e. Des sandwichs, des cornets&nbsp;<a href=\"https:\/\/indbg.be\/secondaire\/vie-a-lecole\/restaurant\/\">&hellip;<\/a><\/p>\n","protected":false},"author":1,"featured_media":0,"parent":933,"menu_order":3,"comment_status":"closed","ping_status":"closed","template":"template-sidebar-right-childpages.php","meta":{"footnotes":""},"class_list":["post-946","page","type-page","status-publish","hentry","odd"],"yoast_head":"<!-- This site is optimized with the Yoast SEO plugin v19.10 - https:\/\/yoast.com\/wordpress\/plugins\/seo\/ -->\n<title>Restaurant - Institut Notre-Dame Beauraing<\/title>\n<meta name=\"robots\" content=\"noindex, follow, max-snippet:-1, max-image-preview:large, max-video-preview:-1\" \/>\n<meta property=\"og:locale\" content=\"fr_FR\" \/>\n<meta property=\"og:type\" content=\"article\" \/>\n<meta property=\"og:title\" content=\"Restaurant - Institut Notre-Dame Beauraing\" \/>\n<meta property=\"og:description\" content=\"Notre restaurant scolaire propose tous les jours des plats complets qui permettent \u00e0 nos \u00e9l\u00e8ves d\u2019avoir une alimentation saine et \u00e9quilibr\u00e9e. Des sandwichs, des cornets&nbsp;&hellip;\" \/>\n<meta property=\"og:url\" content=\"https:\/\/indbg.be\/secondaire\/vie-a-lecole\/restaurant\/\" \/>\n<meta property=\"og:site_name\" content=\"Institut Notre-Dame Beauraing\" \/>\n<meta property=\"article:modified_time\" content=\"2026-01-29T07:53:18+00:00\" \/>\n<meta property=\"og:image\" content=\"https:\/\/indbg.be\/secondaire\/wp-content\/uploads\/2022\/11\/IT-SCHOOL-1--1024x480.png\" \/>\n<meta name=\"twitter:card\" content=\"summary_large_image\" \/>\n<meta name=\"twitter:label1\" content=\"Dur\u00e9e de lecture estim\u00e9e\" \/>\n\t<meta name=\"twitter:data1\" content=\"3 minutes\" \/>\n<script type=\"application\/ld+json\" class=\"yoast-schema-graph\">{\"@context\":\"https:\/\/schema.org\",\"@graph\":[{\"@type\":\"WebPage\",\"@id\":\"https:\/\/indbg.be\/secondaire\/vie-a-lecole\/restaurant\/\",\"url\":\"https:\/\/indbg.be\/secondaire\/vie-a-lecole\/restaurant\/\",\"name\":\"Restaurant - Institut Notre-Dame Beauraing\",\"isPartOf\":{\"@id\":\"https:\/\/indbg.be\/secondaire\/#website\"},\"datePublished\":\"2022-09-23T13:10:46+00:00\",\"dateModified\":\"2026-01-29T07:53:18+00:00\",\"breadcrumb\":{\"@id\":\"https:\/\/indbg.be\/secondaire\/vie-a-lecole\/restaurant\/#breadcrumb\"},\"inLanguage\":\"fr-FR\",\"potentialAction\":[{\"@type\":\"ReadAction\",\"target\":[\"https:\/\/indbg.be\/secondaire\/vie-a-lecole\/restaurant\/\"]}]},{\"@type\":\"BreadcrumbList\",\"@id\":\"https:\/\/indbg.be\/secondaire\/vie-a-lecole\/restaurant\/#breadcrumb\",\"itemListElement\":[{\"@type\":\"ListItem\",\"position\":1,\"name\":\"Accueil\",\"item\":\"https:\/\/indbg.be\/secondaire\/\"},{\"@type\":\"ListItem\",\"position\":2,\"name\":\"Vie \u00e0 l&#8217;\u00e9cole\",\"item\":\"https:\/\/indbg.be\/secondaire\/vie-a-lecole\/\"},{\"@type\":\"ListItem\",\"position\":3,\"name\":\"Restaurant\"}]},{\"@type\":\"WebSite\",\"@id\":\"https:\/\/indbg.be\/secondaire\/#website\",\"url\":\"https:\/\/indbg.be\/secondaire\/\",\"name\":\"Institut Notre-Dame Beauraing\",\"description\":\"Une porte sur l&#039;avenir\",\"publisher\":{\"@id\":\"https:\/\/indbg.be\/secondaire\/#organization\"},\"potentialAction\":[{\"@type\":\"SearchAction\",\"target\":{\"@type\":\"EntryPoint\",\"urlTemplate\":\"https:\/\/indbg.be\/secondaire\/?s={search_term_string}\"},\"query-input\":\"required name=search_term_string\"}],\"inLanguage\":\"fr-FR\"},{\"@type\":\"Organization\",\"@id\":\"https:\/\/indbg.be\/secondaire\/#organization\",\"name\":\"Institut Notre-Dame Beauraing\",\"url\":\"https:\/\/indbg.be\/secondaire\/\",\"logo\":{\"@type\":\"ImageObject\",\"inLanguage\":\"fr-FR\",\"@id\":\"https:\/\/indbg.be\/secondaire\/#\/schema\/logo\/image\/\",\"url\":\"https:\/\/indbg.be\/secondaire\/wp-content\/uploads\/2022\/09\/LOGO_150px.png\",\"contentUrl\":\"https:\/\/indbg.be\/secondaire\/wp-content\/uploads\/2022\/09\/LOGO_150px.png\",\"width\":150,\"height\":91,\"caption\":\"Institut Notre-Dame Beauraing\"},\"image\":{\"@id\":\"https:\/\/indbg.be\/secondaire\/#\/schema\/logo\/image\/\"}}]}<\/script>\n<!-- \/ Yoast SEO plugin. -->","yoast_head_json":{"title":"Restaurant - Institut Notre-Dame Beauraing","robots":{"index":"noindex","follow":"follow","max-snippet":"max-snippet:-1","max-image-preview":"max-image-preview:large","max-video-preview":"max-video-preview:-1"},"og_locale":"fr_FR","og_type":"article","og_title":"Restaurant - Institut Notre-Dame Beauraing","og_description":"Notre restaurant scolaire propose tous les jours des plats complets qui permettent \u00e0 nos \u00e9l\u00e8ves d\u2019avoir une alimentation saine et \u00e9quilibr\u00e9e. Des sandwichs, des cornets&nbsp;&hellip;","og_url":"https:\/\/indbg.be\/secondaire\/vie-a-lecole\/restaurant\/","og_site_name":"Institut Notre-Dame Beauraing","article_modified_time":"2026-01-29T07:53:18+00:00","og_image":[{"url":"https:\/\/indbg.be\/secondaire\/wp-content\/uploads\/2022\/11\/IT-SCHOOL-1--1024x480.png"}],"twitter_card":"summary_large_image","twitter_misc":{"Dur\u00e9e de lecture estim\u00e9e":"3 minutes"},"schema":{"@context":"https:\/\/schema.org","@graph":[{"@type":"WebPage","@id":"https:\/\/indbg.be\/secondaire\/vie-a-lecole\/restaurant\/","url":"https:\/\/indbg.be\/secondaire\/vie-a-lecole\/restaurant\/","name":"Restaurant - Institut Notre-Dame Beauraing","isPartOf":{"@id":"https:\/\/indbg.be\/secondaire\/#website"},"datePublished":"2022-09-23T13:10:46+00:00","dateModified":"2026-01-29T07:53:18+00:00","breadcrumb":{"@id":"https:\/\/indbg.be\/secondaire\/vie-a-lecole\/restaurant\/#breadcrumb"},"inLanguage":"fr-FR","potentialAction":[{"@type":"ReadAction","target":["https:\/\/indbg.be\/secondaire\/vie-a-lecole\/restaurant\/"]}]},{"@type":"BreadcrumbList","@id":"https:\/\/indbg.be\/secondaire\/vie-a-lecole\/restaurant\/#breadcrumb","itemListElement":[{"@type":"ListItem","position":1,"name":"Accueil","item":"https:\/\/indbg.be\/secondaire\/"},{"@type":"ListItem","position":2,"name":"Vie \u00e0 l&#8217;\u00e9cole","item":"https:\/\/indbg.be\/secondaire\/vie-a-lecole\/"},{"@type":"ListItem","position":3,"name":"Restaurant"}]},{"@type":"WebSite","@id":"https:\/\/indbg.be\/secondaire\/#website","url":"https:\/\/indbg.be\/secondaire\/","name":"Institut Notre-Dame Beauraing","description":"Une porte sur l&#039;avenir","publisher":{"@id":"https:\/\/indbg.be\/secondaire\/#organization"},"potentialAction":[{"@type":"SearchAction","target":{"@type":"EntryPoint","urlTemplate":"https:\/\/indbg.be\/secondaire\/?s={search_term_string}"},"query-input":"required name=search_term_string"}],"inLanguage":"fr-FR"},{"@type":"Organization","@id":"https:\/\/indbg.be\/secondaire\/#organization","name":"Institut Notre-Dame Beauraing","url":"https:\/\/indbg.be\/secondaire\/","logo":{"@type":"ImageObject","inLanguage":"fr-FR","@id":"https:\/\/indbg.be\/secondaire\/#\/schema\/logo\/image\/","url":"https:\/\/indbg.be\/secondaire\/wp-content\/uploads\/2022\/09\/LOGO_150px.png","contentUrl":"https:\/\/indbg.be\/secondaire\/wp-content\/uploads\/2022\/09\/LOGO_150px.png","width":150,"height":91,"caption":"Institut Notre-Dame Beauraing"},"image":{"@id":"https:\/\/indbg.be\/secondaire\/#\/schema\/logo\/image\/"}}]}},"_links":{"self":[{"href":"https:\/\/indbg.be\/secondaire\/wp-json\/wp\/v2\/pages\/946","targetHints":{"allow":["GET"]}}],"collection":[{"href":"https:\/\/indbg.be\/secondaire\/wp-json\/wp\/v2\/pages"}],"about":[{"href":"https:\/\/indbg.be\/secondaire\/wp-json\/wp\/v2\/types\/page"}],"author":[{"embeddable":true,"href":"https:\/\/indbg.be\/secondaire\/wp-json\/wp\/v2\/users\/1"}],"replies":[{"embeddable":true,"href":"https:\/\/indbg.be\/secondaire\/wp-json\/wp\/v2\/comments?post=946"}],"version-history":[{"count":108,"href":"https:\/\/indbg.be\/secondaire\/wp-json\/wp\/v2\/pages\/946\/revisions"}],"predecessor-version":[{"id":3553,"href":"https:\/\/indbg.be\/secondaire\/wp-json\/wp\/v2\/pages\/946\/revisions\/3553"}],"up":[{"embeddable":true,"href":"https:\/\/indbg.be\/secondaire\/wp-json\/wp\/v2\/pages\/933"}],"wp:attachment":[{"href":"https:\/\/indbg.be\/secondaire\/wp-json\/wp\/v2\/media?parent=946"}],"curies":[{"name":"wp","href":"https:\/\/api.w.org\/{rel}","templated":true}]}}