{"id":960,"date":"2022-09-23T15:15:52","date_gmt":"2022-09-23T13:15:52","guid":{"rendered":"https:\/\/indbg.creativweb.be\/?page_id=960"},"modified":"2022-12-13T16:56:00","modified_gmt":"2022-12-13T15:56:00","slug":"orientation-accrochage","status":"publish","type":"page","link":"https:\/\/indbg.be\/secondaire\/specificites\/orientation-accrochage\/","title":{"rendered":"Orientation &#8211; Accrochage"},"content":{"rendered":"\t\t<div data-elementor-type=\"wp-page\" data-elementor-id=\"960\" class=\"elementor elementor-960\">\n\t\t\t\t\t\t<div class=\"elementor-inner\">\n\t\t\t\t<div class=\"elementor-section-wrap\">\n\t\t\t\t\t\t\t\t\t<section class=\"elementor-section elementor-top-section elementor-element elementor-element-d95e4e6 elementor-section-boxed elementor-section-height-default elementor-section-height-default\" data-id=\"d95e4e6\" data-element_type=\"section\">\n\t\t\t\t\t\t<div class=\"elementor-container elementor-column-gap-default\">\n\t\t\t\t\t\t\t<div class=\"elementor-row\">\n\t\t\t\t\t<div class=\"elementor-column elementor-col-100 elementor-top-column elementor-element elementor-element-3b67dae8\" data-id=\"3b67dae8\" data-element_type=\"column\">\n\t\t\t<div class=\"elementor-column-wrap elementor-element-populated\">\n\t\t\t\t\t\t\t<div class=\"elementor-widget-wrap\">\n\t\t\t\t\t\t<div class=\"elementor-element elementor-element-508de5d5 elementor-widget elementor-widget-text-editor\" data-id=\"508de5d5\" data-element_type=\"widget\" data-widget_type=\"text-editor.default\">\n\t\t\t\t<div class=\"elementor-widget-container\">\n\t\t\t\t\t\t\t\t<div class=\"elementor-text-editor elementor-clearfix\">\n\t\t\t\t<!-- wp:paragraph -->\n<p>L\u2019\u00e9cole est un lieu d\u2019apprentissage o\u00f9 chaque \u00e9l\u00e8ve doit pouvoir s\u2019\u00e9panouir pleinement. Pour ce faire, chaque \u00e9l\u00e8ve doit se sentir bien dans sa t\u00eate, dans son corps. Cela passe, notamment, par le fait de se sentir bien \u00e0 l\u2019\u00e9cole, dans son option, dans sa classe et m\u00eame sur la cour.<\/p>\n<!-- \/wp:paragraph --><!-- wp:paragraph -->\n<p>Notre \u00e9quipe \u00e9ducative a toujours veill\u00e9, en collaboration \u00e9troite avec les acteurs ext\u00e9rieurs,\u00a0<\/p>\n<!-- \/wp:paragraph --><!-- wp:list -->\n<ul><!-- wp:list-item -->\n<li>\u00e0 \u00e9couter attentivement chaque jeune ;\u00a0<\/li>\n<!-- \/wp:list-item --><!-- wp:list-item -->\n<li>\u00e0 cr\u00e9er plus conviviaux au cours desquels les \u00e9l\u00e8ves pouvaient tisser des liens avec les autres ;<\/li>\n<!-- \/wp:list-item --><!-- wp:list-item -->\n<li>\u00e0 organiser des moments plus formels au cours desquels chaque jeune a la possibilit\u00e9 de se poser des questions sur son avenir (proche ou lointain).<\/li>\n<!-- \/wp:list-item --><\/ul>\n<!-- \/wp:list --><!-- wp:paragraph -->\n<p>Ainsi, en lien avec les objectifs de notre plan de pilotage, un groupe d\u2019une vingtaine de professeurs se r\u00e9unit r\u00e9guli\u00e8rement afin d\u2019\u00e9laborer ces moments au b\u00e9n\u00e9fice de nos \u00e9l\u00e8ves.\u00a0<\/p>\n<!-- \/wp:paragraph --><!-- wp:paragraph -->\n<h3><strong>L&#8217;Orientation<\/strong><\/h3>\n<!-- \/wp:paragraph --><!-- wp:paragraph -->\n<p>En collaboration avec le centre PMS et les acteurs ext\u00e9rieurs, des activit\u00e9s d\u2019orientation sont men\u00e9es afin de permettre aux \u00e9l\u00e8ves de mener une r\u00e9flexion sur leur parcours scolaire en fonction de leurs aspirations.\u00a0<\/p>\n<!-- \/wp:paragraph --><!-- wp:paragraph -->\n<p>Parmis ces activit\u00e9s, nous pouvons citer :<\/p>\n<!-- \/wp:paragraph --><!-- wp:list -->\n<ul><!-- wp:list-item -->\n<li>La journ\u00e9e des options<\/li>\n<!-- \/wp:list-item --><!-- wp:list-item -->\n<li>Les activit\u00e9s anim\u00e9es par le PMS en classe<\/li>\n<!-- \/wp:list-item --><!-- wp:list-item -->\n<li>La visite des ateliers\u00a0<\/li>\n<!-- \/wp:list-item --><!-- wp:list-item -->\n<li>La journ\u00e9e portes ouvertes<\/li>\n<!-- \/wp:list-item --><!-- wp:list-item -->\n<li>La d\u00e9couverte des activit\u00e9s compl\u00e9mentaires<\/li>\n<!-- \/wp:list-item --><\/ul>\n<!-- \/wp:list --><!-- wp:image -->\n<figure class=\"wp-block-image\"><img alt=\"\" \/><\/figure>\n<!-- \/wp:image --><!-- wp:paragraph -->\n<h3><strong>L&#8217;Accrochage<\/strong><\/h3>\n<!-- \/wp:paragraph --><!-- wp:paragraph -->\n<p>Comme indiqu\u00e9 ci-dessus, pour r\u00e9aliser des apprentissages de qualit\u00e9, il est important que chaque jeune se sente bien.\u00a0<\/p>\n<!-- \/wp:paragraph --><!-- wp:paragraph -->\n<p>Afin d\u2019atteindre cet objectif, divers acteurs entrent en action :<\/p>\n<!-- \/wp:paragraph --><!-- wp:paragraph -->\n<p>L\u2019<strong>\u00e9quipe \u00e9ducative<\/strong> est (pro)active et disponible. Les \u00e9ducateurs m\u00e8nent un r\u00e9el travail proactif pour lutter contre le d\u00e9crochage scolaire. Derri\u00e8re chaque situation probl\u00e9matique se trouve un jeune. Dans ce sens, nos \u00e9ducateurs entrent en contact avec lui ainsi qu\u2019avec ses parents pour voir quelles solutions nous pouvons mettre en place pour leur redonner l\u2019envie de venir \u00e0 l\u2019\u00e9cole, d\u2019apprendre, de s\u2019\u00e9panouir.\u00a0<\/p>\n<!-- \/wp:paragraph --><!-- wp:paragraph -->\n<p>Afin de construire cette collaboration, nous invitons les parents \u00e0 prendre contact avec les \u00e9ducateurs d\u00e8s qu\u2019ils observent un probl\u00e8me de motivation vis-\u00e0-vis de l\u2019\u00e9cole. Nous prendrons le temps de r\u00e9fl\u00e9chir ensemble pour aider le jeune \u00e0 rebondir.<\/p>\n<!-- \/wp:paragraph --><!-- wp:paragraph -->\n<p>L\u2019<strong>\u00e9quipe p\u00e9dagogique<\/strong> met en place une s\u00e9rie d\u2019actions, d\u2019activit\u00e9s qui permettent \u00e0 chaque \u00e9l\u00e8ve de s\u2019exprimer, de se sentir bien \u00e0 l\u2019\u00e9cole.<\/p>\n<!-- \/wp:paragraph --><!-- wp:paragraph -->\n<p>Parmis ces activit\u00e9s, nous pouvons citer :<\/p>\n<!-- \/wp:paragraph --><!-- wp:list -->\n<ul><!-- wp:list-item -->\n<li>L\u2019\u00e9quipe des \u00e9ducateurs est disponible et \u00e0 l\u2019\u00e9coute au quotidien<\/li>\n<!-- \/wp:list-item --><!-- wp:list-item -->\n<li>La journ\u00e9e d\u2019accueil des premi\u00e8res (d\u00e9couverte de l\u2019\u00e9cole de fa\u00e7on ludique)\u00a0<\/li>\n<!-- \/wp:list-item --><!-- wp:list-item -->\n<li>La journ\u00e9e du d\u00e9guisement (carnaval)<\/li>\n<!-- \/wp:list-item --><!-- wp:list-item -->\n<li>L\u2019\u00e9change des mots positifs (premier degr\u00e9)<\/li>\n<!-- \/wp:list-item --><!-- wp:list-item -->\n<li>Diff\u00e9rentes journ\u00e9es de coh\u00e9sion de groupe, de classe<\/li>\n<!-- \/wp:list-item --><\/ul>\n<!-- \/wp:list -->\t\t\t\t\t<\/div>\n\t\t\t\t\t\t<\/div>\n\t\t\t\t<\/div>\n\t\t\t\t\t\t<\/div>\n\t\t\t\t\t<\/div>\n\t\t<\/div>\n\t\t\t\t\t\t\t\t<\/div>\n\t\t\t\t\t<\/div>\n\t\t<\/section>\n\t\t\t\t<section class=\"elementor-section elementor-top-section elementor-element elementor-element-1b89a37 elementor-section-boxed elementor-section-height-default elementor-section-height-default\" data-id=\"1b89a37\" data-element_type=\"section\">\n\t\t\t\t\t\t<div class=\"elementor-container elementor-column-gap-default\">\n\t\t\t\t\t\t\t<div class=\"elementor-row\">\n\t\t\t\t\t<div class=\"elementor-column elementor-col-100 elementor-top-column elementor-element elementor-element-782f997\" data-id=\"782f997\" data-element_type=\"column\">\n\t\t\t<div class=\"elementor-column-wrap elementor-element-populated\">\n\t\t\t\t\t\t\t<div class=\"elementor-widget-wrap\">\n\t\t\t\t\t\t<div class=\"elementor-element elementor-element-f0af28a elementor-arrows-position-inside elementor-pagination-position-outside elementor-widget elementor-widget-image-carousel\" data-id=\"f0af28a\" data-element_type=\"widget\" data-settings=\"{&quot;slides_to_show&quot;:&quot;2&quot;,&quot;navigation&quot;:&quot;both&quot;,&quot;autoplay&quot;:&quot;yes&quot;,&quot;pause_on_hover&quot;:&quot;yes&quot;,&quot;pause_on_interaction&quot;:&quot;yes&quot;,&quot;autoplay_speed&quot;:5000,&quot;infinite&quot;:&quot;yes&quot;,&quot;speed&quot;:500}\" data-widget_type=\"image-carousel.default\">\n\t\t\t\t<div class=\"elementor-widget-container\">\n\t\t\t\t\t<div class=\"elementor-image-carousel-wrapper swiper-container\" dir=\"ltr\">\n\t\t\t<div class=\"elementor-image-carousel swiper-wrapper\">\n\t\t\t\t\t\t\t\t<div class=\"swiper-slide\"><figure class=\"swiper-slide-inner\"><img decoding=\"async\" class=\"swiper-slide-image\" src=\"https:\/\/indbg.be\/secondaire\/wp-content\/uploads\/2022\/11\/61337655_1067953646925857_5421071200904282112_n-420x420.jpg\" alt=\"Journ\u00e9e sportive\" \/><figcaption class=\"elementor-image-carousel-caption\">Journ\u00e9e sportive<\/figcaption><\/figure><\/div><div class=\"swiper-slide\"><figure class=\"swiper-slide-inner\"><img decoding=\"async\" class=\"swiper-slide-image\" src=\"https:\/\/indbg.be\/secondaire\/wp-content\/uploads\/2022\/11\/314428549_570339444895677_3767539719765941973_n-420x420.jpg\" alt=\"314428549_570339444895677_3767539719765941973_n\" \/><\/figure><\/div><div class=\"swiper-slide\"><figure class=\"swiper-slide-inner\"><img decoding=\"async\" class=\"swiper-slide-image\" src=\"https:\/\/indbg.be\/secondaire\/wp-content\/uploads\/2022\/11\/279577952_1937274469993766_6971627113795037327_n-420x420.jpg\" alt=\"Journ\u00e9e sportive\" \/><figcaption class=\"elementor-image-carousel-caption\">Journ\u00e9e sportive<\/figcaption><\/figure><\/div><div class=\"swiper-slide\"><figure class=\"swiper-slide-inner\"><img decoding=\"async\" class=\"swiper-slide-image\" src=\"https:\/\/indbg.be\/secondaire\/wp-content\/uploads\/2022\/11\/275979617_1905100359877844_3444666813559102847_n-420x420.jpg\" alt=\"Orientation\" \/><figcaption class=\"elementor-image-carousel-caption\">Orientation<\/figcaption><\/figure><\/div><div class=\"swiper-slide\"><figure class=\"swiper-slide-inner\"><img decoding=\"async\" class=\"swiper-slide-image\" src=\"https:\/\/indbg.be\/secondaire\/wp-content\/uploads\/2022\/11\/DSCN0895-scaled-420x420.jpg\" alt=\"Notre journ\u00e9e sportive\" \/><figcaption class=\"elementor-image-carousel-caption\">Notre journ\u00e9e sportive<\/figcaption><\/figure><\/div><div class=\"swiper-slide\"><figure class=\"swiper-slide-inner\"><img decoding=\"async\" class=\"swiper-slide-image\" src=\"https:\/\/indbg.be\/secondaire\/wp-content\/uploads\/2022\/11\/DSCN0982-scaled-420x420.jpg\" alt=\"Journ\u00e9e sportive\" \/><figcaption class=\"elementor-image-carousel-caption\">Journ\u00e9e sportive<\/figcaption><\/figure><\/div>\t\t\t<\/div>\n\t\t\t\t\t\t\t\t\t\t\t\t<div class=\"swiper-pagination\"><\/div>\n\t\t\t\t\t\t\t\t\t\t\t\t\t<div class=\"elementor-swiper-button elementor-swiper-button-prev\">\n\t\t\t\t\t\t<i aria-hidden=\"true\" class=\"eicon-chevron-left\"><\/i>\t\t\t\t\t\t<span class=\"elementor-screen-only\">Pr\u00e9c\u00e9dent<\/span>\n\t\t\t\t\t<\/div>\n\t\t\t\t\t<div class=\"elementor-swiper-button elementor-swiper-button-next\">\n\t\t\t\t\t\t<i aria-hidden=\"true\" class=\"eicon-chevron-right\"><\/i>\t\t\t\t\t\t<span class=\"elementor-screen-only\">Suivant<\/span>\n\t\t\t\t\t<\/div>\n\t\t\t\t\t\t\t\t\t<\/div>\n\t\t\t\t<\/div>\n\t\t\t\t<\/div>\n\t\t\t\t\t\t<\/div>\n\t\t\t\t\t<\/div>\n\t\t<\/div>\n\t\t\t\t\t\t\t\t<\/div>\n\t\t\t\t\t<\/div>\n\t\t<\/section>\n\t\t\t\t\t\t\t\t\t<\/div>\n\t\t\t<\/div>\n\t\t\t\t\t<\/div>\n\t\t","protected":false},"excerpt":{"rendered":"<p>L\u2019\u00e9cole est un lieu d\u2019apprentissage o\u00f9 chaque \u00e9l\u00e8ve doit pouvoir s\u2019\u00e9panouir pleinement. Pour ce faire, chaque \u00e9l\u00e8ve doit se sentir bien dans sa t\u00eate, dans&nbsp;<a href=\"https:\/\/indbg.be\/secondaire\/specificites\/orientation-accrochage\/\">&hellip;<\/a><\/p>\n","protected":false},"author":1,"featured_media":0,"parent":958,"menu_order":0,"comment_status":"closed","ping_status":"closed","template":"template-sidebar-right-childpages.php","meta":{"footnotes":""},"class_list":["post-960","page","type-page","status-publish","hentry","odd"],"yoast_head":"<!-- This site is optimized with the Yoast SEO plugin v19.10 - https:\/\/yoast.com\/wordpress\/plugins\/seo\/ -->\n<title>Orientation - Accrochage - Institut Notre-Dame Beauraing<\/title>\n<meta name=\"robots\" content=\"noindex, follow, max-snippet:-1, max-image-preview:large, max-video-preview:-1\" \/>\n<meta property=\"og:locale\" content=\"fr_FR\" \/>\n<meta property=\"og:type\" content=\"article\" \/>\n<meta property=\"og:title\" content=\"Orientation - Accrochage - Institut Notre-Dame Beauraing\" \/>\n<meta property=\"og:description\" content=\"L\u2019\u00e9cole est un lieu d\u2019apprentissage o\u00f9 chaque \u00e9l\u00e8ve doit pouvoir s\u2019\u00e9panouir pleinement. Pour ce faire, chaque \u00e9l\u00e8ve doit se sentir bien dans sa t\u00eate, dans&nbsp;&hellip;\" \/>\n<meta property=\"og:url\" content=\"https:\/\/indbg.be\/secondaire\/specificites\/orientation-accrochage\/\" \/>\n<meta property=\"og:site_name\" content=\"Institut Notre-Dame Beauraing\" \/>\n<meta property=\"article:modified_time\" content=\"2022-12-13T15:56:00+00:00\" \/>\n<meta property=\"og:image\" content=\"https:\/\/indbg.creativweb.be\/secondaire\/wp-content\/uploads\/2022\/11\/61337655_1067953646925857_5421071200904282112_n-420x420.jpg\" \/>\n<meta name=\"twitter:card\" content=\"summary_large_image\" \/>\n<meta name=\"twitter:label1\" content=\"Dur\u00e9e de lecture estim\u00e9e\" \/>\n\t<meta name=\"twitter:data1\" content=\"4 minutes\" \/>\n<script type=\"application\/ld+json\" class=\"yoast-schema-graph\">{\"@context\":\"https:\/\/schema.org\",\"@graph\":[{\"@type\":\"WebPage\",\"@id\":\"https:\/\/indbg.be\/secondaire\/specificites\/orientation-accrochage\/\",\"url\":\"https:\/\/indbg.be\/secondaire\/specificites\/orientation-accrochage\/\",\"name\":\"Orientation - Accrochage - Institut Notre-Dame Beauraing\",\"isPartOf\":{\"@id\":\"https:\/\/indbg.be\/secondaire\/#website\"},\"datePublished\":\"2022-09-23T13:15:52+00:00\",\"dateModified\":\"2022-12-13T15:56:00+00:00\",\"breadcrumb\":{\"@id\":\"https:\/\/indbg.be\/secondaire\/specificites\/orientation-accrochage\/#breadcrumb\"},\"inLanguage\":\"fr-FR\",\"potentialAction\":[{\"@type\":\"ReadAction\",\"target\":[\"https:\/\/indbg.be\/secondaire\/specificites\/orientation-accrochage\/\"]}]},{\"@type\":\"BreadcrumbList\",\"@id\":\"https:\/\/indbg.be\/secondaire\/specificites\/orientation-accrochage\/#breadcrumb\",\"itemListElement\":[{\"@type\":\"ListItem\",\"position\":1,\"name\":\"Accueil\",\"item\":\"https:\/\/indbg.be\/secondaire\/\"},{\"@type\":\"ListItem\",\"position\":2,\"name\":\"Sp\u00e9cificit\u00e9s\",\"item\":\"https:\/\/indbg.be\/secondaire\/specificites\/\"},{\"@type\":\"ListItem\",\"position\":3,\"name\":\"Orientation &#8211; Accrochage\"}]},{\"@type\":\"WebSite\",\"@id\":\"https:\/\/indbg.be\/secondaire\/#website\",\"url\":\"https:\/\/indbg.be\/secondaire\/\",\"name\":\"Institut Notre-Dame Beauraing\",\"description\":\"Une porte sur l&#039;avenir\",\"publisher\":{\"@id\":\"https:\/\/indbg.be\/secondaire\/#organization\"},\"potentialAction\":[{\"@type\":\"SearchAction\",\"target\":{\"@type\":\"EntryPoint\",\"urlTemplate\":\"https:\/\/indbg.be\/secondaire\/?s={search_term_string}\"},\"query-input\":\"required name=search_term_string\"}],\"inLanguage\":\"fr-FR\"},{\"@type\":\"Organization\",\"@id\":\"https:\/\/indbg.be\/secondaire\/#organization\",\"name\":\"Institut Notre-Dame Beauraing\",\"url\":\"https:\/\/indbg.be\/secondaire\/\",\"logo\":{\"@type\":\"ImageObject\",\"inLanguage\":\"fr-FR\",\"@id\":\"https:\/\/indbg.be\/secondaire\/#\/schema\/logo\/image\/\",\"url\":\"https:\/\/indbg.be\/secondaire\/wp-content\/uploads\/2022\/09\/LOGO_150px.png\",\"contentUrl\":\"https:\/\/indbg.be\/secondaire\/wp-content\/uploads\/2022\/09\/LOGO_150px.png\",\"width\":150,\"height\":91,\"caption\":\"Institut Notre-Dame Beauraing\"},\"image\":{\"@id\":\"https:\/\/indbg.be\/secondaire\/#\/schema\/logo\/image\/\"}}]}<\/script>\n<!-- \/ Yoast SEO plugin. -->","yoast_head_json":{"title":"Orientation - Accrochage - Institut Notre-Dame Beauraing","robots":{"index":"noindex","follow":"follow","max-snippet":"max-snippet:-1","max-image-preview":"max-image-preview:large","max-video-preview":"max-video-preview:-1"},"og_locale":"fr_FR","og_type":"article","og_title":"Orientation - Accrochage - Institut Notre-Dame Beauraing","og_description":"L\u2019\u00e9cole est un lieu d\u2019apprentissage o\u00f9 chaque \u00e9l\u00e8ve doit pouvoir s\u2019\u00e9panouir pleinement. Pour ce faire, chaque \u00e9l\u00e8ve doit se sentir bien dans sa t\u00eate, dans&nbsp;&hellip;","og_url":"https:\/\/indbg.be\/secondaire\/specificites\/orientation-accrochage\/","og_site_name":"Institut Notre-Dame Beauraing","article_modified_time":"2022-12-13T15:56:00+00:00","og_image":[{"url":"https:\/\/indbg.creativweb.be\/secondaire\/wp-content\/uploads\/2022\/11\/61337655_1067953646925857_5421071200904282112_n-420x420.jpg"}],"twitter_card":"summary_large_image","twitter_misc":{"Dur\u00e9e de lecture estim\u00e9e":"4 minutes"},"schema":{"@context":"https:\/\/schema.org","@graph":[{"@type":"WebPage","@id":"https:\/\/indbg.be\/secondaire\/specificites\/orientation-accrochage\/","url":"https:\/\/indbg.be\/secondaire\/specificites\/orientation-accrochage\/","name":"Orientation - Accrochage - Institut Notre-Dame Beauraing","isPartOf":{"@id":"https:\/\/indbg.be\/secondaire\/#website"},"datePublished":"2022-09-23T13:15:52+00:00","dateModified":"2022-12-13T15:56:00+00:00","breadcrumb":{"@id":"https:\/\/indbg.be\/secondaire\/specificites\/orientation-accrochage\/#breadcrumb"},"inLanguage":"fr-FR","potentialAction":[{"@type":"ReadAction","target":["https:\/\/indbg.be\/secondaire\/specificites\/orientation-accrochage\/"]}]},{"@type":"BreadcrumbList","@id":"https:\/\/indbg.be\/secondaire\/specificites\/orientation-accrochage\/#breadcrumb","itemListElement":[{"@type":"ListItem","position":1,"name":"Accueil","item":"https:\/\/indbg.be\/secondaire\/"},{"@type":"ListItem","position":2,"name":"Sp\u00e9cificit\u00e9s","item":"https:\/\/indbg.be\/secondaire\/specificites\/"},{"@type":"ListItem","position":3,"name":"Orientation &#8211; Accrochage"}]},{"@type":"WebSite","@id":"https:\/\/indbg.be\/secondaire\/#website","url":"https:\/\/indbg.be\/secondaire\/","name":"Institut Notre-Dame Beauraing","description":"Une porte sur l&#039;avenir","publisher":{"@id":"https:\/\/indbg.be\/secondaire\/#organization"},"potentialAction":[{"@type":"SearchAction","target":{"@type":"EntryPoint","urlTemplate":"https:\/\/indbg.be\/secondaire\/?s={search_term_string}"},"query-input":"required name=search_term_string"}],"inLanguage":"fr-FR"},{"@type":"Organization","@id":"https:\/\/indbg.be\/secondaire\/#organization","name":"Institut Notre-Dame Beauraing","url":"https:\/\/indbg.be\/secondaire\/","logo":{"@type":"ImageObject","inLanguage":"fr-FR","@id":"https:\/\/indbg.be\/secondaire\/#\/schema\/logo\/image\/","url":"https:\/\/indbg.be\/secondaire\/wp-content\/uploads\/2022\/09\/LOGO_150px.png","contentUrl":"https:\/\/indbg.be\/secondaire\/wp-content\/uploads\/2022\/09\/LOGO_150px.png","width":150,"height":91,"caption":"Institut Notre-Dame Beauraing"},"image":{"@id":"https:\/\/indbg.be\/secondaire\/#\/schema\/logo\/image\/"}}]}},"_links":{"self":[{"href":"https:\/\/indbg.be\/secondaire\/wp-json\/wp\/v2\/pages\/960","targetHints":{"allow":["GET"]}}],"collection":[{"href":"https:\/\/indbg.be\/secondaire\/wp-json\/wp\/v2\/pages"}],"about":[{"href":"https:\/\/indbg.be\/secondaire\/wp-json\/wp\/v2\/types\/page"}],"author":[{"embeddable":true,"href":"https:\/\/indbg.be\/secondaire\/wp-json\/wp\/v2\/users\/1"}],"replies":[{"embeddable":true,"href":"https:\/\/indbg.be\/secondaire\/wp-json\/wp\/v2\/comments?post=960"}],"version-history":[{"count":17,"href":"https:\/\/indbg.be\/secondaire\/wp-json\/wp\/v2\/pages\/960\/revisions"}],"predecessor-version":[{"id":2652,"href":"https:\/\/indbg.be\/secondaire\/wp-json\/wp\/v2\/pages\/960\/revisions\/2652"}],"up":[{"embeddable":true,"href":"https:\/\/indbg.be\/secondaire\/wp-json\/wp\/v2\/pages\/958"}],"wp:attachment":[{"href":"https:\/\/indbg.be\/secondaire\/wp-json\/wp\/v2\/media?parent=960"}],"curies":[{"name":"wp","href":"https:\/\/api.w.org\/{rel}","templated":true}]}}