{"id":970,"date":"2022-09-23T15:22:27","date_gmt":"2022-09-23T13:22:27","guid":{"rendered":"https:\/\/indbg.creativweb.be\/?page_id=970"},"modified":"2022-11-23T14:31:11","modified_gmt":"2022-11-23T13:31:11","slug":"stages","status":"publish","type":"page","link":"https:\/\/indbg.be\/secondaire\/specificites\/stages\/","title":{"rendered":"Stages"},"content":{"rendered":"\t\t<div data-elementor-type=\"wp-page\" data-elementor-id=\"970\" class=\"elementor elementor-970\">\n\t\t\t\t\t\t<div class=\"elementor-inner\">\n\t\t\t\t<div class=\"elementor-section-wrap\">\n\t\t\t\t\t\t\t\t\t<section class=\"elementor-section elementor-top-section elementor-element elementor-element-47d6e4a5 elementor-section-boxed elementor-section-height-default elementor-section-height-default\" data-id=\"47d6e4a5\" data-element_type=\"section\">\n\t\t\t\t\t\t<div class=\"elementor-container elementor-column-gap-default\">\n\t\t\t\t\t\t\t<div class=\"elementor-row\">\n\t\t\t\t\t<div class=\"elementor-column elementor-col-100 elementor-top-column elementor-element elementor-element-2f79d268\" data-id=\"2f79d268\" data-element_type=\"column\">\n\t\t\t<div class=\"elementor-column-wrap elementor-element-populated\">\n\t\t\t\t\t\t\t<div class=\"elementor-widget-wrap\">\n\t\t\t\t\t\t<div class=\"elementor-element elementor-element-92eb5cb elementor-widget elementor-widget-text-editor\" data-id=\"92eb5cb\" data-element_type=\"widget\" data-widget_type=\"text-editor.default\">\n\t\t\t\t<div class=\"elementor-widget-container\">\n\t\t\t\t\t\t\t\t<div class=\"elementor-text-editor elementor-clearfix\">\n\t\t\t\t<!-- wp:paragraph -->\n<p>Les stages sont des p\u00e9riodes d&#8217;immersion en milieu professionnel, individuelle ou en tr\u00e8s petits groupes de moins de 6 \u00e9l\u00e8ves, organis\u00e9es principalement aux 2\u00e8 et 3\u00e8 degr\u00e9s de l&#8217;enseignement secondaire ordinaire de plein exercice et qui implique une activit\u00e9 des stagiaires.<\/p>\n<!-- \/wp:paragraph --><!-- wp:paragraph -->\n<p>Il existe trois types de stages :<\/p>\n<!-- \/wp:paragraph --><!-- wp:paragraph -->\n<p>Stage de type 1 &#8211; stage de d\u00e9couverte et d\u2019initiation ;<\/p>\n<!-- \/wp:paragraph --><!-- wp:paragraph -->\n<p>Stage de type 2 &#8211; stage de pratique accompagn\u00e9e ;<\/p>\n<!-- \/wp:paragraph --><!-- wp:paragraph -->\n<p>Stage de type 3 &#8211; stage de pratique en responsabilit\u00e9.<\/p>\n<!-- \/wp:paragraph --><!-- wp:paragraph -->\n<p>Au sein de notre \u00e9tablissement, nous organisons des stages de tous les types en fonction de l\u2019ann\u00e9e et de l\u2019option :<\/p>\n<!-- \/wp:paragraph --><!-- wp:paragraph -->\n<h4><strong>En 4\u00e8me ann\u00e9e professionnelle\u00a0<\/strong><\/h4>\n<!-- \/wp:paragraph --><!-- wp:paragraph -->\n<p>Une semaine de stage de d\u00e9couverte (type 1) est organis\u00e9e afin de permettre aux \u00e9l\u00e8ves des options menuiserie et ma\u00e7onnerie de d\u00e9couvrir les r\u00e9alit\u00e9s des m\u00e9tiers. Ce stage joue donc le r\u00f4le de dispositif d\u2019orientation en d\u00e9but de parcours professionnel.<\/p>\n<!-- \/wp:paragraph --><!-- wp:paragraph -->\n<p>Options concern\u00e9es<\/p>\n<!-- \/wp:paragraph --><!-- wp:list -->\n<ul>\n<li>Menuisier\/i\u00e8re d\u2019int\u00e9rieur et d\u2019ext\u00e9rieur\u00a0<\/li>\n<li>Ma\u00e7on\/ne<\/li>\n<\/ul>\n<!-- \/wp:list --><!-- wp:paragraph -->\n<h4><strong>En 5\u00e8me et 6\u00e8me ann\u00e9es professionnelles<\/strong><\/h4>\n<!-- \/wp:paragraph --><!-- wp:paragraph -->\n<p>Quatre semaines de stage de pratique accompagn\u00e9e sont organis\u00e9es. Ainsi, les \u00e9l\u00e8ves prennent une part active \u00e0 la r\u00e9alisation des chantiers, des ouvrages. Ils y appliquent leurs connaissances th\u00e9oriques. Dans le m\u00eame temps, ils apprennent le travail en \u00e9quipe ainsi que la notion de rigueur, de travail r\u00e9gulier.<\/p>\n<!-- \/wp:paragraph --><!-- wp:paragraph -->\n<p>C\u2019est aussi l\u2019occasion pour eux de tisser des liens avec les entreprises dans lesquelles ils se rendent.\u00a0<\/p>\n<!-- \/wp:paragraph --><!-- wp:paragraph -->\n<p>Options concern\u00e9es<\/p>\n<!-- \/wp:paragraph --><!-- wp:list -->\n<ul>\n<li>Menuisier\/i\u00e8re d\u2019int\u00e9rieur et d\u2019ext\u00e9rieur\u00a0<\/li>\n<li>Ma\u00e7on\/ne<\/li>\n<li>Vendeur\/euse<\/li>\n<\/ul>\n<!-- \/wp:list --><!-- wp:paragraph -->\n<p>Personne de r\u00e9f\u00e9rence au sein de l\u2019\u00e9cole : Mr Simon Jean-Marc, chef d\u2019atelier<\/p>\n<!-- \/wp:paragraph -->\t\t\t\t\t<\/div>\n\t\t\t\t\t\t<\/div>\n\t\t\t\t<\/div>\n\t\t\t\t\t\t<\/div>\n\t\t\t\t\t<\/div>\n\t\t<\/div>\n\t\t\t\t\t\t\t\t<\/div>\n\t\t\t\t\t<\/div>\n\t\t<\/section>\n\t\t\t\t\t\t\t\t\t<\/div>\n\t\t\t<\/div>\n\t\t\t\t\t<\/div>\n\t\t","protected":false},"excerpt":{"rendered":"<p>Les stages sont des p\u00e9riodes d&#8217;immersion en milieu professionnel, individuelle ou en tr\u00e8s petits groupes de moins de 6 \u00e9l\u00e8ves, organis\u00e9es principalement aux 2\u00e8 et&nbsp;<a href=\"https:\/\/indbg.be\/secondaire\/specificites\/stages\/\">&hellip;<\/a><\/p>\n","protected":false},"author":1,"featured_media":0,"parent":958,"menu_order":4,"comment_status":"closed","ping_status":"closed","template":"template-sidebar-right-childpages.php","meta":{"footnotes":""},"class_list":["post-970","page","type-page","status-publish","hentry","odd"],"yoast_head":"<!-- This site is optimized with the Yoast SEO plugin v19.10 - https:\/\/yoast.com\/wordpress\/plugins\/seo\/ -->\n<title>Stages - Institut Notre-Dame Beauraing<\/title>\n<meta name=\"robots\" content=\"noindex, follow, max-snippet:-1, max-image-preview:large, max-video-preview:-1\" \/>\n<meta property=\"og:locale\" content=\"fr_FR\" \/>\n<meta property=\"og:type\" content=\"article\" \/>\n<meta property=\"og:title\" content=\"Stages - Institut Notre-Dame Beauraing\" \/>\n<meta property=\"og:description\" content=\"Les stages sont des p\u00e9riodes d&#8217;immersion en milieu professionnel, individuelle ou en tr\u00e8s petits groupes de moins de 6 \u00e9l\u00e8ves, organis\u00e9es principalement aux 2\u00e8 et&nbsp;&hellip;\" \/>\n<meta property=\"og:url\" content=\"https:\/\/indbg.be\/secondaire\/specificites\/stages\/\" \/>\n<meta property=\"og:site_name\" content=\"Institut Notre-Dame Beauraing\" \/>\n<meta property=\"article:modified_time\" content=\"2022-11-23T13:31:11+00:00\" \/>\n<meta name=\"twitter:card\" content=\"summary_large_image\" \/>\n<meta name=\"twitter:label1\" content=\"Dur\u00e9e de lecture estim\u00e9e\" \/>\n\t<meta name=\"twitter:data1\" content=\"2 minutes\" \/>\n<script type=\"application\/ld+json\" class=\"yoast-schema-graph\">{\"@context\":\"https:\/\/schema.org\",\"@graph\":[{\"@type\":\"WebPage\",\"@id\":\"https:\/\/indbg.be\/secondaire\/specificites\/stages\/\",\"url\":\"https:\/\/indbg.be\/secondaire\/specificites\/stages\/\",\"name\":\"Stages - Institut Notre-Dame Beauraing\",\"isPartOf\":{\"@id\":\"https:\/\/indbg.be\/secondaire\/#website\"},\"datePublished\":\"2022-09-23T13:22:27+00:00\",\"dateModified\":\"2022-11-23T13:31:11+00:00\",\"breadcrumb\":{\"@id\":\"https:\/\/indbg.be\/secondaire\/specificites\/stages\/#breadcrumb\"},\"inLanguage\":\"fr-FR\",\"potentialAction\":[{\"@type\":\"ReadAction\",\"target\":[\"https:\/\/indbg.be\/secondaire\/specificites\/stages\/\"]}]},{\"@type\":\"BreadcrumbList\",\"@id\":\"https:\/\/indbg.be\/secondaire\/specificites\/stages\/#breadcrumb\",\"itemListElement\":[{\"@type\":\"ListItem\",\"position\":1,\"name\":\"Accueil\",\"item\":\"https:\/\/indbg.be\/secondaire\/\"},{\"@type\":\"ListItem\",\"position\":2,\"name\":\"Sp\u00e9cificit\u00e9s\",\"item\":\"https:\/\/indbg.be\/secondaire\/specificites\/\"},{\"@type\":\"ListItem\",\"position\":3,\"name\":\"Stages\"}]},{\"@type\":\"WebSite\",\"@id\":\"https:\/\/indbg.be\/secondaire\/#website\",\"url\":\"https:\/\/indbg.be\/secondaire\/\",\"name\":\"Institut Notre-Dame Beauraing\",\"description\":\"Une porte sur l&#039;avenir\",\"publisher\":{\"@id\":\"https:\/\/indbg.be\/secondaire\/#organization\"},\"potentialAction\":[{\"@type\":\"SearchAction\",\"target\":{\"@type\":\"EntryPoint\",\"urlTemplate\":\"https:\/\/indbg.be\/secondaire\/?s={search_term_string}\"},\"query-input\":\"required name=search_term_string\"}],\"inLanguage\":\"fr-FR\"},{\"@type\":\"Organization\",\"@id\":\"https:\/\/indbg.be\/secondaire\/#organization\",\"name\":\"Institut Notre-Dame Beauraing\",\"url\":\"https:\/\/indbg.be\/secondaire\/\",\"logo\":{\"@type\":\"ImageObject\",\"inLanguage\":\"fr-FR\",\"@id\":\"https:\/\/indbg.be\/secondaire\/#\/schema\/logo\/image\/\",\"url\":\"https:\/\/indbg.be\/secondaire\/wp-content\/uploads\/2022\/09\/LOGO_150px.png\",\"contentUrl\":\"https:\/\/indbg.be\/secondaire\/wp-content\/uploads\/2022\/09\/LOGO_150px.png\",\"width\":150,\"height\":91,\"caption\":\"Institut Notre-Dame Beauraing\"},\"image\":{\"@id\":\"https:\/\/indbg.be\/secondaire\/#\/schema\/logo\/image\/\"}}]}<\/script>\n<!-- \/ Yoast SEO plugin. -->","yoast_head_json":{"title":"Stages - Institut Notre-Dame Beauraing","robots":{"index":"noindex","follow":"follow","max-snippet":"max-snippet:-1","max-image-preview":"max-image-preview:large","max-video-preview":"max-video-preview:-1"},"og_locale":"fr_FR","og_type":"article","og_title":"Stages - Institut Notre-Dame Beauraing","og_description":"Les stages sont des p\u00e9riodes d&#8217;immersion en milieu professionnel, individuelle ou en tr\u00e8s petits groupes de moins de 6 \u00e9l\u00e8ves, organis\u00e9es principalement aux 2\u00e8 et&nbsp;&hellip;","og_url":"https:\/\/indbg.be\/secondaire\/specificites\/stages\/","og_site_name":"Institut Notre-Dame Beauraing","article_modified_time":"2022-11-23T13:31:11+00:00","twitter_card":"summary_large_image","twitter_misc":{"Dur\u00e9e de lecture estim\u00e9e":"2 minutes"},"schema":{"@context":"https:\/\/schema.org","@graph":[{"@type":"WebPage","@id":"https:\/\/indbg.be\/secondaire\/specificites\/stages\/","url":"https:\/\/indbg.be\/secondaire\/specificites\/stages\/","name":"Stages - Institut Notre-Dame Beauraing","isPartOf":{"@id":"https:\/\/indbg.be\/secondaire\/#website"},"datePublished":"2022-09-23T13:22:27+00:00","dateModified":"2022-11-23T13:31:11+00:00","breadcrumb":{"@id":"https:\/\/indbg.be\/secondaire\/specificites\/stages\/#breadcrumb"},"inLanguage":"fr-FR","potentialAction":[{"@type":"ReadAction","target":["https:\/\/indbg.be\/secondaire\/specificites\/stages\/"]}]},{"@type":"BreadcrumbList","@id":"https:\/\/indbg.be\/secondaire\/specificites\/stages\/#breadcrumb","itemListElement":[{"@type":"ListItem","position":1,"name":"Accueil","item":"https:\/\/indbg.be\/secondaire\/"},{"@type":"ListItem","position":2,"name":"Sp\u00e9cificit\u00e9s","item":"https:\/\/indbg.be\/secondaire\/specificites\/"},{"@type":"ListItem","position":3,"name":"Stages"}]},{"@type":"WebSite","@id":"https:\/\/indbg.be\/secondaire\/#website","url":"https:\/\/indbg.be\/secondaire\/","name":"Institut Notre-Dame Beauraing","description":"Une porte sur l&#039;avenir","publisher":{"@id":"https:\/\/indbg.be\/secondaire\/#organization"},"potentialAction":[{"@type":"SearchAction","target":{"@type":"EntryPoint","urlTemplate":"https:\/\/indbg.be\/secondaire\/?s={search_term_string}"},"query-input":"required name=search_term_string"}],"inLanguage":"fr-FR"},{"@type":"Organization","@id":"https:\/\/indbg.be\/secondaire\/#organization","name":"Institut Notre-Dame Beauraing","url":"https:\/\/indbg.be\/secondaire\/","logo":{"@type":"ImageObject","inLanguage":"fr-FR","@id":"https:\/\/indbg.be\/secondaire\/#\/schema\/logo\/image\/","url":"https:\/\/indbg.be\/secondaire\/wp-content\/uploads\/2022\/09\/LOGO_150px.png","contentUrl":"https:\/\/indbg.be\/secondaire\/wp-content\/uploads\/2022\/09\/LOGO_150px.png","width":150,"height":91,"caption":"Institut Notre-Dame Beauraing"},"image":{"@id":"https:\/\/indbg.be\/secondaire\/#\/schema\/logo\/image\/"}}]}},"_links":{"self":[{"href":"https:\/\/indbg.be\/secondaire\/wp-json\/wp\/v2\/pages\/970","targetHints":{"allow":["GET"]}}],"collection":[{"href":"https:\/\/indbg.be\/secondaire\/wp-json\/wp\/v2\/pages"}],"about":[{"href":"https:\/\/indbg.be\/secondaire\/wp-json\/wp\/v2\/types\/page"}],"author":[{"embeddable":true,"href":"https:\/\/indbg.be\/secondaire\/wp-json\/wp\/v2\/users\/1"}],"replies":[{"embeddable":true,"href":"https:\/\/indbg.be\/secondaire\/wp-json\/wp\/v2\/comments?post=970"}],"version-history":[{"count":6,"href":"https:\/\/indbg.be\/secondaire\/wp-json\/wp\/v2\/pages\/970\/revisions"}],"predecessor-version":[{"id":2274,"href":"https:\/\/indbg.be\/secondaire\/wp-json\/wp\/v2\/pages\/970\/revisions\/2274"}],"up":[{"embeddable":true,"href":"https:\/\/indbg.be\/secondaire\/wp-json\/wp\/v2\/pages\/958"}],"wp:attachment":[{"href":"https:\/\/indbg.be\/secondaire\/wp-json\/wp\/v2\/media?parent=970"}],"curies":[{"name":"wp","href":"https:\/\/api.w.org\/{rel}","templated":true}]}}